{"id":18783,"date":"2024-12-11T22:34:35","date_gmt":"2024-12-11T21:34:35","guid":{"rendered":"https:\/\/getlux.sk\/produkt\/vltn-nylonovy-batoh\/"},"modified":"2024-12-11T22:34:35","modified_gmt":"2024-12-11T21:34:35","slug":"vltn-nylonovy-batoh","status":"publish","type":"product","link":"https:\/\/getlux.sk\/hr\/produkt\/vltn-nylonovy-batoh\/","title":{"rendered":"VLTN NYLONOV\u00dd BATOH"},"content":{"rendered":"<p>Nylonov\u00fd batoh VLTN Valentino Garavani<br \/>\n&#8211; Odn\u00edmate\u013en\u00fd a nastavite\u013en\u00fd ramenn\u00fd popruh z ko\u017ee Nappa s potla\u010dou VLTN<br \/>\n&#8211; Kovanie s povrchovou \u00fapravou pal\u00e1dium<br \/>\n&#8211; Zap\u00ednanie na zips<br \/>\n&#8211; Dve predn\u00e9 vreck\u00e1 na zips<br \/>\n&#8211; Vn\u00fatri: otvoren\u00e9 vrecko<br \/>\n&#8211; Logo Valentino Garavani<br \/>\n&#8211; Rozmery: \u016018xV32xH7 cm<br \/>\n&#8211; Hmotnos\u0165: 0,62 kg<br \/>\n&#8211; Vyroben\u00e9 v Taliansku<\/p>\n","protected":false},"excerpt":{"rendered":"<p>Nylonov\u00fd batoh VLTN Valentino Garavani &#8211; Odn\u00edmate\u013en\u00fd a nastavite\u013en\u00fd ramenn\u00fd popruh z ko\u017ee Nappa s potla\u010dou VLTN &#8211; Kovanie s<\/p>\n","protected":false},"featured_media":18785,"template":"","meta":[],"product_brand":[],"product_cat":[746,724,744,1107,888,889],"product_tag":[],"class_list":{"0":"post-18783","1":"product","2":"type-product","3":"status-publish","4":"has-post-thumbnail","6":"product_cat-muskarci","7":"product_cat-pribor","8":"product_cat-muskarci-pribor","9":"product_cat-zene-ruksaci","10":"product_cat-muskarci-ruksaci","11":"product_cat-muskarci-torbe","13":"first","14":"instock","15":"sale","16":"taxable","17":"shipping-taxable","18":"purchasable","19":"product-type-simple"},"_links":{"self":[{"href":"https:\/\/getlux.sk\/hr\/wp-json\/wp\/v2\/product\/18783","targetHints":{"allow":["GET"]}}],"collection":[{"href":"https:\/\/getlux.sk\/hr\/wp-json\/wp\/v2\/product"}],"about":[{"href":"https:\/\/getlux.sk\/hr\/wp-json\/wp\/v2\/types\/product"}],"wp:featuredmedia":[{"embeddable":true,"href":"https:\/\/getlux.sk\/hr\/wp-json\/wp\/v2\/media\/18785"}],"wp:attachment":[{"href":"https:\/\/getlux.sk\/hr\/wp-json\/wp\/v2\/media?parent=18783"}],"wp:term":[{"taxonomy":"product_brand","embeddable":true,"href":"https:\/\/getlux.sk\/hr\/wp-json\/wp\/v2\/product_brand?post=18783"},{"taxonomy":"product_cat","embeddable":true,"href":"https:\/\/getlux.sk\/hr\/wp-json\/wp\/v2\/product_cat?post=18783"},{"taxonomy":"product_tag","embeddable":true,"href":"https:\/\/getlux.sk\/hr\/wp-json\/wp\/v2\/product_tag?post=18783"}],"curies":[{"name":"wp","href":"https:\/\/api.w.org\/{rel}","templated":true}]}}