{"id":19977,"date":"2024-10-03T20:06:43","date_gmt":"2024-10-03T18:06:43","guid":{"rendered":"https:\/\/getlux.sk\/produkt\/love-moschino\/"},"modified":"2024-10-03T20:06:43","modified_gmt":"2024-10-03T18:06:43","slug":"love-moschino","status":"publish","type":"product","link":"https:\/\/getlux.sk\/hr\/produkt\/love-moschino\/","title":{"rendered":"Love Moschino"},"content":{"rendered":"<p>D\u00e1mska ta\u0161ka Love Moschino v \u010diernej farbe a par\u00e1dnym designe je vyroben\u00e1 z kvalitn\u00e9ho a ve\u013emi pr\u00edjemn\u00e9ho textilu.<\/p>\n<div>\n<ul>\n<li>rozmery: 40 x 27 x 10 cm (d x v x \u0161)<\/li>\n<\/ul>\n<\/div>\n","protected":false},"excerpt":{"rendered":"<p>D\u00e1mska ta\u0161ka Love Moschino v \u010diernej farbe a par\u00e1dnym designe je vyroben\u00e1 z kvalitn\u00e9ho a ve\u013emi pr\u00edjemn\u00e9ho textilu. rozmery: 40<\/p>\n","protected":false},"featured_media":19979,"template":"","meta":[],"product_brand":[],"product_cat":[724,747,1067],"product_tag":[],"class_list":{"0":"post-19977","1":"product","2":"type-product","3":"status-publish","4":"has-post-thumbnail","6":"product_cat-pribor","7":"product_cat-prodaja","8":"product_cat-zene-prodaja","10":"first","11":"instock","12":"sale","13":"taxable","14":"shipping-taxable","15":"purchasable","16":"product-type-simple"},"_links":{"self":[{"href":"https:\/\/getlux.sk\/hr\/wp-json\/wp\/v2\/product\/19977","targetHints":{"allow":["GET"]}}],"collection":[{"href":"https:\/\/getlux.sk\/hr\/wp-json\/wp\/v2\/product"}],"about":[{"href":"https:\/\/getlux.sk\/hr\/wp-json\/wp\/v2\/types\/product"}],"wp:featuredmedia":[{"embeddable":true,"href":"https:\/\/getlux.sk\/hr\/wp-json\/wp\/v2\/media\/19979"}],"wp:attachment":[{"href":"https:\/\/getlux.sk\/hr\/wp-json\/wp\/v2\/media?parent=19977"}],"wp:term":[{"taxonomy":"product_brand","embeddable":true,"href":"https:\/\/getlux.sk\/hr\/wp-json\/wp\/v2\/product_brand?post=19977"},{"taxonomy":"product_cat","embeddable":true,"href":"https:\/\/getlux.sk\/hr\/wp-json\/wp\/v2\/product_cat?post=19977"},{"taxonomy":"product_tag","embeddable":true,"href":"https:\/\/getlux.sk\/hr\/wp-json\/wp\/v2\/product_tag?post=19977"}],"curies":[{"name":"wp","href":"https:\/\/api.w.org\/{rel}","templated":true}]}}