{"id":25413,"date":"2024-05-08T17:16:23","date_gmt":"2024-05-08T15:16:23","guid":{"rendered":"https:\/\/getlux.sk\/produkt\/versace-top-handle\/"},"modified":"2024-05-08T17:16:23","modified_gmt":"2024-05-08T15:16:23","slug":"versace-top-handle","status":"publish","type":"product","link":"https:\/\/getlux.sk\/hr\/produkt\/versace-top-handle\/","title":{"rendered":"Versace Top Handle DBF1040 1A07951 2N77V"},"content":{"rendered":"<p><span data-sheets-root=\"1\" data-sheets-value=\"{&quot;1&quot;:2,&quot;2&quot;:&quot;Top Handle Fabric+Calf LE 23.2 DBF1040 1A07951 IT 2N77V 8056204346859_3 Beige, Baby Pink, &amp; Versace Gold&quot;}\" data-sheets-userformat=\"{&quot;2&quot;:12929,&quot;3&quot;:{&quot;1&quot;:0},&quot;10&quot;:2,&quot;12&quot;:0,&quot;15&quot;:&quot;Arial&quot;,&quot;16&quot;:10}\">Top Handle Fabric+Calf LE 23.2\u00a0 DBF1040 1A07951 IT 2N77V 8056204346859_3 Beige, Baby Pink, &amp; Versace Gold, R<\/span>ozmer: 20 cm \u0160 x 16 cm V x 10 cm D Remienok na rameno s 30 cm &#8211; 48 cm sp\u00e1dom Horn\u00e1 rukov\u00e4\u0165 s prepadom 7 cm.<\/p>\n","protected":false},"excerpt":{"rendered":"<p>Top Handle Fabric+Calf LE 23.2\u00a0 DBF1040 1A07951 IT 2N77V 8056204346859_3 Beige, Baby Pink, &amp; Versace Gold, Rozmer: 20 cm \u0160<\/p>\n","protected":false},"featured_media":25414,"template":"","meta":[],"product_brand":[],"product_cat":[724,749,743,748],"product_tag":[2229],"class_list":{"0":"post-25413","1":"product","2":"type-product","3":"status-publish","4":"has-post-thumbnail","6":"product_cat-pribor","7":"product_cat-zene-pribor","8":"product_cat-torbice","9":"product_cat-zene","10":"product_tag-versace","12":"first","13":"outofstock","14":"sale","15":"featured","16":"taxable","17":"shipping-taxable","18":"purchasable","19":"product-type-simple"},"_links":{"self":[{"href":"https:\/\/getlux.sk\/hr\/wp-json\/wp\/v2\/product\/25413","targetHints":{"allow":["GET"]}}],"collection":[{"href":"https:\/\/getlux.sk\/hr\/wp-json\/wp\/v2\/product"}],"about":[{"href":"https:\/\/getlux.sk\/hr\/wp-json\/wp\/v2\/types\/product"}],"wp:featuredmedia":[{"embeddable":true,"href":"https:\/\/getlux.sk\/hr\/wp-json\/wp\/v2\/media\/25414"}],"wp:attachment":[{"href":"https:\/\/getlux.sk\/hr\/wp-json\/wp\/v2\/media?parent=25413"}],"wp:term":[{"taxonomy":"product_brand","embeddable":true,"href":"https:\/\/getlux.sk\/hr\/wp-json\/wp\/v2\/product_brand?post=25413"},{"taxonomy":"product_cat","embeddable":true,"href":"https:\/\/getlux.sk\/hr\/wp-json\/wp\/v2\/product_cat?post=25413"},{"taxonomy":"product_tag","embeddable":true,"href":"https:\/\/getlux.sk\/hr\/wp-json\/wp\/v2\/product_tag?post=25413"}],"curies":[{"name":"wp","href":"https:\/\/api.w.org\/{rel}","templated":true}]}}