{"id":28941,"date":"2026-03-08T06:45:58","date_gmt":"2026-03-08T05:45:58","guid":{"rendered":"https:\/\/getlux.sk\/produkt\/alexander-mcqueen-bag-7311361ybe74290\/"},"modified":"2026-03-12T22:11:26","modified_gmt":"2026-03-12T21:11:26","slug":"alexander-mcqueen-bag-7311361ybe74290","status":"publish","type":"product","link":"https:\/\/getlux.sk\/hr\/produkt\/alexander-mcqueen-bag-7311361ybe74290\/","title":{"rendered":"Alexander McQueen The Jewelled Bag 7311361YBE74290"},"content":{"rendered":"<p>Alexander McQueen The Jewelled Bag 7311361YBE74290 Designer handbag from Alexander McQueen collection.<\/p>\n<p data-start=\"65\" data-end=\"204\">Alexander McQUEEN 731136 1YBE7 4290 Jewelled Hobo Mini Denim\/Leather Denim Black<\/p>\n<p data-start=\"206\" data-end=\"568\"><br data-start=\"222\" data-end=\"225\" \/>Luxusn\u00e1 mini kabelka Alexander McQUEEN Jewelled Hobo Mini v preveden\u00ed denim\/black zaujme v\u00fdraznou architektonickou siluetou, kontrastn\u00fdm pre\u0161\u00edvan\u00edm a ikonick\u00fdm \u0161tvorprste\u0148ov\u00fdm detailom s lebkou a kri\u0161t\u00e1\u013eov\u00fdm zdoben\u00edm. V\u010faka spojeniu denimu a ko\u017een\u00fdch prvkov p\u00f4sob\u00ed moderne, no z\u00e1rove\u0148 elegantne a v\u00fdrazne.<\/p>\n<p data-start=\"570\" data-end=\"1043\"><br data-start=\"593\" data-end=\"596\" \/>Model Jewelled Hobo Mini je vyhotoven\u00fd z denimov\u00e9ho textilu s ko\u017een\u00fdmi detailmi a charakteristick\u00fdm kovov\u00fdm madlom v antique silver t\u00f3ne. Silueta kabelky je in\u0161pirovan\u00e1 fazetovan\u00fdm kame\u0148om na ikonickom knuckle detaile a je doplnen\u00e1 o kontrastn\u00e9 pre\u0161\u00edvanie, magnetick\u00e9 zap\u00ednanie a \u010diernu pod\u0161\u00edvku. Kabelku je mo\u017en\u00e9 nosi\u0165 v ruke, na pleci aj crossbody v\u010faka odn\u00edmate\u013enej retiazke. Model je vyroben\u00fd v Taliansku.<\/p>\n<p data-start=\"1045\" data-end=\"1156\"><strong data-start=\"1045\" data-end=\"1056\">Rozmery<\/strong><br data-start=\"1056\" data-end=\"1059\" \/>20 \u00d7 12 \u00d7 8 cm<br data-start=\"1073\" data-end=\"1076\" \/>V\u00fd\u0161ka\/strap drop retiazky: pribli\u017ene 52 cm<\/p>\n<p data-start=\"1158\" data-end=\"1550\"><strong data-start=\"1158\" data-end=\"1180\">Parametre produktu<\/strong><br data-start=\"1180\" data-end=\"1183\" \/>Zna\u010dka: Alexander McQUEEN<br data-start=\"1208\" data-end=\"1211\" \/>Model: Jewelled Hobo Mini<br data-start=\"1236\" data-end=\"1239\" \/>K\u00f3d produktu: 731136 1YBE7 4290<br data-start=\"1270\" data-end=\"1273\" \/>Farba: Denim \/ Black<br data-start=\"1293\" data-end=\"1296\" \/>Materi\u00e1l: 100 % bavlna (denim) + te\u013eacia ko\u017ea \/ ko\u017een\u00e9 detaily<br data-start=\"1358\" data-end=\"1361\" data-is-only-node=\"\" \/>Kovanie: antique silver t\u00f3n<br data-start=\"1388\" data-end=\"1391\" \/>Zap\u00ednanie: magnetick\u00e9<br data-start=\"1412\" data-end=\"1415\" \/>Popruh: nastavite\u013en\u00e9 horn\u00e9 ucho + odn\u00edmate\u013en\u00e1 retiazka<br data-start=\"1469\" data-end=\"1472\" \/>Pod\u0161\u00edvka: \u010dierna<br data-start=\"1488\" data-end=\"1491\" \/>Vyroben\u00e9 v: Taliansko<\/p>\n<p data-start=\"1552\" data-end=\"1803\"><strong data-start=\"1552\" data-end=\"1572\">Meta description<\/strong><br data-start=\"1572\" data-end=\"1575\" \/>Alexander McQUEEN Jewelled Hobo Mini 731136 1YBE7 4290 je luxusn\u00e1 mini kabelka v preveden\u00ed denim\/black s ikonick\u00fdm \u0161tvorprste\u0148ov\u00fdm detailom, odn\u00edmate\u013enou retiazkou a rozmermi 20 \u00d7 12 \u00d7 8 cm.<\/p>\n","protected":false},"excerpt":{"rendered":"<p>Luxury handbag by Alexander McQueen.<\/p>\n","protected":false},"featured_media":29659,"template":"","meta":[],"product_brand":[2555],"product_cat":[2552,25],"product_tag":[2566],"class_list":{"0":"post-28941","1":"product","2":"type-product","3":"status-publish","4":"has-post-thumbnail","6":"product_brand-alexander-mcqueen","7":"product_cat-horna-rukovat","8":"product_cat-kabelky","9":"product_tag-alexander-mcqueen","10":"pa_farba-blue","11":"pa_velkost-uni","13":"first","14":"instock","15":"sale","16":"taxable","17":"shipping-taxable","18":"purchasable","19":"product-type-simple"},"_links":{"self":[{"href":"https:\/\/getlux.sk\/hr\/wp-json\/wp\/v2\/product\/28941","targetHints":{"allow":["GET"]}}],"collection":[{"href":"https:\/\/getlux.sk\/hr\/wp-json\/wp\/v2\/product"}],"about":[{"href":"https:\/\/getlux.sk\/hr\/wp-json\/wp\/v2\/types\/product"}],"wp:featuredmedia":[{"embeddable":true,"href":"https:\/\/getlux.sk\/hr\/wp-json\/wp\/v2\/media\/29659"}],"wp:attachment":[{"href":"https:\/\/getlux.sk\/hr\/wp-json\/wp\/v2\/media?parent=28941"}],"wp:term":[{"taxonomy":"product_brand","embeddable":true,"href":"https:\/\/getlux.sk\/hr\/wp-json\/wp\/v2\/product_brand?post=28941"},{"taxonomy":"product_cat","embeddable":true,"href":"https:\/\/getlux.sk\/hr\/wp-json\/wp\/v2\/product_cat?post=28941"},{"taxonomy":"product_tag","embeddable":true,"href":"https:\/\/getlux.sk\/hr\/wp-json\/wp\/v2\/product_tag?post=28941"}],"curies":[{"name":"wp","href":"https:\/\/api.w.org\/{rel}","templated":true}]}}