{"id":30648,"date":"2026-04-28T00:49:47","date_gmt":"2026-04-27T22:49:47","guid":{"rendered":"https:\/\/getlux.sk\/?post_type=product&#038;p=30648"},"modified":"2026-05-12T20:14:08","modified_gmt":"2026-05-12T18:14:08","slug":"medusa-95-mini-tote-in-lamb-leather-studs","status":"publish","type":"product","link":"https:\/\/getlux.sk\/hr\/produkt\/medusa-95-mini-tote-in-lamb-leather-studs\/","title":{"rendered":"La Medusa Small Tote In Grainy Calf Leather-Suede"},"content":{"rendered":"<p><strong>La Medusa Small Tote In Grainy Calf Leather-Suede<\/strong> je luxusn\u00fd produkt zna\u010dky Versace.<\/p>\n<ul>\n<li>Zna\u010dka: Versace<\/li>\n<li>Farba: Rust-Versace Gold<\/li>\n<li>Ve\u013ekos\u0165: Uni<\/li>\n<li>Materi\u00e1l: zrnit\u00e1 te\u013eacia ko\u017ea a semi\u0161, zrnit\u00e1 te\u013eacia ko\u017ea, te\u013eacia ko\u017ea<\/li>\n<li>Rozmery: 27 x 12 x 18,5 cm<\/li>\n<li>Dostupnos\u0165: skladom pod\u013ea aktu\u00e1lnej ponuky<\/li>\n<\/ul>\n<p>Cena je uveden\u00e1 vr\u00e1tane DPH.<\/p>\n","protected":false},"excerpt":{"rendered":"<p>La Medusa Small Tote In Grainy Calf Leather-Suede \u2013 luxusn\u00fd produkt zna\u010dky Versace. Materi\u00e1l: zrnit\u00e1 te\u013eacia ko\u017ea a semi\u0161, zrnit\u00e1 te\u013eacia ko\u017ea, te\u013eacia ko\u017ea. Rozmery: 27 x 12 x 18,5 cm.<\/p>\n","protected":false},"featured_media":38416,"template":"","meta":[],"product_brand":[499],"product_cat":[2551],"product_tag":[],"class_list":{"0":"post-30648","1":"product","2":"type-product","3":"status-publish","4":"has-post-thumbnail","6":"product_brand-znacky-versace","7":"product_cat-tasky","8":"pa_farba-rust-versace-gold","9":"pa_velkost-uni","12":"first","13":"instock","14":"taxable","15":"shipping-taxable","16":"purchasable","17":"product-type-simple"},"_links":{"self":[{"href":"https:\/\/getlux.sk\/hr\/wp-json\/wp\/v2\/product\/30648","targetHints":{"allow":["GET"]}}],"collection":[{"href":"https:\/\/getlux.sk\/hr\/wp-json\/wp\/v2\/product"}],"about":[{"href":"https:\/\/getlux.sk\/hr\/wp-json\/wp\/v2\/types\/product"}],"wp:featuredmedia":[{"embeddable":true,"href":"https:\/\/getlux.sk\/hr\/wp-json\/wp\/v2\/media\/38416"}],"wp:attachment":[{"href":"https:\/\/getlux.sk\/hr\/wp-json\/wp\/v2\/media?parent=30648"}],"wp:term":[{"taxonomy":"product_brand","embeddable":true,"href":"https:\/\/getlux.sk\/hr\/wp-json\/wp\/v2\/product_brand?post=30648"},{"taxonomy":"product_cat","embeddable":true,"href":"https:\/\/getlux.sk\/hr\/wp-json\/wp\/v2\/product_cat?post=30648"},{"taxonomy":"product_tag","embeddable":true,"href":"https:\/\/getlux.sk\/hr\/wp-json\/wp\/v2\/product_tag?post=30648"}],"curies":[{"name":"wp","href":"https:\/\/api.w.org\/{rel}","templated":true}]}}