{"id":31171,"date":"2026-04-29T19:26:50","date_gmt":"2026-04-29T17:26:50","guid":{"rendered":"https:\/\/getlux.sk\/?post_type=product&#038;p=31171"},"modified":"2026-04-29T19:26:50","modified_gmt":"2026-04-29T17:26:50","slug":"icon-nylon-crossbody-in-nylon-calf-enamel-hw-3","status":"publish","type":"product","link":"https:\/\/getlux.sk\/hr\/produkt\/icon-nylon-crossbody-in-nylon-calf-enamel-hw-3\/","title":{"rendered":"Icon Nylon Crossbody In Nylon-Calf-Enamel Hw"},"content":{"rendered":"<p><strong>Icon Nylon Crossbody In Nylon-Calf-Enamel Hw<\/strong> je luxusn\u00fd produkt zna\u010dky Versace.<\/p>\n<ul>\n<li>Zna\u010dka: Versace<\/li>\n<li>Farba: Black<\/li>\n<li>Ve\u013ekos\u0165: Uni<\/li>\n<li>Rozmery: 20 x 6 x 12 cm<\/li>\n<li>Dostupnos\u0165: skladom pod\u013ea aktu\u00e1lnej ponuky<\/li>\n<\/ul>\n<p>Cena je uveden\u00e1 vr\u00e1tane DPH.<\/p>\n","protected":false},"excerpt":{"rendered":"<p>Icon Nylon Crossbody In Nylon-Calf-Enamel Hw \u2013 luxusn\u00fd produkt zna\u010dky Versace. Rozmery: 20 x 6 x 12 cm.<\/p>\n","protected":false},"featured_media":31189,"template":"","meta":[],"product_brand":[499],"product_cat":[192],"product_tag":[],"class_list":{"0":"post-31171","1":"product","2":"type-product","3":"status-publish","4":"has-post-thumbnail","6":"product_brand-znacky-versace","7":"product_cat-muzi-tasky","8":"pa_farba-black","9":"pa_velkost-uni","11":"first","12":"instock","13":"taxable","14":"shipping-taxable","15":"purchasable","16":"product-type-simple"},"_links":{"self":[{"href":"https:\/\/getlux.sk\/hr\/wp-json\/wp\/v2\/product\/31171","targetHints":{"allow":["GET"]}}],"collection":[{"href":"https:\/\/getlux.sk\/hr\/wp-json\/wp\/v2\/product"}],"about":[{"href":"https:\/\/getlux.sk\/hr\/wp-json\/wp\/v2\/types\/product"}],"wp:featuredmedia":[{"embeddable":true,"href":"https:\/\/getlux.sk\/hr\/wp-json\/wp\/v2\/media\/31189"}],"wp:attachment":[{"href":"https:\/\/getlux.sk\/hr\/wp-json\/wp\/v2\/media?parent=31171"}],"wp:term":[{"taxonomy":"product_brand","embeddable":true,"href":"https:\/\/getlux.sk\/hr\/wp-json\/wp\/v2\/product_brand?post=31171"},{"taxonomy":"product_cat","embeddable":true,"href":"https:\/\/getlux.sk\/hr\/wp-json\/wp\/v2\/product_cat?post=31171"},{"taxonomy":"product_tag","embeddable":true,"href":"https:\/\/getlux.sk\/hr\/wp-json\/wp\/v2\/product_tag?post=31171"}],"curies":[{"name":"wp","href":"https:\/\/api.w.org\/{rel}","templated":true}]}}