{"id":31858,"date":"2026-04-29T23:32:28","date_gmt":"2026-04-29T21:32:28","guid":{"rendered":"https:\/\/getlux.sk\/?post_type=product&#038;p=31858"},"modified":"2026-04-29T23:32:28","modified_gmt":"2026-04-29T21:32:28","slug":"urban-hike-sneaker-in-split-leather-fabric-calf-leather","status":"publish","type":"product","link":"https:\/\/getlux.sk\/hr\/produkt\/urban-hike-sneaker-in-split-leather-fabric-calf-leather\/","title":{"rendered":"Urban Hike Sneaker In Split Leather-Fabric-Calf Leather"},"content":{"rendered":"<p><strong>Urban Hike Sneaker In Split Leather-Fabric-Calf Leather<\/strong> je luxusn\u00fd produkt zna\u010dky Versace.<\/p>\n<ul>\n<li>Zna\u010dka: Versace<\/li>\n<li>Ve\u013ekos\u0165: 39, 39.5, 40, 40.5, 41, 41.5, 42, 43, 43.5, 44, 44.5, 45, 45.5, 46, 46.5, 47<\/li>\n<li>Materi\u00e1l: te\u013eacia ko\u017ea, textil<\/li>\n<li>Dostupnos\u0165: skladom pod\u013ea aktu\u00e1lnej ponuky<\/li>\n<\/ul>\n<p>Cena je uveden\u00e1 vr\u00e1tane DPH.<\/p>\n","protected":false},"excerpt":{"rendered":"<p>Urban Hike Sneaker In Split Leather-Fabric-Calf Leather \u2013 luxusn\u00fd produkt zna\u010dky Versace. Materi\u00e1l: te\u013eacia ko\u017ea, textil.<\/p>\n","protected":false},"featured_media":31997,"template":"","meta":[],"product_brand":[499],"product_cat":[218],"product_tag":[],"class_list":{"0":"post-31858","1":"product","2":"type-product","3":"status-publish","4":"has-post-thumbnail","6":"product_brand-znacky-versace","7":"product_cat-muzi-tenisky","8":"pa_farba-black","9":"pa_velkost-63","10":"pa_velkost-39-5","11":"pa_velkost-51","12":"pa_velkost-40-5","13":"pa_velkost-76","14":"pa_velkost-41-5","15":"pa_velkost-48","16":"pa_velkost-74","17":"pa_velkost-43-5","18":"pa_velkost-88","19":"pa_velkost-44-5","20":"pa_velkost-75","21":"pa_velkost-45-5","22":"pa_velkost-59","23":"pa_velkost-46-5","24":"pa_velkost-171","26":"first","27":"instock","28":"taxable","29":"shipping-taxable","30":"purchasable","31":"product-type-variable"},"_links":{"self":[{"href":"https:\/\/getlux.sk\/hr\/wp-json\/wp\/v2\/product\/31858","targetHints":{"allow":["GET"]}}],"collection":[{"href":"https:\/\/getlux.sk\/hr\/wp-json\/wp\/v2\/product"}],"about":[{"href":"https:\/\/getlux.sk\/hr\/wp-json\/wp\/v2\/types\/product"}],"wp:featuredmedia":[{"embeddable":true,"href":"https:\/\/getlux.sk\/hr\/wp-json\/wp\/v2\/media\/31997"}],"wp:attachment":[{"href":"https:\/\/getlux.sk\/hr\/wp-json\/wp\/v2\/media?parent=31858"}],"wp:term":[{"taxonomy":"product_brand","embeddable":true,"href":"https:\/\/getlux.sk\/hr\/wp-json\/wp\/v2\/product_brand?post=31858"},{"taxonomy":"product_cat","embeddable":true,"href":"https:\/\/getlux.sk\/hr\/wp-json\/wp\/v2\/product_cat?post=31858"},{"taxonomy":"product_tag","embeddable":true,"href":"https:\/\/getlux.sk\/hr\/wp-json\/wp\/v2\/product_tag?post=31858"}],"curies":[{"name":"wp","href":"https:\/\/api.w.org\/{rel}","templated":true}]}}