{"id":32031,"date":"2026-04-29T23:50:15","date_gmt":"2026-04-29T21:50:15","guid":{"rendered":"https:\/\/getlux.sk\/?post_type=product&#038;p=32031"},"modified":"2026-04-29T23:50:15","modified_gmt":"2026-04-29T21:50:15","slug":"icon-wallet-in-quilted-lamb-leather-2","status":"publish","type":"product","link":"https:\/\/getlux.sk\/hr\/produkt\/icon-wallet-in-quilted-lamb-leather-2\/","title":{"rendered":"Icon Wallet In Quilted Lamb Leather"},"content":{"rendered":"<p><strong>Icon Wallet In Quilted Lamb Leather<\/strong> je luxusn\u00fd produkt zna\u010dky Versace.<\/p>\n<ul>\n<li>Zna\u010dka: Versace<\/li>\n<li>Ve\u013ekos\u0165: Uni<\/li>\n<li>Materi\u00e1l: pre\u0161\u00edvan\u00e1 jah\u0148acia ko\u017ea, jah\u0148acia ko\u017ea<\/li>\n<li>Rozmery: 9 x 1 x 11 cm<\/li>\n<li>Dostupnos\u0165: skladom pod\u013ea aktu\u00e1lnej ponuky<\/li>\n<\/ul>\n<p>Cena je uveden\u00e1 vr\u00e1tane DPH.<\/p>\n","protected":false},"excerpt":{"rendered":"<p>Icon Wallet In Quilted Lamb Leather \u2013 luxusn\u00fd produkt zna\u010dky Versace. Materi\u00e1l: pre\u0161\u00edvan\u00e1 jah\u0148acia ko\u017ea, jah\u0148acia ko\u017ea. Rozmery: 9 x 1 x 11 cm.<\/p>\n","protected":false},"featured_media":32073,"template":"","meta":[],"product_brand":[499],"product_cat":[246],"product_tag":[],"class_list":{"0":"post-32031","1":"product","2":"type-product","3":"status-publish","4":"has-post-thumbnail","6":"product_brand-znacky-versace","7":"product_cat-zeny-penazenky","8":"pa_velkost-uni","10":"first","11":"instock","12":"taxable","13":"shipping-taxable","14":"purchasable","15":"product-type-simple"},"_links":{"self":[{"href":"https:\/\/getlux.sk\/hr\/wp-json\/wp\/v2\/product\/32031","targetHints":{"allow":["GET"]}}],"collection":[{"href":"https:\/\/getlux.sk\/hr\/wp-json\/wp\/v2\/product"}],"about":[{"href":"https:\/\/getlux.sk\/hr\/wp-json\/wp\/v2\/types\/product"}],"wp:featuredmedia":[{"embeddable":true,"href":"https:\/\/getlux.sk\/hr\/wp-json\/wp\/v2\/media\/32073"}],"wp:attachment":[{"href":"https:\/\/getlux.sk\/hr\/wp-json\/wp\/v2\/media?parent=32031"}],"wp:term":[{"taxonomy":"product_brand","embeddable":true,"href":"https:\/\/getlux.sk\/hr\/wp-json\/wp\/v2\/product_brand?post=32031"},{"taxonomy":"product_cat","embeddable":true,"href":"https:\/\/getlux.sk\/hr\/wp-json\/wp\/v2\/product_cat?post=32031"},{"taxonomy":"product_tag","embeddable":true,"href":"https:\/\/getlux.sk\/hr\/wp-json\/wp\/v2\/product_tag?post=32031"}],"curies":[{"name":"wp","href":"https:\/\/api.w.org\/{rel}","templated":true}]}}