{"id":32168,"date":"2026-04-30T01:14:51","date_gmt":"2026-04-29T23:14:51","guid":{"rendered":"https:\/\/getlux.sk\/?post_type=product&#038;p=32168"},"modified":"2026-04-30T01:14:51","modified_gmt":"2026-04-29T23:14:51","slug":"chain-reaction-sneaker-in-suede-barocco-print-fabric-2","status":"publish","type":"product","link":"https:\/\/getlux.sk\/hr\/produkt\/chain-reaction-sneaker-in-suede-barocco-print-fabric-2\/","title":{"rendered":"Chain Reaction Sneaker In Suede-Barocco Print Fabric"},"content":{"rendered":"<p><strong>Chain Reaction Sneaker In Suede-Barocco Print Fabric<\/strong> je luxusn\u00fd produkt zna\u010dky Versace.<\/p>\n<ul>\n<li>Zna\u010dka: Versace<\/li>\n<li>Farba: Black<\/li>\n<li>Ve\u013ekos\u0165: 35, 35.5, 36, 36.5, 37, 37.5, 38, 38.5, 39, 39.5, 40, 40.5, 41<\/li>\n<li>Materi\u00e1l: textil<\/li>\n<li>Dostupnos\u0165: skladom pod\u013ea aktu\u00e1lnej ponuky<\/li>\n<\/ul>\n<p>Cena je uveden\u00e1 vr\u00e1tane DPH.<\/p>\n","protected":false},"excerpt":{"rendered":"<p>Chain Reaction Sneaker In Suede-Barocco Print Fabric \u2013 luxusn\u00fd produkt zna\u010dky Versace. Materi\u00e1l: textil.<\/p>\n","protected":false},"featured_media":32392,"template":"","meta":[],"product_brand":[499],"product_cat":[207],"product_tag":[],"class_list":{"0":"post-32168","1":"product","2":"type-product","3":"status-publish","4":"has-post-thumbnail","6":"product_brand-znacky-versace","7":"product_cat-zeny-tenisky","8":"pa_farba-black","9":"pa_velkost-159","10":"pa_velkost-35-5","11":"pa_velkost-67","12":"pa_velkost-36-5","13":"pa_velkost-68","14":"pa_velkost-37-5","15":"pa_velkost-69","16":"pa_velkost-38-5","17":"pa_velkost-63","18":"pa_velkost-39-5","19":"pa_velkost-51","20":"pa_velkost-40-5","21":"pa_velkost-76","23":"first","24":"instock","25":"taxable","26":"shipping-taxable","27":"purchasable","28":"product-type-variable"},"_links":{"self":[{"href":"https:\/\/getlux.sk\/hr\/wp-json\/wp\/v2\/product\/32168","targetHints":{"allow":["GET"]}}],"collection":[{"href":"https:\/\/getlux.sk\/hr\/wp-json\/wp\/v2\/product"}],"about":[{"href":"https:\/\/getlux.sk\/hr\/wp-json\/wp\/v2\/types\/product"}],"wp:featuredmedia":[{"embeddable":true,"href":"https:\/\/getlux.sk\/hr\/wp-json\/wp\/v2\/media\/32392"}],"wp:attachment":[{"href":"https:\/\/getlux.sk\/hr\/wp-json\/wp\/v2\/media?parent=32168"}],"wp:term":[{"taxonomy":"product_brand","embeddable":true,"href":"https:\/\/getlux.sk\/hr\/wp-json\/wp\/v2\/product_brand?post=32168"},{"taxonomy":"product_cat","embeddable":true,"href":"https:\/\/getlux.sk\/hr\/wp-json\/wp\/v2\/product_cat?post=32168"},{"taxonomy":"product_tag","embeddable":true,"href":"https:\/\/getlux.sk\/hr\/wp-json\/wp\/v2\/product_tag?post=32168"}],"curies":[{"name":"wp","href":"https:\/\/api.w.org\/{rel}","templated":true}]}}