{"id":33979,"date":"2026-05-08T08:06:09","date_gmt":"2026-05-08T06:06:09","guid":{"rendered":"https:\/\/getlux.sk\/?post_type=product&#038;p=33979"},"modified":"2026-05-08T08:06:09","modified_gmt":"2026-05-08T06:06:09","slug":"pant-denim-in-stone-wash-black-denim-fabric-embossed-embroidery","status":"publish","type":"product","link":"https:\/\/getlux.sk\/hr\/produkt\/pant-denim-in-stone-wash-black-denim-fabric-embossed-embroidery\/","title":{"rendered":"Pant Denim In Stone Wash Black Denim Fabric-Embossed Embroidery"},"content":{"rendered":"<p><strong>Pant Denim In Stone Wash Black Denim Fabric-Embossed Embroidery<\/strong> je luxusn\u00fd produkt zna\u010dky Versace.<\/p>\n<ul>\n<li>Zna\u010dka: Versace<\/li>\n<li>Farba: Black<\/li>\n<li>Ve\u013ekos\u0165: Uni<\/li>\n<li>Materi\u00e1l: textil, denim<\/li>\n<li>Dostupnos\u0165: skladom pod\u013ea aktu\u00e1lnej ponuky<\/li>\n<\/ul>\n<p>Cena je uveden\u00e1 vr\u00e1tane DPH.<\/p>\n","protected":false},"excerpt":{"rendered":"<p>Pant Denim In Stone Wash Black Denim Fabric-Embossed Embroidery \u2013 luxusn\u00fd produkt zna\u010dky Versace. Materi\u00e1l: textil, denim.<\/p>\n","protected":false},"featured_media":34774,"template":"","meta":[],"product_brand":[499],"product_cat":[240],"product_tag":[],"class_list":{"0":"post-33979","1":"product","2":"type-product","3":"status-publish","4":"has-post-thumbnail","6":"product_brand-znacky-versace","7":"product_cat-zeny-nohavice","8":"pa_farba-black","9":"pa_velkost-uni","11":"first","12":"outofstock","13":"taxable","14":"shipping-taxable","15":"purchasable","16":"product-type-simple"},"_links":{"self":[{"href":"https:\/\/getlux.sk\/hr\/wp-json\/wp\/v2\/product\/33979","targetHints":{"allow":["GET"]}}],"collection":[{"href":"https:\/\/getlux.sk\/hr\/wp-json\/wp\/v2\/product"}],"about":[{"href":"https:\/\/getlux.sk\/hr\/wp-json\/wp\/v2\/types\/product"}],"wp:featuredmedia":[{"embeddable":true,"href":"https:\/\/getlux.sk\/hr\/wp-json\/wp\/v2\/media\/34774"}],"wp:attachment":[{"href":"https:\/\/getlux.sk\/hr\/wp-json\/wp\/v2\/media?parent=33979"}],"wp:term":[{"taxonomy":"product_brand","embeddable":true,"href":"https:\/\/getlux.sk\/hr\/wp-json\/wp\/v2\/product_brand?post=33979"},{"taxonomy":"product_cat","embeddable":true,"href":"https:\/\/getlux.sk\/hr\/wp-json\/wp\/v2\/product_cat?post=33979"},{"taxonomy":"product_tag","embeddable":true,"href":"https:\/\/getlux.sk\/hr\/wp-json\/wp\/v2\/product_tag?post=33979"}],"curies":[{"name":"wp","href":"https:\/\/api.w.org\/{rel}","templated":true}]}}