{"id":4980,"date":"2024-05-22T22:11:45","date_gmt":"2024-05-22T20:11:45","guid":{"rendered":"https:\/\/getlux.sk\/?post_type=product&#038;p=4980"},"modified":"2026-03-09T13:59:02","modified_gmt":"2026-03-09T12:59:02","slug":"wilson-mr-wilson-castaway-volleyball","status":"publish","type":"product","link":"https:\/\/getlux.sk\/hr\/produkt\/wilson-mr-wilson-castaway-volleyball\/","title":{"rendered":"Wilson Mr Wilson Castaway Volleyball"},"content":{"rendered":"<p>Wilson Mr Wilson Castaway Volleyball Pl\u00e1\u017eov\u00fd volejbal 26388448371<\/p>\n","protected":false},"excerpt":{"rendered":"<p>Wilson Mr Wilson Castaway Volleyball Pl\u00e1\u017eov\u00fd volejbal 26388448371<\/p>\n","protected":false},"featured_media":4984,"template":"","meta":[],"product_brand":[596],"product_cat":[422],"product_tag":[],"class_list":{"0":"post-4980","1":"product","2":"type-product","3":"status-publish","4":"has-post-thumbnail","6":"product_brand-znacky-wilson","7":"product_cat-deti-vypredaj","9":"first","10":"instock","11":"taxable","12":"shipping-taxable","13":"purchasable","14":"product-type-simple"},"_links":{"self":[{"href":"https:\/\/getlux.sk\/hr\/wp-json\/wp\/v2\/product\/4980","targetHints":{"allow":["GET"]}}],"collection":[{"href":"https:\/\/getlux.sk\/hr\/wp-json\/wp\/v2\/product"}],"about":[{"href":"https:\/\/getlux.sk\/hr\/wp-json\/wp\/v2\/types\/product"}],"wp:featuredmedia":[{"embeddable":true,"href":"https:\/\/getlux.sk\/hr\/wp-json\/wp\/v2\/media\/4984"}],"wp:attachment":[{"href":"https:\/\/getlux.sk\/hr\/wp-json\/wp\/v2\/media?parent=4980"}],"wp:term":[{"taxonomy":"product_brand","embeddable":true,"href":"https:\/\/getlux.sk\/hr\/wp-json\/wp\/v2\/product_brand?post=4980"},{"taxonomy":"product_cat","embeddable":true,"href":"https:\/\/getlux.sk\/hr\/wp-json\/wp\/v2\/product_cat?post=4980"},{"taxonomy":"product_tag","embeddable":true,"href":"https:\/\/getlux.sk\/hr\/wp-json\/wp\/v2\/product_tag?post=4980"}],"curies":[{"name":"wp","href":"https:\/\/api.w.org\/{rel}","templated":true}]}}