{"id":5265,"date":"2024-05-31T14:40:05","date_gmt":"2024-05-31T12:40:05","guid":{"rendered":"https:\/\/getlux.sk\/?post_type=product&#038;p=5265"},"modified":"2024-09-27T11:15:08","modified_gmt":"2024-09-27T09:15:08","slug":"luna-303-teplakova-suprava","status":"publish","type":"product","link":"https:\/\/getlux.sk\/hr\/produkt\/luna-303-teplakova-suprava\/","title":{"rendered":"Luna 303 Tepl\u00e1kov\u00e1 s\u00faprava"},"content":{"rendered":"<p>Tepl\u00e1kov\u00e1 s\u00faprava Luna 303 L 5902080303321<\/p>\n","protected":false},"excerpt":{"rendered":"<p>Tepl\u00e1kov\u00e1 s\u00faprava Luna 303 L 5902080303321<\/p>\n","protected":false},"featured_media":5268,"template":"","meta":[],"product_brand":[],"product_cat":[270,420],"product_tag":[],"class_list":{"0":"post-5265","1":"product","2":"type-product","3":"status-publish","4":"has-post-thumbnail","6":"product_cat-vypredaj","7":"product_cat-zeny-vypredaj","8":"pa_farba-grey","10":"first","11":"instock","12":"taxable","13":"shipping-taxable","14":"purchasable","15":"product-type-variable"},"_links":{"self":[{"href":"https:\/\/getlux.sk\/hr\/wp-json\/wp\/v2\/product\/5265","targetHints":{"allow":["GET"]}}],"collection":[{"href":"https:\/\/getlux.sk\/hr\/wp-json\/wp\/v2\/product"}],"about":[{"href":"https:\/\/getlux.sk\/hr\/wp-json\/wp\/v2\/types\/product"}],"wp:featuredmedia":[{"embeddable":true,"href":"https:\/\/getlux.sk\/hr\/wp-json\/wp\/v2\/media\/5268"}],"wp:attachment":[{"href":"https:\/\/getlux.sk\/hr\/wp-json\/wp\/v2\/media?parent=5265"}],"wp:term":[{"taxonomy":"product_brand","embeddable":true,"href":"https:\/\/getlux.sk\/hr\/wp-json\/wp\/v2\/product_brand?post=5265"},{"taxonomy":"product_cat","embeddable":true,"href":"https:\/\/getlux.sk\/hr\/wp-json\/wp\/v2\/product_cat?post=5265"},{"taxonomy":"product_tag","embeddable":true,"href":"https:\/\/getlux.sk\/hr\/wp-json\/wp\/v2\/product_tag?post=5265"}],"curies":[{"name":"wp","href":"https:\/\/api.w.org\/{rel}","templated":true}]}}