{"id":5272,"date":"2024-05-31T14:57:04","date_gmt":"2024-05-31T12:57:04","guid":{"rendered":"https:\/\/getlux.sk\/?post_type=product&#038;p=5272"},"modified":"2026-02-09T21:13:43","modified_gmt":"2026-02-09T20:13:43","slug":"gant-the-poplin-kosela","status":"publish","type":"product","link":"https:\/\/getlux.sk\/hr\/produkt\/gant-the-poplin-kosela\/","title":{"rendered":"Gant the poplin ko\u0161ela"},"content":{"rendered":"<p>Gant the poplin ko\u0161ela Dlh\u00fd ruk\u00e1v 371020 Hamptons Blue<\/p>\n","protected":false},"excerpt":{"rendered":"<p>Gant the poplin ko\u0161ela Dlh\u00fd ruk\u00e1v 371020 Hamptons Blue<\/p>\n","protected":false},"featured_media":5275,"template":"","meta":[],"product_brand":[575],"product_cat":[270,421],"product_tag":[],"class_list":{"0":"post-5272","1":"product","2":"type-product","3":"status-publish","4":"has-post-thumbnail","6":"product_brand-znacky-gant","7":"product_cat-vypredaj","8":"product_cat-muzi-vypredaj","9":"pa_farba-blue","11":"first","12":"instock","13":"taxable","14":"shipping-taxable","15":"purchasable","16":"product-type-variable"},"_links":{"self":[{"href":"https:\/\/getlux.sk\/hr\/wp-json\/wp\/v2\/product\/5272","targetHints":{"allow":["GET"]}}],"collection":[{"href":"https:\/\/getlux.sk\/hr\/wp-json\/wp\/v2\/product"}],"about":[{"href":"https:\/\/getlux.sk\/hr\/wp-json\/wp\/v2\/types\/product"}],"wp:featuredmedia":[{"embeddable":true,"href":"https:\/\/getlux.sk\/hr\/wp-json\/wp\/v2\/media\/5275"}],"wp:attachment":[{"href":"https:\/\/getlux.sk\/hr\/wp-json\/wp\/v2\/media?parent=5272"}],"wp:term":[{"taxonomy":"product_brand","embeddable":true,"href":"https:\/\/getlux.sk\/hr\/wp-json\/wp\/v2\/product_brand?post=5272"},{"taxonomy":"product_cat","embeddable":true,"href":"https:\/\/getlux.sk\/hr\/wp-json\/wp\/v2\/product_cat?post=5272"},{"taxonomy":"product_tag","embeddable":true,"href":"https:\/\/getlux.sk\/hr\/wp-json\/wp\/v2\/product_tag?post=5272"}],"curies":[{"name":"wp","href":"https:\/\/api.w.org\/{rel}","templated":true}]}}