{"id":5882,"date":"2024-06-21T20:05:35","date_gmt":"2024-06-21T18:05:35","guid":{"rendered":"https:\/\/getlux.sk\/?post_type=product&#038;p=5882"},"modified":"2026-05-01T03:22:23","modified_gmt":"2026-05-01T01:22:23","slug":"versace-bi-fold-wallet-calf-pyton","status":"publish","type":"product","link":"https:\/\/getlux.sk\/hr\/produkt\/versace-bi-fold-wallet-calf-pyton\/","title":{"rendered":"Versace Bi-Fold Wallet Calf Pyton"},"content":{"rendered":"<p><span data-sheets-root=\"1\" data-sheets-value=\"{&quot;1&quot;:2,&quot;2&quot;:&quot;BI-FOLD WALLET PRINT CALF PYTON DPU2463_1A06767__IT___5E220_UNICA 8056204068997&quot;}\" data-sheets-userformat=\"{&quot;2&quot;:513,&quot;3&quot;:{&quot;1&quot;:0},&quot;12&quot;:0}\"><span style=\"vertical-align: inherit;\"><span style=\"vertical-align: inherit;\">DVOJSKLADAN\u00c1 PE\u0147A\u017dENKA Versace RA\u017dBA TELIAKA PYTON DPU2463_1A06767__IT___5E220_UNICA 8056204068997<\/span><\/span><\/span><\/p>\n<p>te\u013eacia ko\u017ea, python print,<\/p>\n","protected":false},"excerpt":{"rendered":"<p>DVOJSKLADAN\u00c1 PE\u0147A\u017dENKA Versace RA\u017dBA TELIAKA PYTON DPU2463_1A06767__IT___5E220_UNICA 8056204068997 te\u013eacia ko\u017ea, python print,<\/p>\n","protected":false},"featured_media":5883,"template":"","meta":[],"product_brand":[499],"product_cat":[189,27,22,16,190,246,144,19],"product_tag":[32],"class_list":{"0":"post-5882","1":"product","2":"type-product","3":"status-publish","4":"has-post-thumbnail","6":"product_brand-znacky-versace","7":"product_cat-muzi-doplnky","8":"product_cat-zeny-doplnky","9":"product_cat-doplnky","10":"product_cat-muzi","11":"product_cat-muzi-penazenky","12":"product_cat-zeny-penazenky","13":"product_cat-penazenky","14":"product_cat-zeny","15":"product_tag-versace","16":"pa_farba-multicolor","18":"first","19":"outofstock","20":"featured","21":"taxable","22":"shipping-taxable","23":"purchasable","24":"product-type-simple"},"_links":{"self":[{"href":"https:\/\/getlux.sk\/hr\/wp-json\/wp\/v2\/product\/5882","targetHints":{"allow":["GET"]}}],"collection":[{"href":"https:\/\/getlux.sk\/hr\/wp-json\/wp\/v2\/product"}],"about":[{"href":"https:\/\/getlux.sk\/hr\/wp-json\/wp\/v2\/types\/product"}],"wp:featuredmedia":[{"embeddable":true,"href":"https:\/\/getlux.sk\/hr\/wp-json\/wp\/v2\/media\/5883"}],"wp:attachment":[{"href":"https:\/\/getlux.sk\/hr\/wp-json\/wp\/v2\/media?parent=5882"}],"wp:term":[{"taxonomy":"product_brand","embeddable":true,"href":"https:\/\/getlux.sk\/hr\/wp-json\/wp\/v2\/product_brand?post=5882"},{"taxonomy":"product_cat","embeddable":true,"href":"https:\/\/getlux.sk\/hr\/wp-json\/wp\/v2\/product_cat?post=5882"},{"taxonomy":"product_tag","embeddable":true,"href":"https:\/\/getlux.sk\/hr\/wp-json\/wp\/v2\/product_tag?post=5882"}],"curies":[{"name":"wp","href":"https:\/\/api.w.org\/{rel}","templated":true}]}}