{"id":8852,"date":"2025-01-22T19:39:19","date_gmt":"2025-01-22T18:39:19","guid":{"rendered":"https:\/\/getlux.sk\/?post_type=product&#038;p=8852"},"modified":"2026-02-09T20:44:38","modified_gmt":"2026-02-09T19:44:38","slug":"backpack-1003066-dnygr3-2uc5e","status":"publish","type":"product","link":"https:\/\/getlux.sk\/hr\/produkt\/backpack-1003066-dnygr3-2uc5e\/","title":{"rendered":"BACKPACK 1003066 DNYGR3 2UC5E"},"content":{"rendered":"<p>Versace BACKPACK 1003066_DNYGR3__IT___2UC5E_UNICA 8054712445040<\/p>\n<p>&#8211; Horn\u00e1 rukov\u00e4\u0165<br \/>\n&#8211; Detail La Greca na rukov\u00e4ti a popruhu<br \/>\n&#8211; Nastavite\u013en\u00e9 ramenn\u00e9 popruhy<br \/>\n&#8211; Chlop\u0148a s bo\u010dn\u00fdm zap\u00ednan\u00edm na sponu<br \/>\n&#8211; Zap\u00ednanie na \u0161n\u00farku<br \/>\n&#8211; Vn\u00fatorn\u00e9 polstrovan\u00e9 vrecko na notebook alebo tablet<br \/>\n&#8211; Tri vonkaj\u0161ie vreck\u00e1<br \/>\n&#8211; Vonkaj\u0161ia l\u00e1tka: 100% polyamid<br \/>\n&#8211; Pod\u0161\u00edvka: 100% polyamid<br \/>\n&#8211; Pod\u0161\u00edvka: 100% te\u013eacia ko\u017ea<\/p>\n","protected":false},"excerpt":{"rendered":"<p>Versace BACKPACK 1003066_DNYGR3__IT___2UC5E_UNICA 8054712445040 &#8211; Horn\u00e1 rukov\u00e4\u0165 &#8211; Detail La Greca na rukov\u00e4ti a popruhu &#8211; Nastavite\u013en\u00e9 ramenn\u00e9 popruhy &#8211;<\/p>\n","protected":false},"featured_media":8855,"template":"","meta":[],"product_brand":[499],"product_cat":[27,189,22,16,193,194],"product_tag":[],"class_list":{"0":"post-8852","1":"product","2":"type-product","3":"status-publish","4":"has-post-thumbnail","6":"product_brand-znacky-versace","7":"product_cat-zeny-doplnky","8":"product_cat-muzi-doplnky","9":"product_cat-doplnky","10":"product_cat-muzi","11":"product_cat-muzi-ruksaky","12":"product_cat-zeny-ruksaky","13":"pa_farba-blue","15":"first","16":"instock","17":"sale","18":"taxable","19":"shipping-taxable","20":"purchasable","21":"product-type-simple"},"_links":{"self":[{"href":"https:\/\/getlux.sk\/hr\/wp-json\/wp\/v2\/product\/8852","targetHints":{"allow":["GET"]}}],"collection":[{"href":"https:\/\/getlux.sk\/hr\/wp-json\/wp\/v2\/product"}],"about":[{"href":"https:\/\/getlux.sk\/hr\/wp-json\/wp\/v2\/types\/product"}],"wp:featuredmedia":[{"embeddable":true,"href":"https:\/\/getlux.sk\/hr\/wp-json\/wp\/v2\/media\/8855"}],"wp:attachment":[{"href":"https:\/\/getlux.sk\/hr\/wp-json\/wp\/v2\/media?parent=8852"}],"wp:term":[{"taxonomy":"product_brand","embeddable":true,"href":"https:\/\/getlux.sk\/hr\/wp-json\/wp\/v2\/product_brand?post=8852"},{"taxonomy":"product_cat","embeddable":true,"href":"https:\/\/getlux.sk\/hr\/wp-json\/wp\/v2\/product_cat?post=8852"},{"taxonomy":"product_tag","embeddable":true,"href":"https:\/\/getlux.sk\/hr\/wp-json\/wp\/v2\/product_tag?post=8852"}],"curies":[{"name":"wp","href":"https:\/\/api.w.org\/{rel}","templated":true}]}}