{"id":12947,"date":"2024-05-01T10:54:19","date_gmt":"2024-05-01T08:54:19","guid":{"rendered":"https:\/\/getlux.sk\/szallitas-es-fizetes\/"},"modified":"2026-02-27T17:05:42","modified_gmt":"2026-02-27T16:05:42","slug":"szallitas-es-fizetes","status":"publish","type":"page","link":"https:\/\/getlux.sk\/hu\/szallitas-es-fizetes\/","title":{"rendered":"Sz\u00e1ll\u00edt\u00e1s \u00e9s fizet\u00e9s"},"content":{"rendered":"\t\t<div data-elementor-type=\"wp-page\" data-elementor-id=\"12947\" class=\"elementor elementor-12947 elementor-1959\">\n\t\t\t\t<div class=\"wd-negative-gap elementor-element elementor-element-3079eac e-flex e-con-boxed e-con e-parent\" data-id=\"3079eac\" data-element_type=\"container\" data-e-type=\"container\">\n\t\t\t\t\t<div class=\"e-con-inner\">\n\t\t\t\t<div class=\"elementor-element elementor-element-5410d7e elementor-widget elementor-widget-heading\" data-id=\"5410d7e\" data-element_type=\"widget\" data-e-type=\"widget\" data-widget_type=\"heading.default\">\n\t\t\t\t<div class=\"elementor-widget-container\">\n\t\t\t\t\t<h3 class=\"elementor-heading-title elementor-size-default\">Sz\u00e1ll\u00edt\u00e1s<\/h3>\t\t\t\t<\/div>\n\t\t\t\t<\/div>\n\t\t\t\t<div class=\"elementor-element elementor-element-3535511 color-scheme-inherit text-left elementor-widget elementor-widget-text-editor\" data-id=\"3535511\" data-element_type=\"widget\" data-e-type=\"widget\" data-widget_type=\"text-editor.default\">\n\t\t\t\t<div class=\"elementor-widget-container\">\n\t\t\t\t\t\t\t\t\t<p><span style=\"font-weight: 400;\">Minden megrendel\u00e9st megb\u00edzhat\u00f3 logisztikai partner\u00fcnk, a Szlov\u00e1k Posta sz\u00e1ll\u00edt. Az \u00e1ruk standard sz\u00e1ll\u00edt\u00e1si ideje a megrendel\u00e9s k\u00e9zhezv\u00e9tel\u00e9t\u0151l sz\u00e1m\u00edtott 7-10 nap. A megrendel\u00e9s felad\u00e1sa ut\u00e1n a megrendel\u00e9sben megadott e-mail c\u00edmre k\u00fcld\u00fcnk egy k\u00f6vet\u00e9si sz\u00e1mot \u00e9s egy k\u00f6zvetlen linket, amellyel a k\u00fcldem\u00e9ny\u00e9t a k\u00f6vetkez\u0151 napon nyomon k\u00f6vetheti.  <\/span><\/p><p>Az \u00e1rlist\u00e1ban felt\u00fcntetett \u00e1rak tartalmazz\u00e1k az \u00c1FA-t. A megrendelt \u00e1rut a megadott c\u00edmre k\u00fcldheti. <\/p><p>Sz\u00e1ll\u00edt\u00e1s DPD fut\u00e1rszolg\u00e1lattal \u2013 A 17:00 \u00f3r\u00e1ig be\u00e9rkezett \u00e9s kifizetett megrendel\u00e9seket m\u00e1snap sz\u00e1ll\u00edtjuk ki rakt\u00e1runkb\u00f3l, a megadott szlov\u00e1kiai c\u00edmre t\u00f6rt\u00e9n\u0151 k\u00e9zbes\u00edt\u00e9s fut\u00e1rszolg\u00e1lattal a k\u00f6vetkez\u0151 munkanapon t\u00f6rt\u00e9nik. A k\u00e9zbes\u00edt\u00e9s t\u00f6bbnyire d\u00e9lel\u0151tt t\u00f6rt\u00e9nik, a fut\u00e1r a k\u00e9zbes\u00edt\u00e9s el\u0151tt felveszi \u00d6nnel a kapcsolatot, \u00e9s lehet\u0151s\u00e9g van egy\u00e9ni sz\u00e1ll\u00edt\u00e1si id\u0151pontban is meg\u00e1llapodni. Az \u00e1rut ut\u00e1nv\u00e9ttel is k\u00e9rheti, \u00e9s a d\u00edjat a fut\u00e1rszolg\u00e1latnak az \u00e1ru \u00e1tv\u00e9telekor fizetheti ki. A DPD-vel egy\u00fcttm\u0171k\u00f6dve a k\u00f6rnyez\u0151 orsz\u00e1gokba is k\u00edn\u00e1lunk sz\u00e1ll\u00edt\u00e1st.   <\/p><p><strong>D\u00edj: 4,10 \u20ac \u00c1FA-val,<\/strong><\/p><p>Sz\u00e1ll\u00edt\u00e1s a Szlov\u00e1k Post\u00e1val &#8211; A megrendelt term\u00e9keket 7 napon bel\u00fcl k\u00e9zbes\u00edtj\u00fck.<\/p><p><strong>D\u00edj: 5,60 \u20ac \u00c1FA-val,<\/strong> <\/p><p>A k\u00fcldem\u00e9ny \u00e1tv\u00e9telekor gondosan ellen\u0151rizni kell a csomagok sz\u00e1m\u00e1t \u00e9s \u00e1llapot\u00e1t (s\u00e9r\u00fcl\u00e9s hi\u00e1nya eset\u00e9n). Ha b\u00e1rmilyen elt\u00e9r\u00e9st \u00e9szlel, azonnal \u00e9rtes\u00edtse a fut\u00e1rszolg\u00e1latot, \u00e9s r\u00f6gz\u00edtse az \u00e1tv\u00e9teli jegyz\u0151k\u00f6nyvben (p\u00e9ld\u00e1ul s\u00e9r\u00fclt csomagol\u00e1s, hi\u00e1nyz\u00f3 csomag a k\u00fcldem\u00e9nyb\u0151l stb.). A sz\u00e1ll\u00edt\u00e1ssal kapcsolatos k\u00e9s\u0151bbi reklam\u00e1ci\u00f3kat a sz\u00e1ll\u00edt\u00f3 nem fogadja el.  <\/p><p>SMS \u00e9rtes\u00edt\u00e9s<br>Rendel\u00e9skor telefonsz\u00e1mra van sz\u00fcks\u00e9g\u00fcnk, hogy k\u00f6nnyebben t\u00e1j\u00e9koztathassuk \u00d6nt a k\u00fcldem\u00e9ny k\u00e9zbes\u00edt\u00e9si \u00e1llapot\u00e1r\u00f3l. A k\u00fcldem\u00e9ny \u00fctemezett k\u00e9zbes\u00edt\u00e9se el\u0151tt egy nappal a c\u00edmzett SMS-t kap a k\u00e9zbes\u00edt\u00e9sr\u0151l, amely tartalmazza a k\u00fcldem\u00e9ny sz\u00e1m\u00e1t \u00e9s az ut\u00e1nv\u00e9tes d\u00edj \u00f6sszeg\u00e9t ut\u00e1nv\u00e9tes sz\u00e1ll\u00edt\u00e1s eset\u00e9n. Ezenk\u00edv\u00fcl a k\u00e9zbes\u00edt\u00e9s napj\u00e1n a c\u00edmzett egy interakt\u00edv SMS-t kap egy 3 \u00f3r\u00e1s k\u00e9zbes\u00edt\u00e9si id\u0151vel. Ha a c\u00edmzett nem \u00e9rt egyet a k\u00e9zbes\u00edt\u00e9si d\u00e1tummal, egyszer\u0171en m\u00f3dos\u00edthatja azt az SMS-re v\u00e1laszolva.   <\/p><p><strong>Az \u00e1rut \u00e1ltal\u00e1ban 24-48 \u00f3r\u00e1n bel\u00fcl kisz\u00e1ll\u00edtjuk.<\/strong><\/p><p><strong>A sz\u00e1ll\u00edt\u00e1si id\u0151 \u00e1ltal\u00e1ban 2-3 nap, egyes esetekben, k\u00fcl\u00f6n\u00f6sen Szlov\u00e1ki\u00e1n k\u00edv\u00fcl, hosszabb is lehet, de maximum 10 nap. <\/strong><\/p><p>T\u00f6bb term\u00e9k rendel\u00e9se eset\u00e9n egy sz\u00e1ll\u00edt\u00e1si d\u00edjat fizet &#8211; a sz\u00e1ll\u00edt\u00e1si d\u00edj nem f\u00fcgg a csomag s\u00faly\u00e1t\u00f3l \u00e9s m\u00e9ret\u00e9t\u0151l. A csomagol\u00e1s ingyenes! <\/p><p><strong>AZ \u00c1R TARTALMAZZA AZ \u00c1FA-T!<\/strong><\/p><p>INGYENES SZ\u00c1LL\u00cdT\u00c1S 100 \u20ac feletti v\u00e1s\u00e1rl\u00e1s eset\u00e9n!<\/p>\t\t\t\t\t\t\t\t<\/div>\n\t\t\t\t<\/div>\n\t\t\t\t<div class=\"elementor-element elementor-element-60fa998 elementor-widget elementor-widget-heading\" data-id=\"60fa998\" data-element_type=\"widget\" data-e-type=\"widget\" data-widget_type=\"heading.default\">\n\t\t\t\t<div class=\"elementor-widget-container\">\n\t\t\t\t\t<h3 class=\"elementor-heading-title elementor-size-default\">Mi van, ha a sz\u00e1ll\u00edtm\u00e1ny k\u00e9sik?<\/h3>\t\t\t\t<\/div>\n\t\t\t\t<\/div>\n\t\t\t\t<div class=\"elementor-element elementor-element-ef931dd color-scheme-inherit text-left elementor-widget elementor-widget-text-editor\" data-id=\"ef931dd\" data-element_type=\"widget\" data-e-type=\"widget\" data-widget_type=\"text-editor.default\">\n\t\t\t\t<div class=\"elementor-widget-container\">\n\t\t\t\t\t\t\t\t\t<p><span style=\"font-weight: 400;\">A legegyszer\u0171bb m\u00f3dja, ha felveszed a kapcsolatot a Szlov\u00e1k Post\u00e1val, a fuvaroz\u00f3val.<\/span><\/p><ol><li><span style=\"font-weight: 400;\">Kapcsolat, Szlov\u00e1k Posta: 0850 122 413 <\/span><\/li><li><span style=\"font-weight: 400;\">\u00dcgyf\u00e9lszolg\u00e1latunkat is felveheti a kapcsolatot a k\u00f6vetkez\u0151 c\u00edmen: <a href=\"tel:+421903990033\">+421 903 990033<\/a> vagy haszn\u00e1lja<a href=\"https:\/\/getlux.sk\/kontakt\/?v=41d6ad0761a5\"> kapcsolatfelv\u00e9teli \u0171rlap<\/a>.<\/span><\/li><\/ol>\t\t\t\t\t\t\t\t<\/div>\n\t\t\t\t<\/div>\n\t\t\t\t<div class=\"elementor-element elementor-element-b8c69bd elementor-widget elementor-widget-heading\" data-id=\"b8c69bd\" data-element_type=\"widget\" data-e-type=\"widget\" data-widget_type=\"heading.default\">\n\t\t\t\t<div class=\"elementor-widget-container\">\n\t\t\t\t\t<h3 class=\"elementor-heading-title elementor-size-default\">Fizet\u00e9si lehet\u0151s\u00e9gek<\/h3>\t\t\t\t<\/div>\n\t\t\t\t<\/div>\n\t\t\t\t<div class=\"elementor-element elementor-element-56ef7be color-scheme-inherit text-left elementor-widget elementor-widget-text-editor\" data-id=\"56ef7be\" data-element_type=\"widget\" data-e-type=\"widget\" data-widget_type=\"text-editor.default\">\n\t\t\t\t<div class=\"elementor-widget-container\">\n\t\t\t\t\t\t\t\t\t<ol><li>Ut\u00e1nv\u00e9tes fizet\u00e9s (ut\u00e1nv\u00e9tes fizet\u00e9s)<br>Term\u00e9szetesen fizethet k\u00e9szp\u00e9nzzel, ut\u00e1nv\u00e9tes fizet\u00e9ssel is. Ha azonban ezt a lehet\u0151s\u00e9get v\u00e1lasztja, a sz\u00e1ll\u00edt\u00f3 \u00e1r\u00e1nak megfelel\u0151 d\u00edjat sz\u00e1m\u00edtunk fel. Az ut\u00e1nv\u00e9tes fizet\u00e9s maxim\u00e1lis rendel\u00e9si \u00e9rt\u00e9ke 100 eur\u00f3.<\/li><li>A QR-k\u00f3ddal t\u00f6rt\u00e9n\u0151 fizet\u00e9s (QR-fizet\u00e9s vagy Pay-by-Square) a k\u00f6zvetlen sz\u00e1ml\u00e1ra t\u00f6rt\u00e9n\u0151 \u00e1tutal\u00e1s modern form\u00e1ja. A megrendel\u00e9s befejez\u00e9se ut\u00e1n olvassa be a QR-k\u00f3dot bankja mobilalkalmaz\u00e1s\u00e1val. Minden adat (IBAN, \u00f6sszeg, v\u00e1ltoz\u00f3 szimb\u00f3lum) automatikusan kit\u00f6lt\u0151dik.  <\/li><li>Bankk\u00e1rty\u00e1s fizet\u00e9s (el\u0151refizet\u00e9s)<br>Biztons\u00e1gos fizet\u00e9si m\u00f3d a k\u00e1rty\u00e1s fizet\u00e9s is, amelyhez a k\u00e1rtyasz\u00e1m, a k\u00e1rtya lej\u00e1rati d\u00e1tuma \u00e9s a CVV-k\u00f3d sz\u00fcks\u00e9ges. A szem\u00e9lyes adatok \u00e1thaladnak a fizet\u00e9si \u00e1tj\u00e1r\u00f3n, amely nem adja \u00e1t nek\u00fcnk ezeket az inform\u00e1ci\u00f3kat. <\/li><li>Online fizet\u00e9s PayPal-on kereszt\u00fcl<br>Manaps\u00e1g ez az egyik legelterjedtebb \u00e9s legbiztons\u00e1gosabb online fizet\u00e9si rendszer az interneten. \u00c9ppen a biztons\u00e1ga \u00e9s sokoldal\u00fas\u00e1ga miatt v\u00e1lasztottuk a PayPalt az \u00d6n \u00e9s online \u00e1ruh\u00e1zunk k\u00f6z\u00f6tti fizet\u00e9sek k\u00f6zvet\u00edt\u00e9s\u00e9re. A rendszer VISA, VISA Electron, Maestro \u00e9s American Express k\u00e1rty\u00e1kat fogad el. Szolg\u00e1ltat\u00e1sait t\u00f6bb mint 100 milli\u00f3 ember haszn\u00e1lja vil\u00e1gszerte, 103 orsz\u00e1gban. <\/li><\/ol>\t\t\t\t\t\t\t\t<\/div>\n\t\t\t\t<\/div>\n\t\t\t\t\t<\/div>\n\t\t\t\t<\/div>\n\t\t\t\t<\/div>\n\t\t","protected":false},"excerpt":{"rendered":"<p>Sz\u00e1ll\u00edt\u00e1s Minden megrendel\u00e9st megb\u00edzhat\u00f3 logisztikai partner\u00fcnk, a Szlov\u00e1k Posta sz\u00e1ll\u00edt. Az \u00e1ruk standard sz\u00e1ll\u00edt\u00e1si ideje a megrendel\u00e9s k\u00e9zhezv\u00e9tel\u00e9t\u0151l sz\u00e1m\u00edtott 7-10<\/p>\n","protected":false},"author":2,"featured_media":0,"parent":0,"menu_order":0,"comment_status":"closed","ping_status":"closed","template":"","meta":{"footnotes":""},"class_list":["post-12947","page","type-page","status-publish","hentry"],"_links":{"self":[{"href":"https:\/\/getlux.sk\/hu\/wp-json\/wp\/v2\/pages\/12947","targetHints":{"allow":["GET"]}}],"collection":[{"href":"https:\/\/getlux.sk\/hu\/wp-json\/wp\/v2\/pages"}],"about":[{"href":"https:\/\/getlux.sk\/hu\/wp-json\/wp\/v2\/types\/page"}],"author":[{"embeddable":true,"href":"https:\/\/getlux.sk\/hu\/wp-json\/wp\/v2\/users\/2"}],"replies":[{"embeddable":true,"href":"https:\/\/getlux.sk\/hu\/wp-json\/wp\/v2\/comments?post=12947"}],"version-history":[{"count":1,"href":"https:\/\/getlux.sk\/hu\/wp-json\/wp\/v2\/pages\/12947\/revisions"}],"predecessor-version":[{"id":12948,"href":"https:\/\/getlux.sk\/hu\/wp-json\/wp\/v2\/pages\/12947\/revisions\/12948"}],"wp:attachment":[{"href":"https:\/\/getlux.sk\/hu\/wp-json\/wp\/v2\/media?parent=12947"}],"curies":[{"name":"wp","href":"https:\/\/api.w.org\/{rel}","templated":true}]}}