{"id":12955,"date":"2024-05-01T13:36:46","date_gmt":"2024-05-01T11:36:46","guid":{"rendered":"https:\/\/getlux.sk\/erintkezes\/"},"modified":"2026-02-27T17:23:57","modified_gmt":"2026-02-27T16:23:57","slug":"erintkezes","status":"publish","type":"page","link":"https:\/\/getlux.sk\/hu\/erintkezes\/","title":{"rendered":"\u00c9rintkez\u00e9s"},"content":{"rendered":"\t\t<div data-elementor-type=\"wp-page\" data-elementor-id=\"12955\" class=\"elementor elementor-12955 elementor-2034\">\n\t\t\t\t<div class=\"wd-negative-gap elementor-element elementor-element-cc49ddf e-flex e-con-boxed e-con e-parent\" data-id=\"cc49ddf\" data-element_type=\"container\" data-e-type=\"container\">\n\t\t\t\t\t<div class=\"e-con-inner\">\n\t\t\t\t<div class=\"elementor-element elementor-element-e6b0fa0 elementor-widget elementor-widget-google_maps\" data-id=\"e6b0fa0\" data-element_type=\"widget\" data-e-type=\"widget\" data-widget_type=\"google_maps.default\">\n\t\t\t\t<div class=\"elementor-widget-container\">\n\t\t\t\t\t\t\t<div class=\"elementor-custom-embed\">\n\t\t\t<iframe loading=\"lazy\"\n\t\t\t\t\tsrc=\"https:\/\/maps.google.com\/maps?q=Bezru%C4%8Dova%203%20%2C%20Tren%C4%8D%C3%ADn%20&#038;t=m&#038;z=14&#038;output=embed&#038;iwloc=near\"\n\t\t\t\t\ttitle=\"Bezru\u010dova 3 , Tren\u010d\u00edn \"\n\t\t\t\t\taria-label=\"Bezru\u010dova 3 , Tren\u010d\u00edn \"\n\t\t\t><\/iframe>\n\t\t<\/div>\n\t\t\t\t\t\t<\/div>\n\t\t\t\t<\/div>\n\t\t\t\t\t<\/div>\n\t\t\t\t<\/div>\n\t\t<div class=\"elementor-element elementor-element-302156d e-flex e-con-boxed e-con e-parent\" data-id=\"302156d\" data-element_type=\"container\" data-e-type=\"container\">\n\t\t\t\t\t<div class=\"e-con-inner\">\n\t\t\t\t<div class=\"elementor-element elementor-element-9ddc01e elementor-widget elementor-widget-heading\" data-id=\"9ddc01e\" data-element_type=\"widget\" data-e-type=\"widget\" data-widget_type=\"heading.default\">\n\t\t\t\t<div class=\"elementor-widget-container\">\n\t\t\t\t\t<h3 class=\"elementor-heading-title elementor-size-default\">L\u00e1togasson el hozz\u00e1nk szem\u00e9lyesen, h\u00edvjon vagy \u00edrjon<\/h3>\t\t\t\t<\/div>\n\t\t\t\t<\/div>\n\t\t\t\t<div class=\"elementor-element elementor-element-1e7bc13 color-scheme-inherit text-left elementor-widget elementor-widget-text-editor\" data-id=\"1e7bc13\" data-element_type=\"widget\" data-e-type=\"widget\" data-widget_type=\"text-editor.default\">\n\t\t\t\t<div class=\"elementor-widget-container\">\n\t\t\t\t\t\t\t\t\t<p>Szeret\u00fcnk kommunik\u00e1lni \u00fcgyfeleinkkel! Ak\u00e1r k\u00e9rd\u00e9se van term\u00e9keinkkel kapcsolatban, ak\u00e1r egyedi megrendel\u00e9st szeretne, vagy egyszer\u0171en csak meg szeretn\u00e9 osztani benyom\u00e1sait, itt vagyunk \u00d6nnek. Ne habozzon kapcsolatba l\u00e9pni vel\u00fcnk az al\u00e1bbi el\u00e9rhet\u0151s\u00e9geken, \u00e9s legyen r\u00e9sze eleganci\u00e1t \u00e9s luxust \u00e1pol\u00f3 k\u00f6z\u00f6ss\u00e9g\u00fcnknek. V\u00e1rjuk jelentkez\u00e9s\u00e9t!   <\/p>\t\t\t\t\t\t\t\t<\/div>\n\t\t\t\t<\/div>\n\t\t\t\t\t<\/div>\n\t\t\t\t<\/div>\n\t\t<div class=\"elementor-element elementor-element-0e8d71c e-grid e-con-boxed e-con e-parent\" data-id=\"0e8d71c\" data-element_type=\"container\" data-e-type=\"container\">\n\t\t\t\t\t<div class=\"e-con-inner\">\n\t\t<div class=\"elementor-element elementor-element-00e2c5b e-con-full e-flex e-con e-child\" data-id=\"00e2c5b\" data-element_type=\"container\" data-e-type=\"container\">\n\t\t\t\t<div class=\"elementor-element elementor-element-80c0a27 elementor-widget elementor-widget-heading\" data-id=\"80c0a27\" data-element_type=\"widget\" data-e-type=\"widget\" data-widget_type=\"heading.default\">\n\t\t\t\t<div class=\"elementor-widget-container\">\n\t\t\t\t\t<h3 class=\"elementor-heading-title elementor-size-default\">El\u00e9rhet\u0151s\u00e9gek<\/h3>\t\t\t\t<\/div>\n\t\t\t\t<\/div>\n\t\t\t\t<div class=\"elementor-element elementor-element-88ff3ac elementor-icon-list--layout-traditional elementor-list-item-link-full_width elementor-widget elementor-widget-icon-list\" data-id=\"88ff3ac\" data-element_type=\"widget\" data-e-type=\"widget\" data-widget_type=\"icon-list.default\">\n\t\t\t\t<div class=\"elementor-widget-container\">\n\t\t\t\t\t\t\t<ul class=\"elementor-icon-list-items\">\n\t\t\t\t\t\t\t<li class=\"elementor-icon-list-item\">\n\t\t\t\t\t\t\t\t\t\t\t<span class=\"elementor-icon-list-icon\">\n\t\t\t\t\t\t\t<svg aria-hidden=\"true\" class=\"e-font-icon-svg e-fas-home\" viewBox=\"0 0 576 512\" xmlns=\"http:\/\/www.w3.org\/2000\/svg\"><path d=\"M280.37 148.26L96 300.11V464a16 16 0 0 0 16 16l112.06-.29a16 16 0 0 0 15.92-16V368a16 16 0 0 1 16-16h64a16 16 0 0 1 16 16v95.64a16 16 0 0 0 16 16.05L464 480a16 16 0 0 0 16-16V300L295.67 148.26a12.19 12.19 0 0 0-15.3 0zM571.6 251.47L488 182.56V44.05a12 12 0 0 0-12-12h-56a12 12 0 0 0-12 12v72.61L318.47 43a48 48 0 0 0-61 0L4.34 251.47a12 12 0 0 0-1.6 16.9l25.5 31A12 12 0 0 0 45.15 301l235.22-193.74a12.19 12.19 0 0 1 15.3 0L530.9 301a12 12 0 0 0 16.9-1.6l25.5-31a12 12 0 0 0-1.7-16.93z\"><\/path><\/svg>\t\t\t\t\t\t<\/span>\n\t\t\t\t\t\t\t\t\t\t<span class=\"elementor-icon-list-text\">Magicsport s.r.o. <\/span>\n\t\t\t\t\t\t\t\t\t<\/li>\n\t\t\t\t\t\t\t\t<li class=\"elementor-icon-list-item\">\n\t\t\t\t\t\t\t\t\t\t\t<span class=\"elementor-icon-list-icon\">\n\t\t\t\t\t\t\t<svg xmlns=\"http:\/\/www.w3.org\/2000\/svg\" xmlns:xlink=\"http:\/\/www.w3.org\/1999\/xlink\" width=\"800px\" height=\"800px\" viewBox=\"-3 0 20 20\" fill=\"#000000\"><g id=\"SVGRepo_bgCarrier\" stroke-width=\"0\"><\/g><g id=\"SVGRepo_tracerCarrier\" stroke-linecap=\"round\" stroke-linejoin=\"round\"><\/g><g id=\"SVGRepo_iconCarrier\"><title>pin_sharp_circle [#624]<\/title><desc>Created with Sketch.<\/desc><defs> <\/defs><g id=\"Page-1\" stroke=\"none\" stroke-width=\"1\" fill=\"none\" fill-rule=\"evenodd\"><g id=\"Dribbble-Light-Preview\" transform=\"translate(-223.000000, -5439.000000)\" fill=\"#000000\"><g id=\"icons\" transform=\"translate(56.000000, 160.000000)\"><path d=\"M176,5286.219 C176,5287.324 175.105,5288.219 174,5288.219 C172.895,5288.219 172,5287.324 172,5286.219 C172,5285.114 172.895,5284.219 174,5284.219 C175.105,5284.219 176,5285.114 176,5286.219 M174,5296 C174,5296 169,5289 169,5286 C169,5283.243 171.243,5281 174,5281 C176.757,5281 179,5283.243 179,5286 C179,5289 174,5296 174,5296 M174,5279 C170.134,5279 167,5282.134 167,5286 C167,5289.866 174,5299 174,5299 C174,5299 181,5289.866 181,5286 C181,5282.134 177.866,5279 174,5279\" id=\"pin_sharp_circle-[#624]\"> <\/path><\/g><\/g><\/g><\/g><\/svg>\t\t\t\t\t\t<\/span>\n\t\t\t\t\t\t\t\t\t\t<span class=\"elementor-icon-list-text\">ul. Bezru\u010dova 1191\/3 , Tren\u010d\u00edn 911 01 <\/span>\n\t\t\t\t\t\t\t\t\t<\/li>\n\t\t\t\t\t\t\t\t<li class=\"elementor-icon-list-item\">\n\t\t\t\t\t\t\t\t\t\t\t<a href=\"tel:+421903990033\">\n\n\t\t\t\t\t\t\t\t\t\t\t\t<span class=\"elementor-icon-list-icon\">\n\t\t\t\t\t\t\t<svg xmlns=\"http:\/\/www.w3.org\/2000\/svg\" xmlns:xlink=\"http:\/\/www.w3.org\/1999\/xlink\" width=\"800px\" height=\"800px\" viewBox=\"-4 0 20 20\"><title>phone [#226]<\/title><desc>Created with Sketch.<\/desc><defs> <\/defs><g id=\"Page-1\" stroke=\"none\" stroke-width=\"1\" fill=\"none\" fill-rule=\"evenodd\"><g id=\"Dribbble-Light-Preview\" transform=\"translate(-344.000000, -7159.000000)\" fill=\"#000000\"><g id=\"icons\" transform=\"translate(56.000000, 160.000000)\"><path d=\"M290,7017 L298,7017 L298,7001 L290,7001 L290,7017 Z M288,7019 L288,7019 L288,6999 L300,6999 L300,7019 L288,7019 Z M293.042,7015 L295.042,7015 L295.042,7013 L293.042,7013 L293.042,7015 Z\" id=\"phone-[#226]\"> <\/path><\/g><\/g><\/g><\/svg>\t\t\t\t\t\t<\/span>\n\t\t\t\t\t\t\t\t\t\t<span class=\"elementor-icon-list-text\">+421 903 990 033<\/span>\n\t\t\t\t\t\t\t\t\t\t\t<\/a>\n\t\t\t\t\t\t\t\t\t<\/li>\n\t\t\t\t\t\t\t\t<li class=\"elementor-icon-list-item\">\n\t\t\t\t\t\t\t\t\t\t\t<a href=\"mailto:info@getlux.sk\">\n\n\t\t\t\t\t\t\t\t\t\t\t\t<span class=\"elementor-icon-list-icon\">\n\t\t\t\t\t\t\t<svg xmlns=\"http:\/\/www.w3.org\/2000\/svg\" xmlns:xlink=\"http:\/\/www.w3.org\/1999\/xlink\" width=\"800px\" height=\"800px\" viewBox=\"0 0 20 20\"><title>email [#1571]<\/title><desc>Created with Sketch.<\/desc><defs> <\/defs><g id=\"Page-1\" stroke=\"none\" stroke-width=\"1\" fill=\"none\" fill-rule=\"evenodd\"><g id=\"Dribbble-Light-Preview\" transform=\"translate(-380.000000, -919.000000)\" fill=\"#000000\"><g id=\"icons\" transform=\"translate(56.000000, 160.000000)\"><path d=\"M342,762.926 L334,769.953 L326,762.916 L326,761 L342,761 L342,762.926 Z M326,777 L326,765.58 L334,772.615 L342,765.588 L342,777 L326,777 Z M324,779 L344,779 L344,759 L324,759 L324,779 Z\" id=\"email-[#1571]\"> <\/path><\/g><\/g><\/g><\/svg>\t\t\t\t\t\t<\/span>\n\t\t\t\t\t\t\t\t\t\t<span class=\"elementor-icon-list-text\">info@getlux.sk<\/span>\n\t\t\t\t\t\t\t\t\t\t\t<\/a>\n\t\t\t\t\t\t\t\t\t<\/li>\n\t\t\t\t\t\t<\/ul>\n\t\t\t\t\t\t<\/div>\n\t\t\t\t<\/div>\n\t\t\t\t<\/div>\n\t\t<div class=\"elementor-element elementor-element-1e3bae2 e-con-full e-flex e-con e-child\" data-id=\"1e3bae2\" data-element_type=\"container\" data-e-type=\"container\">\n\t\t\t\t<div class=\"elementor-element elementor-element-2368c90 wd-cf7 elementor-widget elementor-widget-wd_contact_form_7\" data-id=\"2368c90\" data-element_type=\"widget\" data-e-type=\"widget\" data-widget_type=\"wd_contact_form_7.default\">\n\t\t\t\t<div class=\"elementor-widget-container\">\n\t\t\t\t\t\n<div class=\"wpcf7 no-js\" id=\"wpcf7-f28591-o1\" lang=\"hu-HU\" dir=\"ltr\" data-wpcf7-id=\"28591\">\n<div class=\"screen-reader-response\"><p role=\"status\" aria-live=\"polite\" aria-atomic=\"true\"><\/p> <ul><\/ul><\/div>\n<form action=\"\/hu\/wp-json\/wp\/v2\/pages\/12955#wpcf7-f28591-o1\" method=\"post\" class=\"wpcf7-form init\" aria-label=\"Kapcsolatfelv\u00e9teli \u0171rlap\" novalidate=\"novalidate\" data-status=\"init\">\n<fieldset class=\"hidden-fields-container\"><input type=\"hidden\" name=\"_wpcf7\" value=\"28591\" \/><input type=\"hidden\" name=\"_wpcf7_version\" value=\"6.1.5\" \/><input type=\"hidden\" name=\"_wpcf7_locale\" value=\"hu_HU\" \/><input type=\"hidden\" name=\"_wpcf7_unit_tag\" value=\"wpcf7-f28591-o1\" \/><input type=\"hidden\" name=\"_wpcf7_container_post\" value=\"0\" \/><input type=\"hidden\" name=\"_wpcf7_posted_data_hash\" value=\"\" \/>\n<\/fieldset>\n<p><label> A te neved<br \/>\n<span class=\"wpcf7-form-control-wrap\" data-name=\"your-name\"><input size=\"40\" maxlength=\"400\" class=\"wpcf7-form-control wpcf7-text wpcf7-validates-as-required\" autocomplete=\"name\" aria-required=\"true\" aria-invalid=\"false\" value=\"\" type=\"text\" name=\"your-name\" \/><\/span> <\/label>\n<\/p>\n<p><label> Az \u00d6n email c\u00edme<br \/>\n<span class=\"wpcf7-form-control-wrap\" data-name=\"your-email\"><input size=\"40\" maxlength=\"400\" class=\"wpcf7-form-control wpcf7-email wpcf7-validates-as-required wpcf7-text wpcf7-validates-as-email\" autocomplete=\"email\" aria-required=\"true\" aria-invalid=\"false\" value=\"\" type=\"email\" name=\"your-email\" \/><\/span> <\/label>\n<\/p>\n<p><label> T\u00e9ma<br \/>\n<span class=\"wpcf7-form-control-wrap\" data-name=\"your-subject\"><input size=\"40\" maxlength=\"400\" class=\"wpcf7-form-control wpcf7-text wpcf7-validates-as-required\" aria-required=\"true\" aria-invalid=\"false\" value=\"\" type=\"text\" name=\"your-subject\" \/><\/span> <\/label>\n<\/p>\n<p><label> Az \u00fczeneted (opcion\u00e1lis)<br \/>\n<span class=\"wpcf7-form-control-wrap\" data-name=\"your-message\"><textarea cols=\"40\" rows=\"10\" maxlength=\"2000\" class=\"wpcf7-form-control wpcf7-textarea\" aria-invalid=\"false\" name=\"your-message\"><\/textarea><\/span> <\/label>\n<\/p>\n<p><span class=\"wpcf7-form-control-wrap\" data-name=\"math-quiz\"><label><span class=\"wpcf7-quiz-label\">1+3=?<\/span> <input size=\"40\" class=\"wpcf7-form-control wpcf7-quiz\" autocomplete=\"off\" aria-required=\"true\" aria-invalid=\"false\" type=\"text\" name=\"math-quiz\" \/><\/label><input type=\"hidden\" name=\"_wpcf7_quiz_answer_math-quiz\" value=\"8011c78a5ba64ee3e648f74284a86f6d\" \/><\/span>\n<\/p>\n<p><input class=\"wpcf7-form-control wpcf7-submit has-spinner\" type=\"submit\" value=\"Elk\u00fcld\" \/>\n<\/p><p style=\"display: none !important;\" class=\"akismet-fields-container\" data-prefix=\"_wpcf7_ak_\"><label>&#916;<textarea name=\"_wpcf7_ak_hp_textarea\" cols=\"45\" rows=\"8\" maxlength=\"100\"><\/textarea><\/label><input type=\"hidden\" id=\"ak_js_1\" name=\"_wpcf7_ak_js\" value=\"233\"\/><script>document.getElementById( \"ak_js_1\" ).setAttribute( \"value\", ( new Date() ).getTime() );<\/script><\/p><div class=\"wpcf7-response-output\" aria-hidden=\"true\"><\/div>\n<\/form>\n<\/div>\n\t\t\t\t<\/div>\n\t\t\t\t<\/div>\n\t\t\t\t<\/div>\n\t\t\t\t\t<\/div>\n\t\t\t\t<\/div>\n\t\t<div class=\"wd-negative-gap elementor-element elementor-element-fc77fca e-grid e-con-boxed e-con e-parent\" data-id=\"fc77fca\" data-element_type=\"container\" data-e-type=\"container\">\n\t\t\t\t\t<div class=\"e-con-inner\">\n\t\t\t\t<div class=\"elementor-element elementor-element-3995603 elementor-widget elementor-widget-wd_text_block\" data-id=\"3995603\" data-element_type=\"widget\" data-e-type=\"widget\" data-widget_type=\"wd_text_block.default\">\n\t\t\t\t<div class=\"elementor-widget-container\">\n\t\t\t\t\t\t\t<div class=\"wd-text-block reset-last-child text-left\">\n\t\t\t\n\t\t\t<h3 class=\"isSelectedEnd\"><strong>Luxus designer ruh\u00e1k. Eredeti, st\u00edlusos. <\/strong><\/h3><p class=\"isSelectedEnd\">Fedezz fel pr\u00e9mium darabokat olyan vil\u00e1gh\u00edr\u0171 m\u00e1rk\u00e1kt\u00f3l, mint a Versace, Valentino, Dsquared2, Gucci, Moschino \u00e9s m\u00e9g sok m\u00e1s.<br>100%-ban eredeti term\u00e9kek, gyors sz\u00e1ll\u00edt\u00e1s \u00e9s nagyszer\u0171 \u00e1rak \u2013 kompromisszumok n\u00e9lk\u00fcl.<\/p><p>\ud83d\udc49 Eredetis\u00e9g garancia | Ingyenes sz\u00e1ll\u00edt\u00e1s | Biztons\u00e1gos fizet\u00e9s<\/p>\n\t\t\t\t\t<\/div>\n\t\t\t\t\t\t<\/div>\n\t\t\t\t<\/div>\n\t\t\t\t<div class=\"elementor-element elementor-element-4c44b00 elementor-widget elementor-widget-wd_text_block\" data-id=\"4c44b00\" data-element_type=\"widget\" data-e-type=\"widget\" data-widget_type=\"wd_text_block.default\">\n\t\t\t\t<div class=\"elementor-widget-container\">\n\t\t\t\t\t\t\t<div class=\"wd-text-block reset-last-child text-left\">\n\t\t\t\n\t\t\t<h3>Designer ruh\u00e1k online \u2013 egy st\u00edlus, ami kiemelkedik<\/h3><p class=\"isSelectedEnd\">Luxus designer ruh\u00e1kat keresel online nagyszer\u0171 \u00e1ron? A getlux.sk oldalon pr\u00e9mium darabok sz\u00e9les v\u00e1laszt\u00e9k\u00e1t tal\u00e1lod f\u00e9rfiaknak \u00e9s n\u0151knek - p\u00f3l\u00f3k, pul\u00f3verek, dzsekik, sportcip\u0151k \u00e9s kieg\u00e9sz\u00edt\u0151k. <\/p><p>\ud83d\udc49 Eredeti term\u00e9keket k\u00edn\u00e1lunk elismert m\u00e1rk\u00e1kt\u00f3l, amelyek a min\u0151s\u00e9g, az egyedi diz\u00e1jn \u00e9s a magabiztos st\u00edlus szimb\u00f3lumai. V\u00e1s\u00e1roljon k\u00e9nyelmesen online, az eredetis\u00e9g bizonyoss\u00e1g\u00e1val \u00e9s rejtett k\u00f6lts\u00e9gek n\u00e9lk\u00fcl. <\/p>\n\t\t\t\t\t<\/div>\n\t\t\t\t\t\t<\/div>\n\t\t\t\t<\/div>\n\t\t\t\t\t<\/div>\n\t\t\t\t<\/div>\n\t\t<div class=\"wd-negative-gap elementor-element elementor-element-1a2af7c e-flex e-con-boxed e-con e-parent\" data-id=\"1a2af7c\" data-element_type=\"container\" data-e-type=\"container\">\n\t\t\t\t\t<div class=\"e-con-inner\">\n\t\t\t\t<div class=\"elementor-element elementor-element-8ebfd9a elementor-widget elementor-widget-wd_text_block\" data-id=\"8ebfd9a\" data-element_type=\"widget\" data-e-type=\"widget\" data-widget_type=\"wd_text_block.default\">\n\t\t\t\t<div class=\"elementor-widget-container\">\n\t\t\t\t\t\t\t<div class=\"wd-text-block reset-last-child text-left\">\n\t\t\t\n\t\t\t<h3>K\u00e9rd\u00e9se van? Tekintse meg aj\u00e1nlatunkat <\/h3><p class=\"isSelectedEnd\">Ha kapcsolatba l\u00e9pett vel\u00fcnk egy term\u00e9kkel, el\u00e9rhet\u0151s\u00e9ggel vagy rendel\u00e9ssel kapcsolatban, az eredeti designer ruh\u00e1k teljes k\u00edn\u00e1lat\u00e1t k\u00f6zvetlen\u00fcl az e-boltunkban tal\u00e1lja.<span style=\"font-size: 14px;\"> <\/span><\/p><p>\u00d6r\u00f6mmel seg\u00edt\u00fcnk a v\u00e1laszt\u00e1sban vagy a rendel\u00e9s lead\u00e1s\u00e1ban.<\/p>\n\t\t\t\t\t<\/div>\n\t\t\t\t\t\t<\/div>\n\t\t\t\t<\/div>\n\t\t<div class=\"elementor-element elementor-element-4630aa3 e-grid e-con-full e-con e-child\" data-id=\"4630aa3\" data-element_type=\"container\" data-e-type=\"container\">\n\t\t\t\t<div class=\"elementor-element elementor-element-7e41447 elementor-align-center elementor-widget elementor-widget-button\" data-id=\"7e41447\" data-element_type=\"widget\" data-e-type=\"widget\" data-widget_type=\"button.default\">\n\t\t\t\t<div class=\"elementor-widget-container\">\n\t\t\t\t\t\t\t\t\t<div class=\"elementor-button-wrapper\">\n\t\t\t\t\t<a class=\"elementor-button elementor-button-link elementor-size-sm\" href=\"https:\/\/getlux.sk\/hu\/shop\/?v=41d6ad0761a5\">\n\t\t\t\t\t\t<span class=\"elementor-button-content-wrapper\">\n\t\t\t\t\t\t\t\t\t<span class=\"elementor-button-text\">Tekintse meg a teljes \u00e1ruh\u00e1zat<\/span>\n\t\t\t\t\t<\/span>\n\t\t\t\t\t<\/a>\n\t\t\t\t<\/div>\n\t\t\t\t\t\t\t\t<\/div>\n\t\t\t\t<\/div>\n\t\t\t\t<div class=\"elementor-element elementor-element-1843d15 elementor-align-center elementor-widget elementor-widget-button\" data-id=\"1843d15\" data-element_type=\"widget\" data-e-type=\"widget\" data-widget_type=\"button.default\">\n\t\t\t\t<div class=\"elementor-widget-container\">\n\t\t\t\t\t\t\t\t\t<div class=\"elementor-button-wrapper\">\n\t\t\t\t\t<a class=\"elementor-button elementor-button-link elementor-size-sm\" href=\"https:\/\/getlux.sk\/znacky\/?v=41d6ad0761a5\">\n\t\t\t\t\t\t<span class=\"elementor-button-content-wrapper\">\n\t\t\t\t\t\t\t\t\t<span class=\"elementor-button-text\">M\u00e1rk\u00e1k megtekint\u00e9se<\/span>\n\t\t\t\t\t<\/span>\n\t\t\t\t\t<\/a>\n\t\t\t\t<\/div>\n\t\t\t\t\t\t\t\t<\/div>\n\t\t\t\t<\/div>\n\t\t\t\t<div class=\"elementor-element elementor-element-d21e796 elementor-align-center elementor-widget elementor-widget-button\" data-id=\"d21e796\" data-element_type=\"widget\" data-e-type=\"widget\" data-widget_type=\"button.default\">\n\t\t\t\t<div class=\"elementor-widget-container\">\n\t\t\t\t\t\t\t\t\t<div class=\"elementor-button-wrapper\">\n\t\t\t\t\t<a class=\"elementor-button elementor-button-link elementor-size-sm\" href=\"https:\/\/getlux.sk\/hu\/shop\/?orderby=popularity&#038;v=41d6ad0761a5\">\n\t\t\t\t\t\t<span class=\"elementor-button-content-wrapper\">\n\t\t\t\t\t\t\t\t\t<span class=\"elementor-button-text\">Legn\u00e9pszer\u0171bb darabok<\/span>\n\t\t\t\t\t<\/span>\n\t\t\t\t\t<\/a>\n\t\t\t\t<\/div>\n\t\t\t\t\t\t\t\t<\/div>\n\t\t\t\t<\/div>\n\t\t\t\t<\/div>\n\t\t\t\t<div class=\"elementor-element elementor-element-a54e791 elementor-widget-divider--view-line elementor-widget elementor-widget-divider\" data-id=\"a54e791\" data-element_type=\"widget\" data-e-type=\"widget\" data-widget_type=\"divider.default\">\n\t\t\t\t<div class=\"elementor-widget-container\">\n\t\t\t\t\t\t\t<div class=\"elementor-divider\">\n\t\t\t<span class=\"elementor-divider-separator\">\n\t\t\t\t\t\t<\/span>\n\t\t<\/div>\n\t\t\t\t\t\t<\/div>\n\t\t\t\t<\/div>\n\t\t\t\t\t<\/div>\n\t\t\t\t<\/div>\n\t\t\t\t<\/div>\n\t\t","protected":false},"excerpt":{"rendered":"<p>L\u00e1togasson el hozz\u00e1nk szem\u00e9lyesen, h\u00edvjon vagy \u00edrjon Szeret\u00fcnk kommunik\u00e1lni \u00fcgyfeleinkkel! Ak\u00e1r k\u00e9rd\u00e9se van term\u00e9keinkkel kapcsolatban, ak\u00e1r egyedi megrendel\u00e9st szeretne, vagy<\/p>\n","protected":false},"author":2,"featured_media":0,"parent":0,"menu_order":0,"comment_status":"closed","ping_status":"closed","template":"","meta":{"footnotes":""},"class_list":["post-12955","page","type-page","status-publish","hentry"],"_links":{"self":[{"href":"https:\/\/getlux.sk\/hu\/wp-json\/wp\/v2\/pages\/12955","targetHints":{"allow":["GET"]}}],"collection":[{"href":"https:\/\/getlux.sk\/hu\/wp-json\/wp\/v2\/pages"}],"about":[{"href":"https:\/\/getlux.sk\/hu\/wp-json\/wp\/v2\/types\/page"}],"author":[{"embeddable":true,"href":"https:\/\/getlux.sk\/hu\/wp-json\/wp\/v2\/users\/2"}],"replies":[{"embeddable":true,"href":"https:\/\/getlux.sk\/hu\/wp-json\/wp\/v2\/comments?post=12955"}],"version-history":[{"count":1,"href":"https:\/\/getlux.sk\/hu\/wp-json\/wp\/v2\/pages\/12955\/revisions"}],"predecessor-version":[{"id":12956,"href":"https:\/\/getlux.sk\/hu\/wp-json\/wp\/v2\/pages\/12955\/revisions\/12956"}],"wp:attachment":[{"href":"https:\/\/getlux.sk\/hu\/wp-json\/wp\/v2\/media?parent=12955"}],"curies":[{"name":"wp","href":"https:\/\/api.w.org\/{rel}","templated":true}]}}