{"id":12972,"date":"2024-05-01T13:08:09","date_gmt":"2024-05-01T11:08:09","guid":{"rendered":"https:\/\/getlux.sk\/rolunk\/"},"modified":"2026-03-03T11:45:33","modified_gmt":"2026-03-03T10:45:33","slug":"rolunk","status":"publish","type":"page","link":"https:\/\/getlux.sk\/hu\/rolunk\/","title":{"rendered":"R\u00f3lunk"},"content":{"rendered":"\t\t<div data-elementor-type=\"wp-page\" data-elementor-id=\"12972\" class=\"elementor elementor-12972 elementor-2014\">\n\t\t\t\t<div class=\"elementor-element elementor-element-21e0179 e-flex e-con-boxed e-con e-parent\" data-id=\"21e0179\" data-element_type=\"container\" data-e-type=\"container\">\n\t\t\t\t\t<div class=\"e-con-inner\">\n\t\t\t\t<div class=\"elementor-element elementor-element-823be7e elementor-widget elementor-widget-image\" data-id=\"823be7e\" data-element_type=\"widget\" data-e-type=\"widget\" data-widget_type=\"image.default\">\n\t\t\t\t<div class=\"elementor-widget-container\">\n\t\t\t\t\t\t\t\t\t\t\t\t\t\t\t<img loading=\"lazy\" decoding=\"async\" width=\"1536\" height=\"1024\" src=\"https:\/\/getlux.sk\/wp-content\/uploads\/2026\/02\/foto_firma_getlux_1.webp\" class=\"attachment-full size-full wp-image-12971\" alt=\"\" srcset=\"https:\/\/getlux.sk\/wp-content\/uploads\/2026\/02\/foto_firma_getlux_1.webp 1536w, https:\/\/getlux.sk\/wp-content\/uploads\/2026\/02\/foto_firma_getlux_1-300x200.webp 300w, https:\/\/getlux.sk\/wp-content\/uploads\/2026\/02\/foto_firma_getlux_1-1024x683.webp 1024w, https:\/\/getlux.sk\/wp-content\/uploads\/2026\/02\/foto_firma_getlux_1-768x512.webp 768w, https:\/\/getlux.sk\/wp-content\/uploads\/2026\/02\/foto_firma_getlux_1-600x400.webp 600w, https:\/\/getlux.sk\/wp-content\/uploads\/2026\/02\/foto_firma_getlux_1-150x100.webp 150w\" sizes=\"auto, (max-width: 1536px) 100vw, 1536px\" \/>\t\t\t\t\t\t\t\t\t\t\t\t\t\t\t<\/div>\n\t\t\t\t<\/div>\n\t\t\t\t<div class=\"elementor-element elementor-element-4d18db7 color-scheme-inherit text-left elementor-widget elementor-widget-text-editor\" data-id=\"4d18db7\" data-element_type=\"widget\" data-e-type=\"widget\" data-widget_type=\"text-editor.default\">\n\t\t\t\t<div class=\"elementor-widget-container\">\n\t\t\t\t\t\t\t\t\t<p>A magicsport s.r.o. t\u00f6rt\u00e9nete 2015-ben kezd\u0151d\u00f6tt, amikor Szlov\u00e1ki\u00e1ban az els\u0151k k\u00f6z\u00f6tt kezdte forgalmazni a neves vil\u00e1ggy\u00e1rt\u00f3k \u00e9s m\u00e1rk\u00e1k divatcikkeit. 2017-ben sikeresen megvetette a l\u00e1b\u00e1t az online kiskereskedelmi piacon, ahol \u00e9rt\u00e9kes\u00edt\u00e9si koncepci\u00f3j\u00e1val \u00e1tt\u00f6r\u00e9st \u00e9rt el. Ez f\u0151k\u00e9nt a kiv\u00e1l\u00f3 min\u0151s\u00e9g\u0171 \u00e1ruk \u00e9s szolg\u00e1ltat\u00e1sok rendk\u00edv\u00fcl kedvez\u0151 \u00e1ron t\u00f6rt\u00e9n\u0151 k\u00edn\u00e1lat\u00e1t foglalja mag\u00e1ban, hogy t\u00f6bb eur\u00f3pai orsz\u00e1gban is el\u00e9rje a potenci\u00e1lis \u00fcgyfeleket. Az internetes \u00e9rt\u00e9kes\u00edt\u00e9s kifinomult megk\u00f6zel\u00edt\u00e9s\u00e9vel els\u0151sorban azokat az \u00fcgyfeleket szolg\u00e1ljuk ki, akik gyors, biztons\u00e1gos \u00e9s k\u00e9nyelmes v\u00e1s\u00e1rl\u00e1si m\u00f3dot keresnek. K\u00e9pzett munkat\u00e1rsaink tan\u00e1csad\u00e1sa vagy t\u00e1mogat\u00e1sa priorit\u00e1st \u00e9lvez. Az \u00fcgyfelek sz\u00e1m\u00e1ra ny\u00fajtott sz\u00e9lesk\u00f6r\u0171 szolg\u00e1ltat\u00e1sok is term\u00e9szetesek \u00e9s el\u0151ny\u00f6sek, mint p\u00e9ld\u00e1ul az \u00e1ruk azonnali cser\u00e9j\u00e9nek, visszak\u00fcld\u00e9s\u00e9nek lehet\u0151s\u00e9ge \u00e9s sz\u00e1mos egy\u00e9b szolg\u00e1ltat\u00e1s. C\u00e9g\u00fcnk egy\u00e9ni megk\u00f6zel\u00edt\u00e9st alkalmaz az \u00fcgyfelekkel szemben, legyen sz\u00f3 ak\u00e1r a term\u00e9kv\u00e1laszt\u00e1ssal kapcsolatos szakmai tan\u00e1csad\u00e1sr\u00f3l, ak\u00e1r a VIP \u00fcgyfelek sz\u00e1m\u00e1ra megfelel\u0151 egyedi \u00e1raj\u00e1nlatokr\u00f3l.       <\/p>\t\t\t\t\t\t\t\t<\/div>\n\t\t\t\t<\/div>\n\t\t\t\t\t<\/div>\n\t\t\t\t<\/div>\n\t\t<div class=\"wd-negative-gap elementor-element elementor-element-68b26b6 e-flex e-con-boxed e-con e-parent\" data-id=\"68b26b6\" data-element_type=\"container\" data-e-type=\"container\">\n\t\t\t\t\t<div class=\"e-con-inner\">\n\t\t<div class=\"elementor-element elementor-element-21dfbcb e-con-full e-flex e-con e-child\" data-id=\"21dfbcb\" data-element_type=\"container\" data-e-type=\"container\">\n\t\t\t\t<div class=\"elementor-element elementor-element-2cb4a0a elementor-widget elementor-widget-heading\" data-id=\"2cb4a0a\" data-element_type=\"widget\" data-e-type=\"widget\" data-widget_type=\"heading.default\">\n\t\t\t\t<div class=\"elementor-widget-container\">\n\t\t\t\t\t<h3 class=\"elementor-heading-title elementor-size-default\">Filoz\u00f3fi\u00e1nk<\/h3>\t\t\t\t<\/div>\n\t\t\t\t<\/div>\n\t\t\t\t<div class=\"elementor-element elementor-element-297f971 color-scheme-inherit text-left elementor-widget elementor-widget-text-editor\" data-id=\"297f971\" data-element_type=\"widget\" data-e-type=\"widget\" data-widget_type=\"text-editor.default\">\n\t\t\t\t<div class=\"elementor-widget-container\">\n\t\t\t\t\t\t\t\t\t<p>A Getlux c\u00e9lja, hogy a lehet\u0151 legjobb szolg\u00e1ltat\u00e1st ny\u00fajtsa \u00e9s biztos\u00edtsa term\u00e9keinket v\u00e1s\u00e1rl\u00f3 \u00fcgyfelei sz\u00e1m\u00e1ra, mert tudjuk, hogy v\u00e1llalatunk minden sikere m\u00f6g\u00f6tt el\u00e9gedett \u00fcgyfeleink \u00e1llnak. \u0150k azok, akik a m\u00e1rk\u00e1s term\u00e9kek vezet\u0151 elad\u00f3i k\u00f6z\u00e9 emelnek minket, \u00e9s \u0151k a hajt\u00f3erej\u00fck \u00e9s motiv\u00e1ci\u00f3juk a k\u00edn\u00e1lt szolg\u00e1ltat\u00e1sok folyamatos fejleszt\u00e9s\u00e9re. <\/p>\t\t\t\t\t\t\t\t<\/div>\n\t\t\t\t<\/div>\n\t\t\t\t<\/div>\n\t\t<div class=\"elementor-element elementor-element-c808379 e-con-full e-flex e-con e-child\" data-id=\"c808379\" data-element_type=\"container\" data-e-type=\"container\">\n\t\t\t\t<div class=\"elementor-element elementor-element-4a1ece2 elementor-widget elementor-widget-heading\" data-id=\"4a1ece2\" data-element_type=\"widget\" data-e-type=\"widget\" data-widget_type=\"heading.default\">\n\t\t\t\t<div class=\"elementor-widget-container\">\n\t\t\t\t\t<h3 class=\"elementor-heading-title elementor-size-default\">A c\u00e9lunk<\/h3>\t\t\t\t<\/div>\n\t\t\t\t<\/div>\n\t\t\t\t<div class=\"elementor-element elementor-element-15c9c13 color-scheme-inherit text-left elementor-widget elementor-widget-text-editor\" data-id=\"15c9c13\" data-element_type=\"widget\" data-e-type=\"widget\" data-widget_type=\"text-editor.default\">\n\t\t\t\t<div class=\"elementor-widget-container\">\n\t\t\t\t\t\t\t\t\t<p>C\u00e9lunk az el\u00e9gedett \u00fcgyf\u00e9l. Arra t\u00f6reksz\u00fcnk, hogy folyamatosan fejlessz\u00fck szolg\u00e1ltat\u00e1saink sz\u00ednvonal\u00e1t, b\u0151v\u00edts\u00fck a vezet\u0151 glob\u00e1lis divatm\u00e1rk\u00e1k term\u00e9kk\u00edn\u00e1lat\u00e1t, garant\u00e1ljuk a lehet\u0151 legjobb \u00e1rakat, rendszeresen t\u00e1j\u00e9koztatjuk \u00fcgyfeleinket az \u00fajdons\u00e1gokr\u00f3l \u00e9s akci\u00f3kr\u00f3l h\u00edrlevelek \u00e9s sz\u00f3r\u00f3lapok seg\u00edts\u00e9g\u00e9vel. Annak \u00e9rdek\u00e9ben, hogy jobban megismerj\u00fck \u00fcgyfeleinket, intenz\u00edven kommunik\u00e1lunk a k\u00f6z\u00f6ss\u00e9gi oldalakon, az FB-n \u00e9s az Instagramon kereszt\u00fcl is.  <\/p>\t\t\t\t\t\t\t\t<\/div>\n\t\t\t\t<\/div>\n\t\t\t\t<\/div>\n\t\t<div class=\"elementor-element elementor-element-8a2a3b8 e-con-full e-flex e-con e-child\" data-id=\"8a2a3b8\" data-element_type=\"container\" data-e-type=\"container\">\n\t\t\t\t<div class=\"elementor-element elementor-element-7b6340d elementor-widget elementor-widget-heading\" data-id=\"7b6340d\" data-element_type=\"widget\" data-e-type=\"widget\" data-widget_type=\"heading.default\">\n\t\t\t\t<div class=\"elementor-widget-container\">\n\t\t\t\t\t<h3 class=\"elementor-heading-title elementor-size-default\">A mi j\u00f6v\u0151k\u00e9p\u00fcnk<\/h3>\t\t\t\t<\/div>\n\t\t\t\t<\/div>\n\t\t\t\t<div class=\"elementor-element elementor-element-9e4e5b6 color-scheme-inherit text-left elementor-widget elementor-widget-text-editor\" data-id=\"9e4e5b6\" data-element_type=\"widget\" data-e-type=\"widget\" data-widget_type=\"text-editor.default\">\n\t\t\t\t<div class=\"elementor-widget-container\">\n\t\t\t\t\t\t\t\t\t<p>Tudjuk, hogy sikeres v\u00e1llalatt\u00e1 v\u00e1lni nem k\u00f6nny\u0171. Azonban sokkal nehezebb annak maradni \u00e9s fejl\u0151dni. Ez\u00e9rt arra t\u00f6reksz\u00fcnk, hogy folyamatosan \u00e9p\u00edts\u00fck a GETLUX m\u00e1rk\u00e1t a k\u00edn\u00e1lat b\u0151v\u00edt\u00e9s\u00e9vel, a legkedvez\u0151bb \u00e1rak \u00e9s mindenekel\u0151tt a magas sz\u00ednvonal\u00fa szolg\u00e1ltat\u00e1sok k\u00edn\u00e1lat\u00e1val.  <\/p>\t\t\t\t\t\t\t\t<\/div>\n\t\t\t\t<\/div>\n\t\t\t\t<\/div>\n\t\t\t\t\t<\/div>\n\t\t\t\t<\/div>\n\t\t<div class=\"wd-negative-gap elementor-element elementor-element-54bf048 e-flex e-con-boxed e-con e-parent\" data-id=\"54bf048\" data-element_type=\"container\" data-e-type=\"container\">\n\t\t\t\t\t<div class=\"e-con-inner\">\n\t\t<div class=\"elementor-element elementor-element-4ccd7db e-con-full e-flex e-con e-child\" data-id=\"4ccd7db\" data-element_type=\"container\" data-e-type=\"container\">\n\t\t\t\t<div class=\"elementor-element elementor-element-dbe8a74 elementor-widget elementor-widget-wd_text_block\" data-id=\"dbe8a74\" data-element_type=\"widget\" data-e-type=\"widget\" data-widget_type=\"wd_text_block.default\">\n\t\t\t\t<div class=\"elementor-widget-container\">\n\t\t\t\t\t\t\t<div class=\"wd-text-block reset-last-child text-center\">\n\t\t\t\n\t\t\t<h1>\ud83d\udc49 Fedezd fel k\u00edn\u00e1latunkat \ud83d\udc49<\/h1><p class=\"isSelectedEnd\">Ha \u00fagy d\u00f6nt\u00f6tt, hogy a Getlux a megfelel\u0151 hely luxus designer ruh\u00e1k v\u00e1s\u00e1rl\u00e1s\u00e1ra, tekintse meg aktu\u00e1lis k\u00edn\u00e1latunkat.<\/p><p>N\u00e1lunk gondosan v\u00e1logatott, eredeti term\u00e9keket tal\u00e1l pr\u00e9mium m\u00e1rk\u00e1kt\u00f3l, amelyek \u00f6tv\u00f6zik a min\u0151s\u00e9get, a st\u00edlust \u00e9s az id\u0151tlen diz\u00e1jnt.<\/p>\n\t\t\t\t\t<\/div>\n\t\t\t\t\t\t<\/div>\n\t\t\t\t<\/div>\n\t\t\t\t<\/div>\n\t\t<div class=\"wd-negative-gap elementor-element elementor-element-40def28 e-grid e-con-boxed e-con e-child\" data-id=\"40def28\" data-element_type=\"container\" data-e-type=\"container\">\n\t\t\t\t\t<div class=\"e-con-inner\">\n\t\t\t\t<div class=\"elementor-element elementor-element-fe534a6 elementor-align-center elementor-widget elementor-widget-button\" data-id=\"fe534a6\" data-element_type=\"widget\" data-e-type=\"widget\" data-widget_type=\"button.default\">\n\t\t\t\t<div class=\"elementor-widget-container\">\n\t\t\t\t\t\t\t\t\t<div class=\"elementor-button-wrapper\">\n\t\t\t\t\t<a class=\"elementor-button elementor-button-link elementor-size-sm\" href=\"https:\/\/getlux.sk\/hu\/shop\/?v=41d6ad0761a5\">\n\t\t\t\t\t\t<span class=\"elementor-button-content-wrapper\">\n\t\t\t\t\t\t\t\t\t<span class=\"elementor-button-text\">Tekintse meg a teljes \u00e1ruh\u00e1zat<\/span>\n\t\t\t\t\t<\/span>\n\t\t\t\t\t<\/a>\n\t\t\t\t<\/div>\n\t\t\t\t\t\t\t\t<\/div>\n\t\t\t\t<\/div>\n\t\t\t\t<div class=\"elementor-element elementor-element-c8c79c9 elementor-align-center elementor-widget elementor-widget-button\" data-id=\"c8c79c9\" data-element_type=\"widget\" data-e-type=\"widget\" data-widget_type=\"button.default\">\n\t\t\t\t<div class=\"elementor-widget-container\">\n\t\t\t\t\t\t\t\t\t<div class=\"elementor-button-wrapper\">\n\t\t\t\t\t<a class=\"elementor-button elementor-button-link elementor-size-sm\" href=\"https:\/\/getlux.sk\/hu\/markak\/?v=41d6ad0761a5\">\n\t\t\t\t\t\t<span class=\"elementor-button-content-wrapper\">\n\t\t\t\t\t\t\t\t\t<span class=\"elementor-button-text\">M\u00e1rk\u00e1k megtekint\u00e9se<\/span>\n\t\t\t\t\t<\/span>\n\t\t\t\t\t<\/a>\n\t\t\t\t<\/div>\n\t\t\t\t\t\t\t\t<\/div>\n\t\t\t\t<\/div>\n\t\t\t\t<div class=\"elementor-element elementor-element-777d564 elementor-align-center elementor-widget elementor-widget-button\" data-id=\"777d564\" data-element_type=\"widget\" data-e-type=\"widget\" data-widget_type=\"button.default\">\n\t\t\t\t<div class=\"elementor-widget-container\">\n\t\t\t\t\t\t\t\t\t<div class=\"elementor-button-wrapper\">\n\t\t\t\t\t<a class=\"elementor-button elementor-button-link elementor-size-sm\" href=\"https:\/\/getlux.sk\/hu\/shop\/?orderby=popularity&#038;v=41d6ad0761a5\">\n\t\t\t\t\t\t<span class=\"elementor-button-content-wrapper\">\n\t\t\t\t\t\t\t\t\t<span class=\"elementor-button-text\">Legn\u00e9pszer\u0171bb darabok<\/span>\n\t\t\t\t\t<\/span>\n\t\t\t\t\t<\/a>\n\t\t\t\t<\/div>\n\t\t\t\t\t\t\t\t<\/div>\n\t\t\t\t<\/div>\n\t\t\t\t\t<\/div>\n\t\t\t\t<\/div>\n\t\t<div class=\"elementor-element elementor-element-b4f2b70 e-con-full e-flex e-con e-child\" data-id=\"b4f2b70\" data-element_type=\"container\" data-e-type=\"container\">\n\t\t\t\t<div class=\"elementor-element elementor-element-ca0ecce elementor-widget elementor-widget-wd_text_block\" data-id=\"ca0ecce\" data-element_type=\"widget\" data-e-type=\"widget\" data-widget_type=\"wd_text_block.default\">\n\t\t\t\t<div class=\"elementor-widget-container\">\n\t\t\t\t\t\t\t<div class=\"wd-text-block reset-last-child text-center\">\n\t\t\t\n\t\t\t<h1>V\u00e1lasszon olyan luxust, ami \u00e9rtelmes \u2013 az eredetis\u00e9g bizonyoss\u00e1g\u00e1val \u00e9s korrekt megk\u00f6zel\u00edt\u00e9ssel.<\/h1>\n\t\t\t\t\t<\/div>\n\t\t\t\t\t\t<\/div>\n\t\t\t\t<\/div>\n\t\t\t\t<\/div>\n\t\t\t\t<div class=\"elementor-element elementor-element-8b5a932 elementor-widget elementor-widget-wd_text_block\" data-id=\"8b5a932\" data-element_type=\"widget\" data-e-type=\"widget\" data-widget_type=\"wd_text_block.default\">\n\t\t\t\t<div class=\"elementor-widget-container\">\n\t\t\t\t\t\t\t<div class=\"wd-text-block reset-last-child text-left color-scheme-dark\">\n\t\t\t\n\t\t\t\n\t\t\t\t\t<\/div>\n\t\t\t\t\t\t<\/div>\n\t\t\t\t<\/div>\n\t\t\t\t\t<\/div>\n\t\t\t\t<\/div>\n\t\t\t\t<\/div>\n\t\t","protected":false},"excerpt":{"rendered":"<p>A magicsport s.r.o. t\u00f6rt\u00e9nete 2015-ben kezd\u0151d\u00f6tt, amikor Szlov\u00e1ki\u00e1ban az els\u0151k k\u00f6z\u00f6tt kezdte forgalmazni a neves vil\u00e1ggy\u00e1rt\u00f3k \u00e9s m\u00e1rk\u00e1k divatcikkeit. 2017-ben<\/p>\n","protected":false},"author":2,"featured_media":0,"parent":0,"menu_order":0,"comment_status":"closed","ping_status":"closed","template":"","meta":{"footnotes":""},"class_list":["post-12972","page","type-page","status-publish","hentry"],"_links":{"self":[{"href":"https:\/\/getlux.sk\/hu\/wp-json\/wp\/v2\/pages\/12972","targetHints":{"allow":["GET"]}}],"collection":[{"href":"https:\/\/getlux.sk\/hu\/wp-json\/wp\/v2\/pages"}],"about":[{"href":"https:\/\/getlux.sk\/hu\/wp-json\/wp\/v2\/types\/page"}],"author":[{"embeddable":true,"href":"https:\/\/getlux.sk\/hu\/wp-json\/wp\/v2\/users\/2"}],"replies":[{"embeddable":true,"href":"https:\/\/getlux.sk\/hu\/wp-json\/wp\/v2\/comments?post=12972"}],"version-history":[{"count":3,"href":"https:\/\/getlux.sk\/hu\/wp-json\/wp\/v2\/pages\/12972\/revisions"}],"predecessor-version":[{"id":28385,"href":"https:\/\/getlux.sk\/hu\/wp-json\/wp\/v2\/pages\/12972\/revisions\/28385"}],"wp:attachment":[{"href":"https:\/\/getlux.sk\/hu\/wp-json\/wp\/v2\/media?parent=12972"}],"curies":[{"name":"wp","href":"https:\/\/api.w.org\/{rel}","templated":true}]}}