{"id":13001,"date":"2024-05-01T11:23:17","date_gmt":"2024-05-01T09:23:17","guid":{"rendered":"https:\/\/getlux.sk\/marketing-hozzajarulasok\/"},"modified":"2026-02-27T19:39:02","modified_gmt":"2026-02-27T18:39:02","slug":"marketing-hozzajarulasok","status":"publish","type":"page","link":"https:\/\/getlux.sk\/hu\/marketing-hozzajarulasok\/","title":{"rendered":"Marketing hozz\u00e1j\u00e1rul\u00e1sok"},"content":{"rendered":"\t\t<div data-elementor-type=\"wp-page\" data-elementor-id=\"13001\" class=\"elementor elementor-13001 elementor-1984\">\n\t\t\t\t<div class=\"wd-negative-gap elementor-element elementor-element-a82e298 e-flex e-con-boxed e-con e-parent\" data-id=\"a82e298\" data-element_type=\"container\" data-e-type=\"container\">\n\t\t\t\t\t<div class=\"e-con-inner\">\n\t\t\t\t<div class=\"elementor-element elementor-element-bad938a elementor-widget elementor-widget-heading\" data-id=\"bad938a\" data-element_type=\"widget\" data-e-type=\"widget\" data-widget_type=\"heading.default\">\n\t\t\t\t<div class=\"elementor-widget-container\">\n\t\t\t\t\t<h3 class=\"elementor-heading-title elementor-size-default\">Hozz\u00e1j\u00e1rul\u00e1s a szem\u00e9lyes adatok marketing c\u00e9l\u00fa feldolgoz\u00e1s\u00e1hoz<\/h3>\t\t\t\t<\/div>\n\t\t\t\t<\/div>\n\t\t\t\t\t<\/div>\n\t\t\t\t<\/div>\n\t\t<div class=\"wd-negative-gap elementor-element elementor-element-626a793 e-flex e-con-boxed e-con e-parent\" data-id=\"626a793\" data-element_type=\"container\" data-e-type=\"container\">\n\t\t\t\t\t<div class=\"e-con-inner\">\n\t\t\t\t<div class=\"elementor-element elementor-element-bc41fc6 color-scheme-inherit text-left elementor-widget elementor-widget-text-editor\" data-id=\"bc41fc6\" data-element_type=\"widget\" data-e-type=\"widget\" data-widget_type=\"text-editor.default\">\n\t\t\t\t<div class=\"elementor-widget-container\">\n\t\t\t\t\t\t\t\t\t<p>A n\u00e9gyzetre kattintva, majd a kit\u00f6lt\u00f6tt \u0171rlap elk\u00fcld\u00e9s\u00e9vel \u00d6n kifejezett hozz\u00e1j\u00e1rul\u00e1s\u00e1t adja a magicsport s.r.o., Bezru\u010dova 1191\/3, 91101 Tren\u010d\u00edn, c\u00e9gjegyz\u00e9ksz\u00e1m: 48 242 373, bejegyezve a Szlov\u00e1k K\u00f6zt\u00e1rsas\u00e1g C\u00e9gnyilv\u00e1ntart\u00e1s\u00e1ba, Sro szekci\u00f3, 34530\/R c\u00e9gjegyz\u00e9ksz\u00e1m, a getlux.sk k\u00f6z\u00f6s \u00fczemeltet\u0151inek szem\u00e9lyes adatainak marketing c\u00e9lokra t\u00f6rt\u00e9n\u0151 feldolgoz\u00e1s\u00e1hoz, bele\u00e9rtve az adatok statisztikai ki\u00e9rt\u00e9kel\u00e9s\u00e9t marketing \u00e9s kereskedelmi kommunik\u00e1ci\u00f3 c\u00e9lj\u00e1b\u00f3l, levelez\u00e9s k\u00fcld\u00e9s\u00e9t e-mail \u00fczenetek, r\u00f6vid \u00fczenetk\u00fcld\u0151 szolg\u00e1ltat\u00e1sok vagy m\u00e1s hasonl\u00f3 eszk\u00f6z\u00f6k form\u00e1j\u00e1ban. Hozz\u00e1j\u00e1rul\u00e1s\u00e1t b\u00e1rmikor visszavonhatja, ellenkez\u0151 esetben a hozz\u00e1j\u00e1rul\u00e1s a megad\u00e1s\u00e1nak d\u00e1tum\u00e1t\u00f3l sz\u00e1m\u00edtott h\u00e1rom \u00e9v eltelt\u00e9vel lej\u00e1r. \u00c9rintettk\u00e9nt \u00d6nnek joga van hozz\u00e1f\u00e9r\u00e9st k\u00e9rni az \u00d6nre vonatkoz\u00f3 szem\u00e9lyes adatokhoz, joga van a szem\u00e9lyes adatok helyesb\u00edt\u00e9s\u00e9hez, joga van a szem\u00e9lyes adatok t\u00f6rl\u00e9s\u00e9hez \u00e9s\/vagy kezel\u00e9s\u00e9nek korl\u00e1toz\u00e1s\u00e1hoz, joga van az adathordozhat\u00f3s\u00e1ghoz, valamint joga van panaszt beny\u00fajtani a szem\u00e9lyes adatok kezel\u00e9s\u00e9vel kapcsolatban a fel\u00fcgyeleti hat\u00f3s\u00e1ghoz \u2013 a Szlov\u00e1k K\u00f6zt\u00e1rsas\u00e1g Szem\u00e9lyes Adatv\u00e9delmi Hivatal\u00e1hoz. Az \u00d6n \u00e1ltal megadott szem\u00e9lyes adatok kezel\u00e9s\u00e9vel kapcsolatos tov\u00e1bbi inform\u00e1ci\u00f3k a getlux.sk weboldalon tal\u00e1lhat\u00f3k.    <\/p>\t\t\t\t\t\t\t\t<\/div>\n\t\t\t\t<\/div>\n\t\t\t\t\t<\/div>\n\t\t\t\t<\/div>\n\t\t\t\t<\/div>\n\t\t","protected":false},"excerpt":{"rendered":"<p>Hozz\u00e1j\u00e1rul\u00e1s a szem\u00e9lyes adatok marketing c\u00e9l\u00fa feldolgoz\u00e1s\u00e1hoz A n\u00e9gyzetre kattintva, majd a kit\u00f6lt\u00f6tt \u0171rlap elk\u00fcld\u00e9s\u00e9vel \u00d6n kifejezett hozz\u00e1j\u00e1rul\u00e1s\u00e1t adja a<\/p>\n","protected":false},"author":2,"featured_media":0,"parent":0,"menu_order":0,"comment_status":"closed","ping_status":"closed","template":"","meta":{"footnotes":""},"class_list":["post-13001","page","type-page","status-publish","hentry"],"_links":{"self":[{"href":"https:\/\/getlux.sk\/hu\/wp-json\/wp\/v2\/pages\/13001","targetHints":{"allow":["GET"]}}],"collection":[{"href":"https:\/\/getlux.sk\/hu\/wp-json\/wp\/v2\/pages"}],"about":[{"href":"https:\/\/getlux.sk\/hu\/wp-json\/wp\/v2\/types\/page"}],"author":[{"embeddable":true,"href":"https:\/\/getlux.sk\/hu\/wp-json\/wp\/v2\/users\/2"}],"replies":[{"embeddable":true,"href":"https:\/\/getlux.sk\/hu\/wp-json\/wp\/v2\/comments?post=13001"}],"version-history":[{"count":1,"href":"https:\/\/getlux.sk\/hu\/wp-json\/wp\/v2\/pages\/13001\/revisions"}],"predecessor-version":[{"id":13002,"href":"https:\/\/getlux.sk\/hu\/wp-json\/wp\/v2\/pages\/13001\/revisions\/13002"}],"wp:attachment":[{"href":"https:\/\/getlux.sk\/hu\/wp-json\/wp\/v2\/media?parent=13001"}],"curies":[{"name":"wp","href":"https:\/\/api.w.org\/{rel}","templated":true}]}}