{"id":28371,"date":"2024-05-01T13:21:35","date_gmt":"2024-05-01T11:21:35","guid":{"rendered":"https:\/\/getlux.sk\/oblubene-produkty\/"},"modified":"2026-03-03T11:38:45","modified_gmt":"2026-03-03T10:38:45","slug":"oblubene-produkty","status":"publish","type":"page","link":"https:\/\/getlux.sk\/hu\/oblubene-produkty\/","title":{"rendered":"Ob\u013e\u00faben\u00e9 produkty"},"content":{"rendered":"\t\t\n\t\t\n\n\t\t\t\t<div class=\"\" >\n\t\t\t\t\t\t<div class=\"wd-wishlist-content\">\n\t\t\t\t\t\t\t\t\t\t\t\n\t\t<p class=\"wd-empty-wishlist wd-empty-page\">\n\t\t\tThis wishlist is empty.\t\t<\/p>\n\n\t\t\t\t\t<div class=\"wd-empty-page-text\">\n\t\t\t\tVo wishliste zatia\u013e nem\u00e1te \u017eiadne produkty. <br> Na na\u0161ej str\u00e1nke \"Obchod\" n\u00e1jdete mno\u017estvo zauj\u00edmav\u00fdch produktov.\t\t\t<\/div>\n\t\t\n\t\t\n\t\t\t\t\t<p class=\"return-to-shop\">\n\t\t\t\t<a class=\"button\" href=\"https:\/\/getlux.sk\/hu\/\u00fczlet\/\">\n\t\t\t\t\tReturn to shop\t\t\t\t<\/a>\n\t\t\t<\/p>\n\t\t\t\t\t\t\t\t\t\t\t<\/div>\n\t\t\t\t<\/div>\n\t\t\n","protected":false},"excerpt":{"rendered":"","protected":false},"author":2,"featured_media":0,"parent":0,"menu_order":0,"comment_status":"closed","ping_status":"closed","template":"","meta":{"footnotes":""},"class_list":["post-28371","page","type-page","status-publish","hentry"],"_links":{"self":[{"href":"https:\/\/getlux.sk\/hu\/wp-json\/wp\/v2\/pages\/28371","targetHints":{"allow":["GET"]}}],"collection":[{"href":"https:\/\/getlux.sk\/hu\/wp-json\/wp\/v2\/pages"}],"about":[{"href":"https:\/\/getlux.sk\/hu\/wp-json\/wp\/v2\/types\/page"}],"author":[{"embeddable":true,"href":"https:\/\/getlux.sk\/hu\/wp-json\/wp\/v2\/users\/2"}],"replies":[{"embeddable":true,"href":"https:\/\/getlux.sk\/hu\/wp-json\/wp\/v2\/comments?post=28371"}],"version-history":[{"count":1,"href":"https:\/\/getlux.sk\/hu\/wp-json\/wp\/v2\/pages\/28371\/revisions"}],"predecessor-version":[{"id":28372,"href":"https:\/\/getlux.sk\/hu\/wp-json\/wp\/v2\/pages\/28371\/revisions\/28372"}],"wp:attachment":[{"href":"https:\/\/getlux.sk\/hu\/wp-json\/wp\/v2\/media?parent=28371"}],"curies":[{"name":"wp","href":"https:\/\/api.w.org\/{rel}","templated":true}]}}