{"id":14683,"date":"2026-01-29T09:14:24","date_gmt":"2026-01-29T08:14:24","guid":{"rendered":"https:\/\/getlux.sk\/produkt\/versace-la-medusa-sandals-85-mm\/"},"modified":"2026-01-29T09:14:24","modified_gmt":"2026-01-29T08:14:24","slug":"versace-la-medusa-sandals-85-mm","status":"publish","type":"product","link":"https:\/\/getlux.sk\/hu\/produkt\/versace-la-medusa-sandals-85-mm\/","title":{"rendered":"Versace LA MEDUSA SANDALS 85 MM"},"content":{"rendered":"<p>These open-toe strappy calf leather sandals feature stiletto heels and a three-dimensional La Medusa on the front.<\/p>\n<ul>\n<li>La Medusa hardware<\/li>\n<li>Squared toe<\/li>\n<li>Stiletto heel<\/li>\n<li>Buckle ankle strap<\/li>\n<li>Outer composition: 100% Calf leather<\/li>\n<li>Lining 1: 100% Goat leather<\/li>\n<li>Lining 2: 100% Lambskin<\/li>\n<li>Sole: 100% Calf leather<\/li>\n<\/ul>\n<h2 class=\"b-drawer-body_title text-uppercase\"><span class=\"title-label\">SIZE &amp; FIT<\/span><\/h2>\n<ul>\n<li>The shoe weighs approximately 0.2 kg for the model size 39 IT<\/li>\n<li>Heel: 8.5 cm<\/li>\n<li>Footbed: regular<\/li>\n<li>Fits true to size, take your normal size<\/li>\n<\/ul>\n<p class=\"product-number\">Item: <span class=\"js-product-number\">1020965-1A14500_1B00V<\/span><\/p>\n<p>\u2b50\ufe0f\u2b50\ufe0f\u2b50\ufe0f\u2b50\ufe0f\u2b50\ufe0f<br \/>\nZ\u00e1kazn\u00edci GETLUX hodnotia n\u00e1kup v priemere <strong>4,9 \/ 5<\/strong><br \/>\nR\u00fdchle doru\u010denie \u2022 Origin\u00e1lne produkty \u2022 Overen\u00fd e-shop<\/p>\n","protected":false},"excerpt":{"rendered":"<p>These open-toe strappy calf leather sandals feature stiletto heels and a three-dimensional La Medusa on the front. La Medusa hardware<\/p>\n","protected":false},"featured_media":12857,"template":"","meta":[],"product_brand":[],"product_cat":[1258,1082,1270,1276],"product_tag":[],"class_list":{"0":"post-14683","1":"product","2":"type-product","3":"status-publish","4":"has-post-thumbnail","6":"product_cat-noi-labbelik","7":"product_cat-nok","8":"product_cat-nok-sarku","9":"product_cat-noi-szandal","10":"pa_farba-black","12":"pa_velkost-2692","13":"pa_velkost-76","15":"first","16":"outofstock","17":"sale","18":"taxable","19":"shipping-taxable","20":"purchasable","21":"product-type-variable","22":"has-default-attributes"},"_links":{"self":[{"href":"https:\/\/getlux.sk\/hu\/wp-json\/wp\/v2\/product\/14683","targetHints":{"allow":["GET"]}}],"collection":[{"href":"https:\/\/getlux.sk\/hu\/wp-json\/wp\/v2\/product"}],"about":[{"href":"https:\/\/getlux.sk\/hu\/wp-json\/wp\/v2\/types\/product"}],"wp:featuredmedia":[{"embeddable":true,"href":"https:\/\/getlux.sk\/hu\/wp-json\/wp\/v2\/media\/12857"}],"wp:attachment":[{"href":"https:\/\/getlux.sk\/hu\/wp-json\/wp\/v2\/media?parent=14683"}],"wp:term":[{"taxonomy":"product_brand","embeddable":true,"href":"https:\/\/getlux.sk\/hu\/wp-json\/wp\/v2\/product_brand?post=14683"},{"taxonomy":"product_cat","embeddable":true,"href":"https:\/\/getlux.sk\/hu\/wp-json\/wp\/v2\/product_cat?post=14683"},{"taxonomy":"product_tag","embeddable":true,"href":"https:\/\/getlux.sk\/hu\/wp-json\/wp\/v2\/product_tag?post=14683"}],"curies":[{"name":"wp","href":"https:\/\/api.w.org\/{rel}","templated":true}]}}