{"id":17415,"date":"2025-02-14T10:52:13","date_gmt":"2025-02-14T09:52:13","guid":{"rendered":"https:\/\/getlux.sk\/produkt\/versace-coat-wool-blend-tartan-1010608-kopia\/"},"modified":"2026-03-22T08:59:35","modified_gmt":"2026-03-22T07:59:35","slug":"versace-coat-wool-blend-tartan-1010608-kopia","status":"publish","type":"product","link":"https:\/\/getlux.sk\/hu\/produkt\/versace-coat-wool-blend-tartan-1010608-kopia\/","title":{"rendered":"COAT WOOL BLEND TARTAN 1010608 1A07659"},"content":{"rendered":"<p data-start=\"47\" data-end=\"140\"><strong data-start=\"47\" data-end=\"140\">Versace COAT \/ PEACOAT \/ CABAN \/ CAPE DOUBLE WOOL BLEND TARTAN<br data-start=\"111\" data-end=\"114\" \/>1010608_1A07659_IT_2UK00<\/strong><\/p>\n<p data-start=\"142\" data-end=\"471\">Luxusn\u00fd kab\u00e1t <strong data-start=\"156\" data-end=\"167\">Versace<\/strong> predstavuje spojenie v\u00fdraznej estetiky zna\u010dky a nad\u010dasovej elegancie. Model je vyhotoven\u00fd z kvalitnej <strong data-start=\"270\" data-end=\"287\">vlnenej zmesi<\/strong> a zaujme sofistikovan\u00fdm <strong data-start=\"312\" data-end=\"333\">tartanov\u00fdm vzorom<\/strong>, ktor\u00fd dod\u00e1va celku charakter, \u0161t\u00fdl a exkluz\u00edvny vzh\u013ead. Ide o v\u00fdrazn\u00fd m\u00f3dny k\u00fasok, ktor\u00fd p\u00f4sob\u00ed sebavedomo, elegantne a z\u00e1rove\u0148 moderne.<\/p>\n<p data-start=\"473\" data-end=\"729\">Pr\u00e9miov\u00e9 spracovanie a starostlivo zvolen\u00fd materi\u00e1l zabezpe\u010duj\u00fa komfort pri nosen\u00ed po\u010das chladnej\u0161\u00edch dn\u00ed. Kab\u00e1t je ide\u00e1lny pre z\u00e1kazn\u00edka, ktor\u00fd h\u013ead\u00e1 luxusn\u00fd vrchn\u00fd model s ikonick\u00fdm rukopisom zna\u010dky <strong data-start=\"674\" data-end=\"685\">Versace<\/strong>, vhodn\u00fd na form\u00e1lnej\u0161ie aj fashion outfity.<\/p>\n<p data-start=\"731\" data-end=\"753\"><strong data-start=\"731\" data-end=\"753\">Hlavn\u00e9 vlastnosti:<\/strong><\/p>\n<ul data-start=\"754\" data-end=\"988\">\n<li data-section-id=\"1w7of10\" data-start=\"754\" data-end=\"781\">luxusn\u00fd kab\u00e1t <strong data-start=\"770\" data-end=\"781\">Versace<\/strong><\/li>\n<li data-section-id=\"6akwnx\" data-start=\"782\" data-end=\"826\">kvalitn\u00e1 <strong data-start=\"793\" data-end=\"814\">double wool blend<\/strong> kon\u0161trukcia<\/li>\n<li data-section-id=\"81wwlw\" data-start=\"827\" data-end=\"852\">v\u00fdrazn\u00fd <strong data-start=\"837\" data-end=\"852\">tartan vzor<\/strong><\/li>\n<li data-section-id=\"1eq7wso\" data-start=\"853\" data-end=\"883\">elegantn\u00fd a nad\u010dasov\u00fd dizajn<\/li>\n<li data-section-id=\"6e57um\" data-start=\"884\" data-end=\"906\">pr\u00e9miov\u00e9 spracovanie<\/li>\n<li data-section-id=\"a20orr\" data-start=\"907\" data-end=\"938\">vhodn\u00fd na chladnej\u0161ie obdobie<\/li>\n<li data-section-id=\"ggebhq\" data-start=\"939\" data-end=\"988\">\u0161t\u00fdlov\u00fd fashion k\u00fasok s exkluz\u00edvnym charakterom<\/li>\n<\/ul>\n","protected":false},"excerpt":{"rendered":"<p>Versace COAT \/ PEACOAT \/ CABAN \/ CAPE DOUBLE WOOL BLEND TARTAN1010608_1A07659_IT_2UK00 Luxusn\u00fd kab\u00e1t Versace predstavuje spojenie v\u00fdraznej estetiky zna\u010dky<\/p>\n","protected":false},"featured_media":17417,"template":"","meta":[],"product_brand":[],"product_cat":[916],"product_tag":[],"class_list":{"0":"post-17415","1":"product","2":"type-product","3":"status-publish","4":"has-post-thumbnail","6":"product_cat-ferfiak-kabatok","7":"pa_farba-blue","8":"pa_velkost-it-52","9":"pa_velkost-it-54","10":"pa_velkost-56-it","12":"first","13":"instock","14":"sale","15":"taxable","16":"shipping-taxable","17":"purchasable","18":"product-type-variable","19":"has-default-attributes"},"_links":{"self":[{"href":"https:\/\/getlux.sk\/hu\/wp-json\/wp\/v2\/product\/17415","targetHints":{"allow":["GET"]}}],"collection":[{"href":"https:\/\/getlux.sk\/hu\/wp-json\/wp\/v2\/product"}],"about":[{"href":"https:\/\/getlux.sk\/hu\/wp-json\/wp\/v2\/types\/product"}],"wp:featuredmedia":[{"embeddable":true,"href":"https:\/\/getlux.sk\/hu\/wp-json\/wp\/v2\/media\/17417"}],"wp:attachment":[{"href":"https:\/\/getlux.sk\/hu\/wp-json\/wp\/v2\/media?parent=17415"}],"wp:term":[{"taxonomy":"product_brand","embeddable":true,"href":"https:\/\/getlux.sk\/hu\/wp-json\/wp\/v2\/product_brand?post=17415"},{"taxonomy":"product_cat","embeddable":true,"href":"https:\/\/getlux.sk\/hu\/wp-json\/wp\/v2\/product_cat?post=17415"},{"taxonomy":"product_tag","embeddable":true,"href":"https:\/\/getlux.sk\/hu\/wp-json\/wp\/v2\/product_tag?post=17415"}],"curies":[{"name":"wp","href":"https:\/\/api.w.org\/{rel}","templated":true}]}}