{"id":28946,"date":"2026-03-08T06:45:59","date_gmt":"2026-03-08T05:45:59","guid":{"rendered":"https:\/\/getlux.sk\/produkt\/alexander-mcqueen-bag-731135dytab1000\/"},"modified":"2026-03-12T21:57:01","modified_gmt":"2026-03-12T20:57:01","slug":"alexander-mcqueen-bag-731135dytab1000","status":"publish","type":"product","link":"https:\/\/getlux.sk\/hu\/produkt\/alexander-mcqueen-bag-731135dytab1000\/","title":{"rendered":"Alexander McQueen The Jewelled Hobo Bag 731135DYTAB1000"},"content":{"rendered":"<p>Alexander McQueen The Jewelled Hobo Bag 731135DYTAB1000 Designer handbag from Alexander McQueen collection.<\/p>\n<p data-start=\"0\" data-end=\"529\"><strong data-start=\"35\" data-end=\"106\">Alexander McQUEEN 731135 DYTAB 1000 The Jewelled Hobo Leather Black<\/strong>. \u00a0<strong data-start=\"267\" data-end=\"286\">30 \u00d7 18 \u00d7 13 cm<\/strong><\/p>\n<p data-start=\"0\" data-end=\"529\">Luxusn\u00e1 kabelka Alexander McQueen The Jewelled Hobo v \u010diernom preveden\u00ed z hladkej ko\u017ee zaujme ikonick\u00fdm \u0161perkov\u00fdm madlom so \u0161tyrmi prste\u0148mi zdoben\u00fdmi kri\u0161t\u00e1\u013emi Swarovski. V\u00fdrazn\u00e1 silueta, magnetick\u00e9 zap\u00ednanie a prec\u00edzne spracovanie Made in Italy robia z tohto modelu nad\u010dasov\u00fd statement k\u00fasok pre de\u0148 aj ve\u010der.<\/p>\n<p data-start=\"1028\" data-end=\"1632\"><strong data-start=\"1028\" data-end=\"1055\">Detailn\u00fd popis produktu<\/strong><br data-start=\"1055\" data-end=\"1058\" \/>Alexander McQueen The Jewelled Hobo je v\u00fdnimo\u010dn\u00e1 dizajn\u00e9rska kabelka, ktor\u00e1 sp\u00e1ja minimalistick\u00e9 l\u00ednie s charakteristick\u00fdm odkazom zna\u010dky. Model je vyhotoven\u00fd z hladkej ko\u017ee a dominantn\u00fdm prvkom je signat\u00farne madlo so \u0161tyrmi prste\u0148mi, doplnen\u00e9 o dekor s kri\u0161t\u00e1\u013emi Swarovski a kovanie v striebornom, respekt\u00edve antique silver t\u00f3ne. Kabelka m\u00e1 magnetick\u00e9 zap\u00ednanie, vn\u00fatorn\u00fa priehradku a vn\u00fatorn\u00e9 vrecko s ko\u017een\u00fdm patentom, v\u010faka \u010domu pon\u00faka nielen v\u00fdrazn\u00fd vzh\u013ead, ale aj praktick\u00e9 vyu\u017eitie na ka\u017edodenn\u00e9 nosenie. Vyroben\u00e1 je v Taliansku.<\/p>\n<p data-start=\"1634\" data-end=\"2138\"><strong data-start=\"1634\" data-end=\"1656\">Parametre produktu<\/strong><br data-start=\"1656\" data-end=\"1659\" \/>Zna\u010dka: Alexander McQueen<br data-start=\"1684\" data-end=\"1687\" \/>Model: The Jewelled Hobo<br data-start=\"1711\" data-end=\"1714\" \/>K\u00f3d produktu: 731135 DYTAB 1000<br data-start=\"1745\" data-end=\"1748\" \/>Farba: Black \/ \u010dierna<br data-start=\"1769\" data-end=\"1772\" \/>Materi\u00e1l: 100 % ko\u017ea, resp. calfskin pod\u013ea listingov predajcov<br data-start=\"1834\" data-end=\"1837\" \/>Zap\u00ednanie: magnetick\u00e9<br data-start=\"1858\" data-end=\"1861\" \/>Detaily: \u0161tyri prstene zdoben\u00e9 kri\u0161t\u00e1\u013emi Swarovski<br data-start=\"1911\" data-end=\"1914\" \/>Vn\u00fatro: jedna vn\u00fatorn\u00e1 priehradka a vn\u00fatorn\u00e9 vrecko<br data-start=\"1965\" data-end=\"1968\" \/>Kovanie: strieborn\u00fd \/ antique silver t\u00f3n<br data-start=\"2008\" data-end=\"2011\" \/>Krajina v\u00fdroby: Taliansko<br data-start=\"2036\" data-end=\"2039\" \/>Rozmery: cca <strong data-start=\"2052\" data-end=\"2071\">30 \u00d7 18 \u00d7 13 cm<\/strong><br data-start=\"2071\" data-end=\"2074\" \/>V\u00fd\u0161ka r\u00fa\u010dky: cca <strong data-start=\"2091\" data-end=\"2100\">14 cm<\/strong><\/p>\n<p data-start=\"2140\" data-end=\"2501\"><br data-start=\"2153\" data-end=\"2156\" \/>Alexander McQueen The Jewelled Hobo 731135 DYTAB 1000 je luxusn\u00e1 \u010dierna ko\u017een\u00e1 kabelka s ikonick\u00fdm madlom so \u0161tyrmi prste\u0148mi a Swarovski detailmi. Elegantn\u00fd statement model vyroben\u00fd v Taliansku pon\u00faka magnetick\u00e9 zap\u00ednanie, praktick\u00e9 vn\u00fatorn\u00e9 \u010dlenenie a nad\u010dasov\u00fd dizajn typick\u00fd pre zna\u010dku Alexander McQueen.<\/p>\n","protected":false},"excerpt":{"rendered":"<p>Luxury handbag by Alexander McQueen.<\/p>\n","protected":false},"featured_media":29652,"template":"","meta":[],"product_brand":[2555],"product_cat":[2552,25],"product_tag":[2566],"class_list":{"0":"post-28946","1":"product","2":"type-product","3":"status-publish","4":"has-post-thumbnail","6":"product_brand-alexander-mcqueen","7":"product_cat-horna-rukovat","8":"product_cat-kabelky","9":"product_tag-alexander-mcqueen","10":"pa_farba-black","11":"pa_velkost-uni","13":"first","14":"instock","15":"sale","16":"taxable","17":"shipping-taxable","18":"purchasable","19":"product-type-simple"},"_links":{"self":[{"href":"https:\/\/getlux.sk\/hu\/wp-json\/wp\/v2\/product\/28946","targetHints":{"allow":["GET"]}}],"collection":[{"href":"https:\/\/getlux.sk\/hu\/wp-json\/wp\/v2\/product"}],"about":[{"href":"https:\/\/getlux.sk\/hu\/wp-json\/wp\/v2\/types\/product"}],"wp:featuredmedia":[{"embeddable":true,"href":"https:\/\/getlux.sk\/hu\/wp-json\/wp\/v2\/media\/29652"}],"wp:attachment":[{"href":"https:\/\/getlux.sk\/hu\/wp-json\/wp\/v2\/media?parent=28946"}],"wp:term":[{"taxonomy":"product_brand","embeddable":true,"href":"https:\/\/getlux.sk\/hu\/wp-json\/wp\/v2\/product_brand?post=28946"},{"taxonomy":"product_cat","embeddable":true,"href":"https:\/\/getlux.sk\/hu\/wp-json\/wp\/v2\/product_cat?post=28946"},{"taxonomy":"product_tag","embeddable":true,"href":"https:\/\/getlux.sk\/hu\/wp-json\/wp\/v2\/product_tag?post=28946"}],"curies":[{"name":"wp","href":"https:\/\/api.w.org\/{rel}","templated":true}]}}