{"id":29668,"date":"2026-03-12T22:38:26","date_gmt":"2026-03-12T21:38:26","guid":{"rendered":"https:\/\/getlux.sk\/?post_type=product&#038;p=29668"},"modified":"2026-03-20T08:21:06","modified_gmt":"2026-03-20T07:21:06","slug":"29668","status":"publish","type":"product","link":"https:\/\/getlux.sk\/hu\/produkt\/29668\/","title":{"rendered":"Alexander McQUEEN 731136 D78EF 1000"},"content":{"rendered":"<p>731136 D78EF 1000 JEWELLED HOBO MINI HOTFIX BLACK S33 8131017961<\/p>\n<p data-start=\"32\" data-end=\"159\">Alexander McQUEEN Jewelled Hobo Mini Hotfix Black 731136 D78EF 1000.<\/p>\n<p data-start=\"161\" data-end=\"522\"><br data-start=\"177\" data-end=\"180\" \/>Luxusn\u00e1 mini kabelka Alexander McQUEEN Jewelled Hobo Mini Hotfix v \u010diernom preveden\u00ed je vyroben\u00e1 z te\u013eacej ko\u017ee a zdoben\u00e1 celoplo\u0161n\u00fdmi kri\u0161t\u00e1\u013emi a kovov\u00fdmi pyramidov\u00fdmi cvo\u010dkami. Ikonick\u00e9 madlo Four Ring s kry\u0161t\u00e1lmi a lebkou dod\u00e1va modelu v\u00fdrazn\u00fd glam-rock charakter typick\u00fd pre zna\u010dku Alexander McQUEEN.<\/p>\n<p data-start=\"524\" data-end=\"1009\"><br data-start=\"547\" data-end=\"550\" \/>Model Jewelled Hobo Mini zaujme svojou architektonickou siluetou, ktor\u00e1 je in\u0161pirovan\u00e1 fazetovan\u00fdm kame\u0148om na signat\u00farnom knuckle detaili. Kabelka je vyhotoven\u00e1 z \u010diernej calf leather a doplnen\u00e1 o all-over crystal and stud embellishment, v\u010faka \u010domu p\u00f4sob\u00ed mimoriadne luxusne a z\u00e1rove\u0148 odv\u00e1\u017ene. Strieborn\u00e9 kovanie s antique silver \u00fapravou a \u0161tyri ozdobn\u00e9 prstene s kri\u0161t\u00e1\u013emi vytv\u00e1raj\u00fa okam\u017eite rozpoznate\u013en\u00fd detail zna\u010dky.<\/p>\n<p data-start=\"1011\" data-end=\"1277\">Kabelku je mo\u017en\u00e9 nosi\u0165 v ruke, na pleci aj crossbody v\u010faka odn\u00edmate\u013enej retiazke. M\u00e1 magnetick\u00e9 zap\u00ednanie, ko\u017een\u00fa pod\u0161\u00edvku a je vyroben\u00e1 v Taliansku. Model je ur\u010den\u00fd sk\u00f4r na nevyhnutn\u00e9 drobnosti a ve\u010dern\u00e9 alebo v\u00fdrazn\u00e9 stylingy.<\/p>\n<p data-start=\"1279\" data-end=\"1401\"><strong data-start=\"1279\" data-end=\"1298\">Rozmery kabelky<\/strong><br data-start=\"1298\" data-end=\"1301\" \/>20 \u00d7 12 \u00d7 8 cm.<br data-start=\"1316\" data-end=\"1319\" \/>D\u013a\u017eka popruhu \/ strap drop: pribli\u017ene 52 cm.<\/p>\n<p data-start=\"1403\" data-end=\"1675\"><strong data-start=\"1403\" data-end=\"1421\">Z\u00e1kladn\u00e9 \u00fadaje<\/strong><br data-start=\"1421\" data-end=\"1424\" \/>Farba: Black<br data-start=\"1436\" data-end=\"1439\" \/>Materi\u00e1l: 100 % te\u013eacia ko\u017ea<br data-start=\"1467\" data-end=\"1470\" \/>Doplnkov\u00fd materi\u00e1l: kov a sklenen\u00e9 kri\u0161t\u00e1\u013eov\u00e9 zdobenie<br data-start=\"1524\" data-end=\"1527\" \/>Zap\u00ednanie: magnetick\u00e9<br data-start=\"1548\" data-end=\"1551\" \/>Popruh: odn\u00edmate\u013en\u00e1 retiazka<br data-start=\"1579\" data-end=\"1582\" \/>Kovanie: antique silver t\u00f3n<br data-start=\"1609\" data-end=\"1612\" \/>Krajina v\u00fdroby: Taliansko<\/p>\n<p data-start=\"1677\" data-end=\"1945\"><strong data-start=\"1677\" data-end=\"1697\">Meta description<\/strong><br data-start=\"1697\" data-end=\"1700\" \/>Alexander McQUEEN Jewelled Hobo Mini Hotfix Black 731136 D78EF 1000 je luxusn\u00e1 mini kabelka z te\u013eacej ko\u017ee s celoplo\u0161n\u00fdmi kri\u0161t\u00e1\u013emi, kovov\u00fdmi cvo\u010dkami, ikonick\u00fdm Four Ring detailom a rozmermi 20 \u00d7 12 \u00d7 8 cm.<\/p>\n","protected":false},"excerpt":{"rendered":"<p>731136 D78EF 1000 JEWELLED HOBO MINI HOTFIX BLACK S33 8131017961 Alexander McQUEEN Jewelled Hobo Mini Hotfix Black 731136 D78EF 1000.<\/p>\n","protected":false},"featured_media":29671,"template":"","meta":[],"product_brand":[2555],"product_cat":[2552,25,2553],"product_tag":[],"class_list":{"0":"post-29668","1":"product","2":"type-product","3":"status-publish","4":"has-post-thumbnail","6":"product_brand-alexander-mcqueen","7":"product_cat-horna-rukovat","8":"product_cat-kabelky","9":"product_cat-ramenne-a-krizove","10":"pa_farba-black","11":"pa_velkost-uni","13":"first","14":"outofstock","15":"sale","16":"taxable","17":"shipping-taxable","18":"purchasable","19":"product-type-simple"},"_links":{"self":[{"href":"https:\/\/getlux.sk\/hu\/wp-json\/wp\/v2\/product\/29668","targetHints":{"allow":["GET"]}}],"collection":[{"href":"https:\/\/getlux.sk\/hu\/wp-json\/wp\/v2\/product"}],"about":[{"href":"https:\/\/getlux.sk\/hu\/wp-json\/wp\/v2\/types\/product"}],"wp:featuredmedia":[{"embeddable":true,"href":"https:\/\/getlux.sk\/hu\/wp-json\/wp\/v2\/media\/29671"}],"wp:attachment":[{"href":"https:\/\/getlux.sk\/hu\/wp-json\/wp\/v2\/media?parent=29668"}],"wp:term":[{"taxonomy":"product_brand","embeddable":true,"href":"https:\/\/getlux.sk\/hu\/wp-json\/wp\/v2\/product_brand?post=29668"},{"taxonomy":"product_cat","embeddable":true,"href":"https:\/\/getlux.sk\/hu\/wp-json\/wp\/v2\/product_cat?post=29668"},{"taxonomy":"product_tag","embeddable":true,"href":"https:\/\/getlux.sk\/hu\/wp-json\/wp\/v2\/product_tag?post=29668"}],"curies":[{"name":"wp","href":"https:\/\/api.w.org\/{rel}","templated":true}]}}