{"id":29905,"date":"2026-04-25T18:26:46","date_gmt":"2026-04-25T16:26:46","guid":{"rendered":"https:\/\/getlux.sk\/?post_type=product&#038;p=29905"},"modified":"2026-04-28T10:24:45","modified_gmt":"2026-04-28T08:24:45","slug":"greca-goddess-wallet-on-chain-in-embossed-croc-laminated-calf-leather","status":"publish","type":"product","link":"https:\/\/getlux.sk\/hu\/produkt\/greca-goddess-wallet-on-chain-in-embossed-croc-laminated-calf-leather\/","title":{"rendered":"Greca Goddess Wallet On Chain In Embossed Croc Laminated Calf Leather"},"content":{"rendered":"<p><strong>Greca Goddess Wallet On Chain In Embossed Croc Laminated Calf Leather<\/strong> je luxusn\u00fd produkt zna\u010dky Versace.<\/p>\n<ul>\n<li>Zna\u010dka: Versace<\/li>\n<li>Farba: Grey<\/li>\n<li>Ve\u013ekos\u0165: Uni<\/li>\n<li>Materi\u00e1l: laminovan\u00e1 te\u013eacia ko\u017ea s krokod\u00edl\u00edm reli\u00e9fom, te\u013eacia ko\u017ea<\/li>\n<li>Rozmery: 19 x 4 x 12 cm<\/li>\n<li>Dostupnos\u0165: skladom pod\u013ea aktu\u00e1lnej ponuky<\/li>\n<\/ul>\n<p>Cena je uveden\u00e1 vr\u00e1tane DPH.<\/p>\n","protected":false},"excerpt":{"rendered":"<p>Greca Goddess Wallet On Chain In Embossed Croc Laminated Calf Leather \u2013 luxusn\u00fd produkt zna\u010dky Versace. Materi\u00e1l: laminovan\u00e1 te\u013eacia ko\u017ea s krokod\u00edl\u00edm reli\u00e9fom, te\u013eacia ko\u017ea. Rozmery: 19 x 4 x 12 cm.<\/p>\n","protected":false},"featured_media":30775,"template":"","meta":[],"product_brand":[499],"product_cat":[2554],"product_tag":[],"class_list":{"0":"post-29905","1":"product","2":"type-product","3":"status-publish","4":"has-post-thumbnail","6":"product_brand-znacky-versace","7":"product_cat-mini-kabelky","8":"pa_farba-grey","9":"pa_velkost-uni","11":"first","12":"instock","13":"taxable","14":"shipping-taxable","15":"purchasable","16":"product-type-simple"},"_links":{"self":[{"href":"https:\/\/getlux.sk\/hu\/wp-json\/wp\/v2\/product\/29905","targetHints":{"allow":["GET"]}}],"collection":[{"href":"https:\/\/getlux.sk\/hu\/wp-json\/wp\/v2\/product"}],"about":[{"href":"https:\/\/getlux.sk\/hu\/wp-json\/wp\/v2\/types\/product"}],"wp:featuredmedia":[{"embeddable":true,"href":"https:\/\/getlux.sk\/hu\/wp-json\/wp\/v2\/media\/30775"}],"wp:attachment":[{"href":"https:\/\/getlux.sk\/hu\/wp-json\/wp\/v2\/media?parent=29905"}],"wp:term":[{"taxonomy":"product_brand","embeddable":true,"href":"https:\/\/getlux.sk\/hu\/wp-json\/wp\/v2\/product_brand?post=29905"},{"taxonomy":"product_cat","embeddable":true,"href":"https:\/\/getlux.sk\/hu\/wp-json\/wp\/v2\/product_cat?post=29905"},{"taxonomy":"product_tag","embeddable":true,"href":"https:\/\/getlux.sk\/hu\/wp-json\/wp\/v2\/product_tag?post=29905"}],"curies":[{"name":"wp","href":"https:\/\/api.w.org\/{rel}","templated":true}]}}