{"id":30490,"date":"2026-04-28T00:12:20","date_gmt":"2026-04-27T22:12:20","guid":{"rendered":"https:\/\/getlux.sk\/?post_type=product&#038;p=30490"},"modified":"2026-04-28T13:00:12","modified_gmt":"2026-04-28T11:00:12","slug":"medusa-95-kleio-shoulder-in-lamb-leather","status":"publish","type":"product","link":"https:\/\/getlux.sk\/hu\/produkt\/medusa-95-kleio-shoulder-in-lamb-leather\/","title":{"rendered":"Medusa 95 Kleio Shoulder In Lamb Leather"},"content":{"rendered":"<p><strong>Medusa 95 Kleio Shoulder In Lamb Leather<\/strong> je luxusn\u00fd produkt zna\u010dky Versace.<\/p>\n<ul>\n<li>Zna\u010dka: Versace<\/li>\n<li>Ve\u013ekos\u0165: Uni<\/li>\n<li>Materi\u00e1l: jah\u0148acia ko\u017ea<\/li>\n<li>Rozmery: 20 x 7 x 12 cm<\/li>\n<li>Dostupnos\u0165: skladom pod\u013ea aktu\u00e1lnej ponuky<\/li>\n<\/ul>\n<p>Cena je uveden\u00e1 vr\u00e1tane DPH.<\/p>\n","protected":false},"excerpt":{"rendered":"<p>Medusa 95 Kleio Shoulder In Lamb Leather \u2013 luxusn\u00fd produkt zna\u010dky Versace. Materi\u00e1l: jah\u0148acia ko\u017ea. Rozmery: 20 x 7 x 12 cm.<\/p>\n","protected":false},"featured_media":30989,"template":"","meta":[],"product_brand":[499],"product_cat":[2553],"product_tag":[],"class_list":{"0":"post-30490","1":"product","2":"type-product","3":"status-publish","4":"has-post-thumbnail","6":"product_brand-znacky-versace","7":"product_cat-ramenne-a-krizove","8":"pa_velkost-uni","10":"first","11":"instock","12":"taxable","13":"shipping-taxable","14":"purchasable","15":"product-type-simple"},"_links":{"self":[{"href":"https:\/\/getlux.sk\/hu\/wp-json\/wp\/v2\/product\/30490","targetHints":{"allow":["GET"]}}],"collection":[{"href":"https:\/\/getlux.sk\/hu\/wp-json\/wp\/v2\/product"}],"about":[{"href":"https:\/\/getlux.sk\/hu\/wp-json\/wp\/v2\/types\/product"}],"wp:featuredmedia":[{"embeddable":true,"href":"https:\/\/getlux.sk\/hu\/wp-json\/wp\/v2\/media\/30989"}],"wp:attachment":[{"href":"https:\/\/getlux.sk\/hu\/wp-json\/wp\/v2\/media?parent=30490"}],"wp:term":[{"taxonomy":"product_brand","embeddable":true,"href":"https:\/\/getlux.sk\/hu\/wp-json\/wp\/v2\/product_brand?post=30490"},{"taxonomy":"product_cat","embeddable":true,"href":"https:\/\/getlux.sk\/hu\/wp-json\/wp\/v2\/product_cat?post=30490"},{"taxonomy":"product_tag","embeddable":true,"href":"https:\/\/getlux.sk\/hu\/wp-json\/wp\/v2\/product_tag?post=30490"}],"curies":[{"name":"wp","href":"https:\/\/api.w.org\/{rel}","templated":true}]}}