{"id":30493,"date":"2026-04-28T00:12:22","date_gmt":"2026-04-27T22:12:22","guid":{"rendered":"https:\/\/getlux.sk\/?post_type=product&#038;p=30493"},"modified":"2026-04-28T13:00:51","modified_gmt":"2026-04-28T11:00:51","slug":"medusa-95-kleio-shoulder-in-lasered-denim-barocco","status":"publish","type":"product","link":"https:\/\/getlux.sk\/hu\/produkt\/medusa-95-kleio-shoulder-in-lasered-denim-barocco\/","title":{"rendered":"Medusa 95 Kleio Shoulder In Lasered Denim Barocco"},"content":{"rendered":"<p><strong>Medusa 95 Kleio Shoulder In Lasered Denim Barocco<\/strong> je luxusn\u00fd produkt zna\u010dky Versace.<\/p>\n<ul>\n<li>Zna\u010dka: Versace<\/li>\n<li>Farba: Red<\/li>\n<li>Ve\u013ekos\u0165: Uni<\/li>\n<li>Materi\u00e1l: denim<\/li>\n<li>Rozmery: 22 x 9 x 16,5 cm<\/li>\n<li>Dostupnos\u0165: skladom pod\u013ea aktu\u00e1lnej ponuky<\/li>\n<\/ul>\n<p>Cena je uveden\u00e1 vr\u00e1tane DPH.<\/p>\n","protected":false},"excerpt":{"rendered":"<p>Medusa 95 Kleio Shoulder In Lasered Denim Barocco \u2013 luxusn\u00fd produkt zna\u010dky Versace. Materi\u00e1l: denim. Rozmery: 22 x 9 x 16,5 cm.<\/p>\n","protected":false},"featured_media":30995,"template":"","meta":[],"product_brand":[499],"product_cat":[2553],"product_tag":[],"class_list":{"0":"post-30493","1":"product","2":"type-product","3":"status-publish","4":"has-post-thumbnail","6":"product_brand-znacky-versace","7":"product_cat-ramenne-a-krizove","8":"pa_farba-red","9":"pa_velkost-uni","11":"first","12":"instock","13":"taxable","14":"shipping-taxable","15":"purchasable","16":"product-type-simple"},"_links":{"self":[{"href":"https:\/\/getlux.sk\/hu\/wp-json\/wp\/v2\/product\/30493","targetHints":{"allow":["GET"]}}],"collection":[{"href":"https:\/\/getlux.sk\/hu\/wp-json\/wp\/v2\/product"}],"about":[{"href":"https:\/\/getlux.sk\/hu\/wp-json\/wp\/v2\/types\/product"}],"wp:featuredmedia":[{"embeddable":true,"href":"https:\/\/getlux.sk\/hu\/wp-json\/wp\/v2\/media\/30995"}],"wp:attachment":[{"href":"https:\/\/getlux.sk\/hu\/wp-json\/wp\/v2\/media?parent=30493"}],"wp:term":[{"taxonomy":"product_brand","embeddable":true,"href":"https:\/\/getlux.sk\/hu\/wp-json\/wp\/v2\/product_brand?post=30493"},{"taxonomy":"product_cat","embeddable":true,"href":"https:\/\/getlux.sk\/hu\/wp-json\/wp\/v2\/product_cat?post=30493"},{"taxonomy":"product_tag","embeddable":true,"href":"https:\/\/getlux.sk\/hu\/wp-json\/wp\/v2\/product_tag?post=30493"}],"curies":[{"name":"wp","href":"https:\/\/api.w.org\/{rel}","templated":true}]}}