{"id":31174,"date":"2026-04-29T19:26:49","date_gmt":"2026-04-29T17:26:49","guid":{"rendered":"https:\/\/getlux.sk\/?post_type=product&#038;p=31174"},"modified":"2026-04-29T19:26:49","modified_gmt":"2026-04-29T17:26:49","slug":"icon-nylon-crossbody-in-nylon-calf-enamel-hw","status":"publish","type":"product","link":"https:\/\/getlux.sk\/hu\/produkt\/icon-nylon-crossbody-in-nylon-calf-enamel-hw\/","title":{"rendered":"Icon Nylon Crossbody In Nylon-Calf-Enamel Hw"},"content":{"rendered":"<p><strong>Icon Nylon Crossbody In Nylon-Calf-Enamel Hw<\/strong> je luxusn\u00fd produkt zna\u010dky Versace.<\/p>\n<ul>\n<li>Zna\u010dka: Versace<\/li>\n<li>Ve\u013ekos\u0165: Uni<\/li>\n<li>Rozmery: 19 x 4 x 19 cm<\/li>\n<li>Dostupnos\u0165: skladom pod\u013ea aktu\u00e1lnej ponuky<\/li>\n<\/ul>\n<p>Cena je uveden\u00e1 vr\u00e1tane DPH.<\/p>\n","protected":false},"excerpt":{"rendered":"<p>Icon Nylon Crossbody In Nylon-Calf-Enamel Hw \u2013 luxusn\u00fd produkt zna\u010dky Versace. Rozmery: 19 x 4 x 19 cm.<\/p>\n","protected":false},"featured_media":31195,"template":"","meta":[],"product_brand":[499],"product_cat":[192],"product_tag":[],"class_list":{"0":"post-31174","1":"product","2":"type-product","3":"status-publish","4":"has-post-thumbnail","6":"product_brand-znacky-versace","7":"product_cat-muzi-tasky","8":"pa_velkost-uni","10":"first","11":"instock","12":"taxable","13":"shipping-taxable","14":"purchasable","15":"product-type-simple"},"_links":{"self":[{"href":"https:\/\/getlux.sk\/hu\/wp-json\/wp\/v2\/product\/31174","targetHints":{"allow":["GET"]}}],"collection":[{"href":"https:\/\/getlux.sk\/hu\/wp-json\/wp\/v2\/product"}],"about":[{"href":"https:\/\/getlux.sk\/hu\/wp-json\/wp\/v2\/types\/product"}],"wp:featuredmedia":[{"embeddable":true,"href":"https:\/\/getlux.sk\/hu\/wp-json\/wp\/v2\/media\/31195"}],"wp:attachment":[{"href":"https:\/\/getlux.sk\/hu\/wp-json\/wp\/v2\/media?parent=31174"}],"wp:term":[{"taxonomy":"product_brand","embeddable":true,"href":"https:\/\/getlux.sk\/hu\/wp-json\/wp\/v2\/product_brand?post=31174"},{"taxonomy":"product_cat","embeddable":true,"href":"https:\/\/getlux.sk\/hu\/wp-json\/wp\/v2\/product_cat?post=31174"},{"taxonomy":"product_tag","embeddable":true,"href":"https:\/\/getlux.sk\/hu\/wp-json\/wp\/v2\/product_tag?post=31174"}],"curies":[{"name":"wp","href":"https:\/\/api.w.org\/{rel}","templated":true}]}}