{"id":31215,"date":"2026-04-29T20:25:47","date_gmt":"2026-04-29T18:25:47","guid":{"rendered":"https:\/\/getlux.sk\/?post_type=product&#038;p=31215"},"modified":"2026-04-29T20:25:47","modified_gmt":"2026-04-29T18:25:47","slug":"la-greca-sandal-in-calf-leather","status":"publish","type":"product","link":"https:\/\/getlux.sk\/hu\/produkt\/la-greca-sandal-in-calf-leather\/","title":{"rendered":"La Greca Sandal In Calf Leather"},"content":{"rendered":"<p><strong>La Greca Sandal In Calf Leather<\/strong> je luxusn\u00fd produkt zna\u010dky Versace.<\/p>\n<ul>\n<li>Zna\u010dka: Versace<\/li>\n<li>Farba: Pink<\/li>\n<li>Ve\u013ekos\u0165: 39, 40, 41, 42, 43, 44, 45, 46<\/li>\n<li>Materi\u00e1l: te\u013eacia ko\u017ea<\/li>\n<li>Dostupnos\u0165: skladom pod\u013ea aktu\u00e1lnej ponuky<\/li>\n<\/ul>\n<p>Cena je uveden\u00e1 vr\u00e1tane DPH.<\/p>\n","protected":false},"excerpt":{"rendered":"<p>La Greca Sandal In Calf Leather \u2013 luxusn\u00fd produkt zna\u010dky Versace. Materi\u00e1l: te\u013eacia ko\u017ea.<\/p>\n","protected":false},"featured_media":31236,"template":"","meta":[],"product_brand":[499],"product_cat":[223],"product_tag":[],"class_list":{"0":"post-31215","1":"product","2":"type-product","3":"status-publish","4":"has-post-thumbnail","6":"product_brand-znacky-versace","7":"product_cat-muzi-sandale","8":"pa_farba-pink","9":"pa_velkost-63","10":"pa_velkost-51","11":"pa_velkost-76","12":"pa_velkost-48","13":"pa_velkost-74","14":"pa_velkost-88","15":"pa_velkost-75","16":"pa_velkost-59","18":"first","19":"instock","20":"taxable","21":"shipping-taxable","22":"purchasable","23":"product-type-variable"},"_links":{"self":[{"href":"https:\/\/getlux.sk\/hu\/wp-json\/wp\/v2\/product\/31215","targetHints":{"allow":["GET"]}}],"collection":[{"href":"https:\/\/getlux.sk\/hu\/wp-json\/wp\/v2\/product"}],"about":[{"href":"https:\/\/getlux.sk\/hu\/wp-json\/wp\/v2\/types\/product"}],"wp:featuredmedia":[{"embeddable":true,"href":"https:\/\/getlux.sk\/hu\/wp-json\/wp\/v2\/media\/31236"}],"wp:attachment":[{"href":"https:\/\/getlux.sk\/hu\/wp-json\/wp\/v2\/media?parent=31215"}],"wp:term":[{"taxonomy":"product_brand","embeddable":true,"href":"https:\/\/getlux.sk\/hu\/wp-json\/wp\/v2\/product_brand?post=31215"},{"taxonomy":"product_cat","embeddable":true,"href":"https:\/\/getlux.sk\/hu\/wp-json\/wp\/v2\/product_cat?post=31215"},{"taxonomy":"product_tag","embeddable":true,"href":"https:\/\/getlux.sk\/hu\/wp-json\/wp\/v2\/product_tag?post=31215"}],"curies":[{"name":"wp","href":"https:\/\/api.w.org\/{rel}","templated":true}]}}