{"id":33959,"date":"2026-05-08T08:06:11","date_gmt":"2026-05-08T06:06:11","guid":{"rendered":"https:\/\/getlux.sk\/?post_type=product&#038;p=33959"},"modified":"2026-05-11T01:53:59","modified_gmt":"2026-05-10T23:53:59","slug":"skirt-in-enver-satin-medusa-chain-allover-print","status":"publish","type":"product","link":"https:\/\/getlux.sk\/hu\/produkt\/skirt-in-enver-satin-medusa-chain-allover-print\/","title":{"rendered":"Skirt In Enver Satin Medusa Chain Allover Print"},"content":{"rendered":"<p><strong>Skirt In Enver Satin Medusa Chain Allover Print<\/strong> je luxusn\u00fd produkt zna\u010dky Versace.<\/p>\n<ul>\n<li>Zna\u010dka: Versace<\/li>\n<li>Farba: Champagne-Grey<\/li>\n<li>Materi\u00e1l: sat\u00e9n<\/li>\n<li>Dostupnos\u0165: skladom pod\u013ea aktu\u00e1lnej ponuky<\/li>\n<\/ul>\n<p>Cena je uveden\u00e1 vr\u00e1tane DPH.<\/p>\n","protected":false},"excerpt":{"rendered":"<p>Skirt In Enver Satin Medusa Chain Allover Print \u2013 luxusn\u00fd produkt zna\u010dky Versace. Materi\u00e1l: sat\u00e9n.<\/p>\n","protected":false},"featured_media":34734,"template":"","meta":[],"product_brand":[499],"product_cat":[248],"product_tag":[],"class_list":{"0":"post-33959","1":"product","2":"type-product","3":"status-publish","4":"has-post-thumbnail","6":"product_brand-znacky-versace","7":"product_cat-zeny-sukne","8":"pa_farba-champagne-grey","9":"pa_velkost-51","10":"pa_velkost-59","12":"first","13":"instock","14":"taxable","15":"shipping-taxable","16":"purchasable","17":"product-type-variable"},"_links":{"self":[{"href":"https:\/\/getlux.sk\/hu\/wp-json\/wp\/v2\/product\/33959","targetHints":{"allow":["GET"]}}],"collection":[{"href":"https:\/\/getlux.sk\/hu\/wp-json\/wp\/v2\/product"}],"about":[{"href":"https:\/\/getlux.sk\/hu\/wp-json\/wp\/v2\/types\/product"}],"wp:featuredmedia":[{"embeddable":true,"href":"https:\/\/getlux.sk\/hu\/wp-json\/wp\/v2\/media\/34734"}],"wp:attachment":[{"href":"https:\/\/getlux.sk\/hu\/wp-json\/wp\/v2\/media?parent=33959"}],"wp:term":[{"taxonomy":"product_brand","embeddable":true,"href":"https:\/\/getlux.sk\/hu\/wp-json\/wp\/v2\/product_brand?post=33959"},{"taxonomy":"product_cat","embeddable":true,"href":"https:\/\/getlux.sk\/hu\/wp-json\/wp\/v2\/product_cat?post=33959"},{"taxonomy":"product_tag","embeddable":true,"href":"https:\/\/getlux.sk\/hu\/wp-json\/wp\/v2\/product_tag?post=33959"}],"curies":[{"name":"wp","href":"https:\/\/api.w.org\/{rel}","templated":true}]}}