{"id":34149,"date":"2026-05-08T10:20:39","date_gmt":"2026-05-08T08:20:39","guid":{"rendered":"https:\/\/getlux.sk\/?post_type=product&#038;p=34149"},"modified":"2026-05-09T19:27:07","modified_gmt":"2026-05-09T17:27:07","slug":"medusa-lock-sandal-in-suede-enamel-hw","status":"publish","type":"product","link":"https:\/\/getlux.sk\/hu\/produkt\/medusa-lock-sandal-in-suede-enamel-hw\/","title":{"rendered":"Sandal In Lamb Leather"},"content":{"rendered":"<p><strong>Sandal In Lamb Leather<\/strong> je luxusn\u00fd produkt zna\u010dky Versace.<\/p>\n<ul>\n<li>Zna\u010dka: Versace<\/li>\n<li>Farba: Black-Versace Gold<\/li>\n<li>Materi\u00e1l: jah\u0148acia ko\u017ea<\/li>\n<li>Dostupnos\u0165: skladom pod\u013ea aktu\u00e1lnej ponuky<\/li>\n<\/ul>\n<p>Cena je uveden\u00e1 vr\u00e1tane DPH.<\/p>\n","protected":false},"excerpt":{"rendered":"<p>Sandal In Lamb Leather \u2013 luxusn\u00fd produkt zna\u010dky Versace. Materi\u00e1l: jah\u0148acia ko\u017ea.<\/p>\n","protected":false},"featured_media":35058,"template":"","meta":[],"product_brand":[499],"product_cat":[188],"product_tag":[],"class_list":{"0":"post-34149","1":"product","2":"type-product","3":"status-publish","4":"has-post-thumbnail","6":"product_brand-znacky-versace","7":"product_cat-muzi-slapky","8":"pa_farba-black-versace-gold","9":"pa_velkost-68","10":"pa_velkost-69","11":"pa_velkost-63","12":"pa_velkost-51","13":"pa_velkost-76","14":"pa_velkost-59","15":"pa_velkost-171","17":"first","18":"instock","19":"taxable","20":"shipping-taxable","21":"purchasable","22":"product-type-variable"},"_links":{"self":[{"href":"https:\/\/getlux.sk\/hu\/wp-json\/wp\/v2\/product\/34149","targetHints":{"allow":["GET"]}}],"collection":[{"href":"https:\/\/getlux.sk\/hu\/wp-json\/wp\/v2\/product"}],"about":[{"href":"https:\/\/getlux.sk\/hu\/wp-json\/wp\/v2\/types\/product"}],"wp:featuredmedia":[{"embeddable":true,"href":"https:\/\/getlux.sk\/hu\/wp-json\/wp\/v2\/media\/35058"}],"wp:attachment":[{"href":"https:\/\/getlux.sk\/hu\/wp-json\/wp\/v2\/media?parent=34149"}],"wp:term":[{"taxonomy":"product_brand","embeddable":true,"href":"https:\/\/getlux.sk\/hu\/wp-json\/wp\/v2\/product_brand?post=34149"},{"taxonomy":"product_cat","embeddable":true,"href":"https:\/\/getlux.sk\/hu\/wp-json\/wp\/v2\/product_cat?post=34149"},{"taxonomy":"product_tag","embeddable":true,"href":"https:\/\/getlux.sk\/hu\/wp-json\/wp\/v2\/product_tag?post=34149"}],"curies":[{"name":"wp","href":"https:\/\/api.w.org\/{rel}","templated":true}]}}