{"id":5262,"date":"2024-05-31T14:34:26","date_gmt":"2024-05-31T12:34:26","guid":{"rendered":"https:\/\/getlux.sk\/?post_type=product&#038;p=5262"},"modified":"2025-01-25T18:22:00","modified_gmt":"2025-01-25T17:22:00","slug":"luna-289-zupan","status":"publish","type":"product","link":"https:\/\/getlux.sk\/hu\/produkt\/luna-289-zupan\/","title":{"rendered":"Luna 289 \u017dupan"},"content":{"rendered":"<p>\u017dupan Luna 289 XXL d\u00e1msky 5902080289564<\/p>\n","protected":false},"excerpt":{"rendered":"<p>\u017dupan Luna 289 XXL d\u00e1msky 5902080289564<\/p>\n","protected":false},"featured_media":8923,"template":"","meta":[],"product_brand":[],"product_cat":[270,420],"product_tag":[],"class_list":{"0":"post-5262","1":"product","2":"type-product","3":"status-publish","4":"has-post-thumbnail","6":"product_cat-vypredaj","7":"product_cat-zeny-vypredaj","8":"pa_farba-burgundy","10":"first","11":"instock","12":"taxable","13":"shipping-taxable","14":"product-type-variable"},"_links":{"self":[{"href":"https:\/\/getlux.sk\/hu\/wp-json\/wp\/v2\/product\/5262","targetHints":{"allow":["GET"]}}],"collection":[{"href":"https:\/\/getlux.sk\/hu\/wp-json\/wp\/v2\/product"}],"about":[{"href":"https:\/\/getlux.sk\/hu\/wp-json\/wp\/v2\/types\/product"}],"wp:featuredmedia":[{"embeddable":true,"href":"https:\/\/getlux.sk\/hu\/wp-json\/wp\/v2\/media\/8923"}],"wp:attachment":[{"href":"https:\/\/getlux.sk\/hu\/wp-json\/wp\/v2\/media?parent=5262"}],"wp:term":[{"taxonomy":"product_brand","embeddable":true,"href":"https:\/\/getlux.sk\/hu\/wp-json\/wp\/v2\/product_brand?post=5262"},{"taxonomy":"product_cat","embeddable":true,"href":"https:\/\/getlux.sk\/hu\/wp-json\/wp\/v2\/product_cat?post=5262"},{"taxonomy":"product_tag","embeddable":true,"href":"https:\/\/getlux.sk\/hu\/wp-json\/wp\/v2\/product_tag?post=5262"}],"curies":[{"name":"wp","href":"https:\/\/api.w.org\/{rel}","templated":true}]}}