{"id":5950,"date":"2024-06-25T11:48:05","date_gmt":"2024-06-25T09:48:05","guid":{"rendered":"https:\/\/getlux.sk\/?post_type=product&#038;p=5950"},"modified":"2025-01-17T10:07:06","modified_gmt":"2025-01-17T09:07:06","slug":"ciapka-ajs","status":"publish","type":"product","link":"https:\/\/getlux.sk\/hu\/produkt\/ciapka-ajs\/","title":{"rendered":"\u010ciapka AJS"},"content":{"rendered":"<p><span data-sheets-root=\"1\" data-sheets-value=\"{&quot;1&quot;:2,&quot;2&quot;:&quot;\u010ciapka AJS 38-080 5902414626331-\u0161ed\u00e1-52-54&quot;}\" data-sheets-userformat=\"{&quot;2&quot;:6721,&quot;3&quot;:{&quot;1&quot;:0},&quot;9&quot;:0,&quot;12&quot;:0,&quot;14&quot;:{&quot;1&quot;:3,&quot;3&quot;:1},&quot;15&quot;:&quot;Arial&quot;}\">\u010ciapka AJS 38-080 5902414626331-\u0161ed\u00e1-52-54<\/span><\/p>\n<p>95% coton<\/p>\n<p>5% elastan<\/p>\n","protected":false},"excerpt":{"rendered":"<p>\u010ciapka AJS 38-080 5902414626331-\u0161ed\u00e1-52-54 95% coton 5% elastan<\/p>\n","protected":false},"featured_media":5952,"template":"","meta":[],"product_brand":[],"product_cat":[270,422],"product_tag":[],"class_list":{"0":"post-5950","1":"product","2":"type-product","3":"status-publish","4":"has-post-thumbnail","6":"product_cat-vypredaj","7":"product_cat-deti-vypredaj","8":"pa_farba-grey","9":"pa_velkost-52-54","11":"first","12":"outofstock","13":"taxable","14":"shipping-taxable","15":"purchasable","16":"product-type-simple"},"_links":{"self":[{"href":"https:\/\/getlux.sk\/hu\/wp-json\/wp\/v2\/product\/5950","targetHints":{"allow":["GET"]}}],"collection":[{"href":"https:\/\/getlux.sk\/hu\/wp-json\/wp\/v2\/product"}],"about":[{"href":"https:\/\/getlux.sk\/hu\/wp-json\/wp\/v2\/types\/product"}],"wp:featuredmedia":[{"embeddable":true,"href":"https:\/\/getlux.sk\/hu\/wp-json\/wp\/v2\/media\/5952"}],"wp:attachment":[{"href":"https:\/\/getlux.sk\/hu\/wp-json\/wp\/v2\/media?parent=5950"}],"wp:term":[{"taxonomy":"product_brand","embeddable":true,"href":"https:\/\/getlux.sk\/hu\/wp-json\/wp\/v2\/product_brand?post=5950"},{"taxonomy":"product_cat","embeddable":true,"href":"https:\/\/getlux.sk\/hu\/wp-json\/wp\/v2\/product_cat?post=5950"},{"taxonomy":"product_tag","embeddable":true,"href":"https:\/\/getlux.sk\/hu\/wp-json\/wp\/v2\/product_tag?post=5950"}],"curies":[{"name":"wp","href":"https:\/\/api.w.org\/{rel}","templated":true}]}}