{"id":12949,"date":"2024-05-01T10:54:19","date_gmt":"2024-05-01T08:54:19","guid":{"rendered":"https:\/\/getlux.sk\/livrare-si-plata\/"},"modified":"2026-02-27T17:10:36","modified_gmt":"2026-02-27T16:10:36","slug":"livrare-si-plata","status":"publish","type":"page","link":"https:\/\/getlux.sk\/ro\/livrare-si-plata\/","title":{"rendered":"Livrare \u0219i plat\u0103"},"content":{"rendered":"\t\t<div data-elementor-type=\"wp-page\" data-elementor-id=\"12949\" class=\"elementor elementor-12949 elementor-1959\">\n\t\t\t\t<div class=\"wd-negative-gap elementor-element elementor-element-3079eac e-flex e-con-boxed e-con e-parent\" data-id=\"3079eac\" data-element_type=\"container\" data-e-type=\"container\">\n\t\t\t\t\t<div class=\"e-con-inner\">\n\t\t\t\t<div class=\"elementor-element elementor-element-5410d7e elementor-widget elementor-widget-heading\" data-id=\"5410d7e\" data-element_type=\"widget\" data-e-type=\"widget\" data-widget_type=\"heading.default\">\n\t\t\t\t<div class=\"elementor-widget-container\">\n\t\t\t\t\t<h3 class=\"elementor-heading-title elementor-size-default\">Livrare<\/h3>\t\t\t\t<\/div>\n\t\t\t\t<\/div>\n\t\t\t\t<div class=\"elementor-element elementor-element-3535511 color-scheme-inherit text-left elementor-widget elementor-widget-text-editor\" data-id=\"3535511\" data-element_type=\"widget\" data-e-type=\"widget\" data-widget_type=\"text-editor.default\">\n\t\t\t\t<div class=\"elementor-widget-container\">\n\t\t\t\t\t\t\t\t\t<p><span style=\"font-weight: 400;\">Toate comenzile sunt expediate prin intermediul partenerului nostru logistic de \u00eencredere, Slovak Post. Timpul standard de livrare a m\u0103rfurilor este de 7-10 zile de la primirea comenzii. Dup\u0103 expedierea comenzii, ve\u021bi primi un num\u0103r de urm\u0103rire \u0219i un link direct pentru a urm\u0103ri expedierea \u00een ziua urm\u0103toare la adresa de e-mail furnizat\u0103 \u00een comand\u0103.  <\/span><\/p><p>Pre\u021burile afi\u0219ate \u00een lista de pre\u021buri includ TVA. Pute\u021bi trimite produsele comandate la adresa specificat\u0103 de dumneavoastr\u0103. <\/p><p>Livrare prin curier DPD \u2013 Comenzile primite \u0219i pl\u0103tite p\u00e2n\u0103 la ora 17:00 vor fi expediate din depozitul nostru a doua zi, livrarea prin curier la adresa specificat\u0103 de dvs. din Slovacia av\u00e2nd loc \u00een urm\u0103toarea zi lucr\u0103toare. Livrarea se face de obicei diminea\u021ba, curierul v\u0103 va contacta \u00eenainte de livrare \u0219i este posibil s\u0103 conveni\u021bi asupra unei ore individuale de livrare. De asemenea, pute\u021bi solicita livrarea m\u0103rfurilor la livrare \u0219i pute\u021bi pl\u0103ti contravaloarea acesteia curierului la primirea acestora. \u00cen cooperare cu DPD, oferim \u0219i livrare \u00een \u021b\u0103rile \u00eenvecinate.   <\/p><p><strong>Tax\u0103: 4,10 \u20ac inclusiv TVA,<\/strong><\/p><p>Livrare prin Po\u0219ta Slovac\u0103 &#8211; V\u0103 vom livra bunurile \u00een termen de 7 zile.<\/p><p><strong>Tax\u0103: 5,60 \u20ac inclusiv TVA,<\/strong> <\/p><p>La primirea expedierii, este necesar s\u0103 verifica\u021bi cu aten\u021bie num\u0103rul de colete \u0219i starea acestora (dac\u0103 sunt deteriorate). Dac\u0103 constata\u021bi vreo discrepan\u021b\u0103, trebuie s\u0103 anun\u021ba\u021bi imediat curierul \u0219i s\u0103 o \u00eenregistra\u021bi \u00een raportul de primire (de exemplu, ambalaj deteriorat, colet lips\u0103 din expediere etc.). Reclama\u021biile ulterioare privind transportul nu vor fi recunoscute de c\u0103tre transportator.  <\/p><p>Notificare SMS<br>La plasarea comenzii, avem nevoie de un num\u0103r de telefon pentru a v\u0103 putea informa mai u\u0219or despre starea livr\u0103rii expedierii dumneavoastr\u0103. Cu o zi \u00eenainte de livrarea programat\u0103 a expedierii, destinatarul va primi un mesaj SMS despre livrare, inclusiv num\u0103rul expedierii \u0219i suma taxei COD \u00een cazul unei expedieri COD. \u00cen plus, \u00een ziua livr\u0103rii, destinatarul va primi un mesaj SMS interactiv cu un timp de livrare de 3 ore. Dac\u0103 destinatarul nu este de acord cu data livr\u0103rii, o poate modifica pur \u0219i simplu r\u0103spunz\u00e2nd la mesajul SMS.   <\/p><p><strong>De obicei, expediem m\u0103rfurile \u00een termen de 24-48 de ore.<\/strong><\/p><p><strong>Timpul de livrare este de obicei de 2-3 zile, \u00een unele cazuri, mai ales \u00een afara Slovaciei, poate fi mai lung, dar maxim 10 zile. <\/strong><\/p><p>C\u00e2nd comanda\u021bi mai multe articole, pl\u0103ti\u021bi o singur\u0103 tax\u0103 de transport &#8211; taxa de transport nu depinde de greutatea \u0219i dimensiunea coletului. Ambalajul este gratuit! <\/p><p><strong>PRE\u021aUL INCLUDE TVA!<\/strong><\/p><p>TRANSPORT GRATUIT la achizi\u021bii de peste 100 \u20ac!<\/p>\t\t\t\t\t\t\t\t<\/div>\n\t\t\t\t<\/div>\n\t\t\t\t<div class=\"elementor-element elementor-element-60fa998 elementor-widget elementor-widget-heading\" data-id=\"60fa998\" data-element_type=\"widget\" data-e-type=\"widget\" data-widget_type=\"heading.default\">\n\t\t\t\t<div class=\"elementor-widget-container\">\n\t\t\t\t\t<h3 class=\"elementor-heading-title elementor-size-default\">Ce se \u00eent\u00e2mpl\u0103 dac\u0103 livrarea este \u00eent\u00e2rziat\u0103?<\/h3>\t\t\t\t<\/div>\n\t\t\t\t<\/div>\n\t\t\t\t<div class=\"elementor-element elementor-element-ef931dd color-scheme-inherit text-left elementor-widget elementor-widget-text-editor\" data-id=\"ef931dd\" data-element_type=\"widget\" data-e-type=\"widget\" data-widget_type=\"text-editor.default\">\n\t\t\t\t<div class=\"elementor-widget-container\">\n\t\t\t\t\t\t\t\t\t<p><span style=\"font-weight: 400;\">Cea mai u\u0219oar\u0103 modalitate este s\u0103 contacta\u021bi transportatorul, Po\u0219ta Slovac\u0103.<\/span><\/p><ol><li><span style=\"font-weight: 400;\">Contact, Po\u0219ta slovac\u0103: 0850 122 413 <\/span><\/li><li><span style=\"font-weight: 400;\">De asemenea, pute\u021bi contacta Serviciul nostru Clien\u021bi la num\u0103rul de telefon <a href=\"tel:+421903990033\">+421 903 990033<\/a> sau folosi\u021bi <a href=\"https:\/\/getlux.sk\/kontakt\/?v=41d6ad0761a5\"> formular de contact<\/a>.<\/span><\/li><\/ol>\t\t\t\t\t\t\t\t<\/div>\n\t\t\t\t<\/div>\n\t\t\t\t<div class=\"elementor-element elementor-element-b8c69bd elementor-widget elementor-widget-heading\" data-id=\"b8c69bd\" data-element_type=\"widget\" data-e-type=\"widget\" data-widget_type=\"heading.default\">\n\t\t\t\t<div class=\"elementor-widget-container\">\n\t\t\t\t\t<h3 class=\"elementor-heading-title elementor-size-default\">Op\u021biuni de plat\u0103<\/h3>\t\t\t\t<\/div>\n\t\t\t\t<\/div>\n\t\t\t\t<div class=\"elementor-element elementor-element-56ef7be color-scheme-inherit text-left elementor-widget elementor-widget-text-editor\" data-id=\"56ef7be\" data-element_type=\"widget\" data-e-type=\"widget\" data-widget_type=\"text-editor.default\">\n\t\t\t\t<div class=\"elementor-widget-container\">\n\t\t\t\t\t\t\t\t\t<ol><li>Plat\u0103 la livrare (numerar la livrare)<br>Desigur, pute\u021bi pl\u0103ti \u0219i \u00een numerar, ramburs la livrare. Totu\u0219i, dac\u0103 alege\u021bi aceast\u0103 op\u021biune, se va percepe o tax\u0103 \u00een func\u021bie de pre\u021bul curierului. Pre\u021bul maxim al comenzii pentru plata ramburs la livrare este de 100 \u20ac.<\/li><li>Plata prin cod QR (plata QR sau Pay-by-Square) este o form\u0103 modern\u0103 de transfer direct c\u0103tre un cont. Dup\u0103 finalizarea comenzii, scana\u021bi codul QR folosind aplica\u021bia mobil\u0103 a b\u0103ncii dvs. Toate datele (IBAN, sum\u0103, simbol variabil) vor fi completate automat.  <\/li><li>Plat\u0103 cu cardul (plat\u0103 \u00een avans)<br>O op\u021biune securizat\u0103 este \u0219i plata cu cardul, care necesit\u0103 num\u0103rul cardului, data expir\u0103rii cardului \u0219i codul CVV. Datele personale trec prin gateway-ul de plat\u0103, care nu ne furnizeaz\u0103 aceste informa\u021bii. <\/li><li>Plat\u0103 online prin PayPal<br>Ast\u0103zi, este unul dintre cele mai r\u0103sp\u00e2ndite \u0219i sigure sisteme de plat\u0103 online de pe internet. Tocmai datorit\u0103 securit\u0103\u021bii \u0219i versatilit\u0103\u021bii sale am ales PayPal pentru a intermedia pl\u0103\u021bile \u00eentre dvs. \u0219i magazinul nostru online. Sistemul accept\u0103 carduri VISA, VISA Electron, Maestro \u0219i American Express. Serviciile sale sunt utilizate de peste 100 de milioane de oameni din \u00eentreaga lume, \u00een 103 \u021b\u0103ri. <\/li><\/ol>\t\t\t\t\t\t\t\t<\/div>\n\t\t\t\t<\/div>\n\t\t\t\t\t<\/div>\n\t\t\t\t<\/div>\n\t\t\t\t<\/div>\n\t\t","protected":false},"excerpt":{"rendered":"<p>Livrare Toate comenzile sunt expediate prin intermediul partenerului nostru logistic de \u00eencredere, Slovak Post. Timpul standard de livrare a m\u0103rfurilor<\/p>\n","protected":false},"author":2,"featured_media":0,"parent":0,"menu_order":0,"comment_status":"closed","ping_status":"closed","template":"","meta":{"footnotes":""},"class_list":["post-12949","page","type-page","status-publish","hentry"],"_links":{"self":[{"href":"https:\/\/getlux.sk\/ro\/wp-json\/wp\/v2\/pages\/12949","targetHints":{"allow":["GET"]}}],"collection":[{"href":"https:\/\/getlux.sk\/ro\/wp-json\/wp\/v2\/pages"}],"about":[{"href":"https:\/\/getlux.sk\/ro\/wp-json\/wp\/v2\/types\/page"}],"author":[{"embeddable":true,"href":"https:\/\/getlux.sk\/ro\/wp-json\/wp\/v2\/users\/2"}],"replies":[{"embeddable":true,"href":"https:\/\/getlux.sk\/ro\/wp-json\/wp\/v2\/comments?post=12949"}],"version-history":[{"count":1,"href":"https:\/\/getlux.sk\/ro\/wp-json\/wp\/v2\/pages\/12949\/revisions"}],"predecessor-version":[{"id":12950,"href":"https:\/\/getlux.sk\/ro\/wp-json\/wp\/v2\/pages\/12949\/revisions\/12950"}],"wp:attachment":[{"href":"https:\/\/getlux.sk\/ro\/wp-json\/wp\/v2\/media?parent=12949"}],"curies":[{"name":"wp","href":"https:\/\/api.w.org\/{rel}","templated":true}]}}