{"id":28356,"date":"2024-05-01T13:27:45","date_gmt":"2024-05-01T11:27:45","guid":{"rendered":"https:\/\/getlux.sk\/porovnavac\/"},"modified":"2026-03-03T11:35:48","modified_gmt":"2026-03-03T10:35:48","slug":"porovnavac","status":"publish","type":"page","link":"https:\/\/getlux.sk\/ro\/porovnavac\/","title":{"rendered":"Porovn\u00e1va\u010d"},"content":{"rendered":"\t\t<p class=\"wd-empty-compare wd-empty-page\">\n\t\t\tCompare list is empty.\t\t<\/p>\n\t\t\t\t\t<div class=\"wd-empty-page-text\">\n\t\t\t\tDo porovn\u00e1vacieho zoznamu neboli pridan\u00e9 \u017eiadne produkty. Na porovnanie mus\u00edte prida\u0165 nejak\u00e9 produkty.<br> Na na\u0161ej str\u00e1nke \"Obchod\" n\u00e1jdete ve\u013ea zauj\u00edmav\u00fdch produktov.\t\t\t<\/div>\n\t\t\t\t<p class=\"return-to-shop\">\n\t\t\t<a class=\"button\" href=\"https:\/\/getlux.sk\/ro\/magazin\/\">\n\t\t\t\tReturn to shop\t\t\t<\/a>\n\t\t<\/p>\n\t\t\n","protected":false},"excerpt":{"rendered":"","protected":false},"author":2,"featured_media":0,"parent":0,"menu_order":0,"comment_status":"closed","ping_status":"closed","template":"","meta":{"footnotes":""},"class_list":["post-28356","page","type-page","status-publish","hentry"],"_links":{"self":[{"href":"https:\/\/getlux.sk\/ro\/wp-json\/wp\/v2\/pages\/28356","targetHints":{"allow":["GET"]}}],"collection":[{"href":"https:\/\/getlux.sk\/ro\/wp-json\/wp\/v2\/pages"}],"about":[{"href":"https:\/\/getlux.sk\/ro\/wp-json\/wp\/v2\/types\/page"}],"author":[{"embeddable":true,"href":"https:\/\/getlux.sk\/ro\/wp-json\/wp\/v2\/users\/2"}],"replies":[{"embeddable":true,"href":"https:\/\/getlux.sk\/ro\/wp-json\/wp\/v2\/comments?post=28356"}],"version-history":[{"count":1,"href":"https:\/\/getlux.sk\/ro\/wp-json\/wp\/v2\/pages\/28356\/revisions"}],"predecessor-version":[{"id":28357,"href":"https:\/\/getlux.sk\/ro\/wp-json\/wp\/v2\/pages\/28356\/revisions\/28357"}],"wp:attachment":[{"href":"https:\/\/getlux.sk\/ro\/wp-json\/wp\/v2\/media?parent=28356"}],"curies":[{"name":"wp","href":"https:\/\/api.w.org\/{rel}","templated":true}]}}