{"id":14053,"date":"2026-02-27T11:35:26","date_gmt":"2026-02-27T10:35:26","guid":{"rendered":"https:\/\/getlux.sk\/produkt\/versace-postelne-pradlo-zbedset06-zc0225-z7010\/"},"modified":"2026-02-27T11:35:26","modified_gmt":"2026-02-27T10:35:26","slug":"versace-postelne-pradlo-zbedset06-zc0225-z7010","status":"publish","type":"product","link":"https:\/\/getlux.sk\/ro\/produkt\/versace-postelne-pradlo-zbedset06-zc0225-z7010\/","title":{"rendered":"Versace poste\u013en\u00e9 pr\u00e1dlo ZBEDSET06 ZC0225 Z7010"},"content":{"rendered":"<p data-start=\"0\" data-end=\"397\"><strong data-start=\"0\" data-end=\"50\">Versace poste\u013en\u00e9 pr\u00e1dlo\u00a0 ZBEDSET06 ZC0225 Z7010<\/strong> <strong data-start=\"0\" data-end=\"50\">Full Sheet Set 1 Flat Sheet, 1 Fitted Sheet, 2 Pillowcases 220cm x 260cm, 140cm x 190cm, 53cm x 76cm <\/strong>je luxusn\u00fd set v elegantnej bielej farbe s ikonick\u00fdm zlat\u00fdm dekorom Medusa a gr\u00e9ckym meandrom. Minimalistick\u00fd z\u00e1klad dop\u013a\u0148a v\u00fdrazn\u00fd bord\u00farov\u00fd p\u00e1s s typick\u00fdmi symbolmi zna\u010dky, v\u010faka \u010domu p\u00f4sob\u00ed poste\u013e v\u017edy upravene, exkluz\u00edvne a nad\u010dasovo. Ide\u00e1lny v\u00fdber do modern\u00fdch aj klasick\u00fdch interi\u00e9rov, kde chcete zv\u00fdrazni\u0165 \u0161t\u00fdl a pr\u00e9miov\u00fd charakter sp\u00e1lne.<\/p>\n<h3 data-start=\"399\" data-end=\"420\">Hlavn\u00e9 vlastnosti<\/h3>\n<ul data-start=\"421\" data-end=\"622\">\n<li data-start=\"421\" data-end=\"482\">\n<p data-start=\"423\" data-end=\"482\">ikonick\u00fd Versace mot\u00edv <strong data-start=\"446\" data-end=\"456\">Medusa<\/strong> a <strong data-start=\"459\" data-end=\"482\">Greek Key (meander)<\/strong><\/p>\n<\/li>\n<li data-start=\"483\" data-end=\"537\">\n<p data-start=\"485\" data-end=\"537\">kontrastn\u00e1 bielo-zlat\u00e1 kombin\u00e1cia pre luxusn\u00fd vzh\u013ead<\/p>\n<\/li>\n<li data-start=\"538\" data-end=\"576\">\n<p data-start=\"540\" data-end=\"576\">pr\u00e9miov\u00fd dizajn vhodn\u00fd aj ako dar\u010dek<\/p>\n<\/li>\n<li data-start=\"577\" data-end=\"622\">\n<p data-start=\"579\" data-end=\"622\">model\/ozna\u010denie: <strong data-start=\"596\" data-end=\"622\">ZBEDSET06 ZC0225 Z7010<\/strong><\/p>\n<\/li>\n<li data-start=\"577\" data-end=\"622\">\n<p class=\"p1\">bedding set 100%cotton<\/p>\n<\/li>\n<\/ul>\n","protected":false},"excerpt":{"rendered":"<p>Versace poste\u013en\u00e9 pr\u00e1dlo\u00a0 ZBEDSET06 ZC0225 Z7010 Full Sheet Set 1 Flat Sheet, 1 Fitted Sheet, 2 Pillowcases 220cm x 260cm,<\/p>\n","protected":false},"featured_media":14054,"template":"","meta":[],"product_brand":[],"product_cat":[817],"product_tag":[],"class_list":{"0":"post-14053","1":"product","2":"type-product","3":"status-publish","4":"has-post-thumbnail","6":"product_cat-acasa-si-stil-de-viata","8":"first","9":"outofstock","10":"sale","11":"taxable","12":"shipping-taxable","13":"purchasable","14":"product-type-simple"},"_links":{"self":[{"href":"https:\/\/getlux.sk\/ro\/wp-json\/wp\/v2\/product\/14053","targetHints":{"allow":["GET"]}}],"collection":[{"href":"https:\/\/getlux.sk\/ro\/wp-json\/wp\/v2\/product"}],"about":[{"href":"https:\/\/getlux.sk\/ro\/wp-json\/wp\/v2\/types\/product"}],"wp:featuredmedia":[{"embeddable":true,"href":"https:\/\/getlux.sk\/ro\/wp-json\/wp\/v2\/media\/14054"}],"wp:attachment":[{"href":"https:\/\/getlux.sk\/ro\/wp-json\/wp\/v2\/media?parent=14053"}],"wp:term":[{"taxonomy":"product_brand","embeddable":true,"href":"https:\/\/getlux.sk\/ro\/wp-json\/wp\/v2\/product_brand?post=14053"},{"taxonomy":"product_cat","embeddable":true,"href":"https:\/\/getlux.sk\/ro\/wp-json\/wp\/v2\/product_cat?post=14053"},{"taxonomy":"product_tag","embeddable":true,"href":"https:\/\/getlux.sk\/ro\/wp-json\/wp\/v2\/product_tag?post=14053"}],"curies":[{"name":"wp","href":"https:\/\/api.w.org\/{rel}","templated":true}]}}