{"id":17943,"date":"2025-02-09T18:41:56","date_gmt":"2025-02-09T17:41:56","guid":{"rendered":"https:\/\/getlux.sk\/produkt\/versace-coat-double-wool-blend-tartan-1010222\/"},"modified":"2026-03-22T08:53:29","modified_gmt":"2026-03-22T07:53:29","slug":"versace-coat-double-wool-blend-tartan-1010222","status":"publish","type":"product","link":"https:\/\/getlux.sk\/ro\/produkt\/versace-coat-double-wool-blend-tartan-1010222\/","title":{"rendered":"COAT DOUBLE WOOL 1010222_1A07659_IT_2UK00"},"content":{"rendered":"<p data-start=\"42\" data-end=\"135\"><strong data-start=\"42\" data-end=\"135\">Versace COAT \/ PEACOAT \/ CABAN \/ CAPE DOUBLE WOOL BLEND TARTAN<br data-start=\"106\" data-end=\"109\" \/>1010222_1A07659_IT_2UK00<\/strong><\/p>\n<p data-start=\"137\" data-end=\"455\">Elegantn\u00fd kab\u00e1t od zna\u010dky <strong data-start=\"163\" data-end=\"174\">Versace<\/strong> sp\u00e1ja luxusn\u00e9 spracovanie s v\u00fdrazn\u00fdm m\u00f3dnym rukopisom. Model je vyhotoven\u00fd z kvalitnej <strong data-start=\"262\" data-end=\"276\">zmesy vlny<\/strong> a zaujme nad\u010dasov\u00fdm <strong data-start=\"297\" data-end=\"318\">tartanov\u00fdm vzorom<\/strong>, ktor\u00fd dod\u00e1va celku sofistikovan\u00fd a v\u00fdrazn\u00fd charakter. Ide o v\u00fdnimo\u010dn\u00fd vrchn\u00fd k\u00fasok, ktor\u00fd p\u00f4sob\u00ed exkluz\u00edvne, \u0161t\u00fdlovo a z\u00e1rove\u0148 moderne.<\/p>\n<p data-start=\"457\" data-end=\"746\">Pr\u00e9miov\u00fd materi\u00e1l s podielom vlny zabezpe\u010duje pr\u00edjemn\u00fd komfort pri nosen\u00ed a rob\u00ed z modelu ide\u00e1lnu vo\u013ebu na chladnej\u0161ie dni. V\u010faka v\u00fdrazn\u00e9mu dizajnu a ikonick\u00e9mu prevedeniu je tento kab\u00e1t vhodn\u00fd pre z\u00e1kazn\u00edka, ktor\u00fd h\u013ead\u00e1 luxusn\u00fd fashion k\u00fasok s nezamenite\u013enou estetikou zna\u010dky <strong data-start=\"734\" data-end=\"745\">Versace<\/strong>.<\/p>\n<p data-start=\"748\" data-end=\"770\"><strong data-start=\"748\" data-end=\"770\">Hlavn\u00e9 vlastnosti:<\/strong><\/p>\n<ul data-start=\"771\" data-end=\"973\">\n<li data-section-id=\"1w7of10\" data-start=\"771\" data-end=\"798\">luxusn\u00fd kab\u00e1t <strong data-start=\"787\" data-end=\"798\">Versace<\/strong><\/li>\n<li data-section-id=\"6akwnx\" data-start=\"799\" data-end=\"843\">kvalitn\u00e1 <strong data-start=\"810\" data-end=\"831\">double wool blend<\/strong> kon\u0161trukcia<\/li>\n<li data-section-id=\"81wwlw\" data-start=\"844\" data-end=\"869\">v\u00fdrazn\u00fd <strong data-start=\"854\" data-end=\"869\">tartan vzor<\/strong><\/li>\n<li data-section-id=\"10vn7l1\" data-start=\"870\" data-end=\"900\">elegantn\u00fd a nad\u010dasov\u00fd vzh\u013ead<\/li>\n<li data-section-id=\"6e57um\" data-start=\"901\" data-end=\"923\">pr\u00e9miov\u00e9 spracovanie<\/li>\n<li data-section-id=\"10nfpyj\" data-start=\"924\" data-end=\"973\">ide\u00e1lny na \u0161t\u00fdlov\u00e9 nosenie v chladnej\u0161om obdob\u00ed<\/li>\n<\/ul>\n","protected":false},"excerpt":{"rendered":"<p>Versace COAT \/ PEACOAT \/ CABAN \/ CAPE DOUBLE WOOL BLEND TARTAN1010222_1A07659_IT_2UK00 Elegantn\u00fd kab\u00e1t od zna\u010dky Versace sp\u00e1ja luxusn\u00e9 spracovanie<\/p>\n","protected":false},"featured_media":17945,"template":"","meta":[],"product_brand":[],"product_cat":[917],"product_tag":[],"class_list":{"0":"post-17943","1":"product","2":"type-product","3":"status-publish","4":"has-post-thumbnail","6":"product_cat-barbati-paltoane","7":"pa_farba-blue","9":"first","10":"instock","11":"sale","12":"taxable","13":"shipping-taxable","14":"purchasable","15":"product-type-variable","16":"has-default-attributes"},"_links":{"self":[{"href":"https:\/\/getlux.sk\/ro\/wp-json\/wp\/v2\/product\/17943","targetHints":{"allow":["GET"]}}],"collection":[{"href":"https:\/\/getlux.sk\/ro\/wp-json\/wp\/v2\/product"}],"about":[{"href":"https:\/\/getlux.sk\/ro\/wp-json\/wp\/v2\/types\/product"}],"wp:featuredmedia":[{"embeddable":true,"href":"https:\/\/getlux.sk\/ro\/wp-json\/wp\/v2\/media\/17945"}],"wp:attachment":[{"href":"https:\/\/getlux.sk\/ro\/wp-json\/wp\/v2\/media?parent=17943"}],"wp:term":[{"taxonomy":"product_brand","embeddable":true,"href":"https:\/\/getlux.sk\/ro\/wp-json\/wp\/v2\/product_brand?post=17943"},{"taxonomy":"product_cat","embeddable":true,"href":"https:\/\/getlux.sk\/ro\/wp-json\/wp\/v2\/product_cat?post=17943"},{"taxonomy":"product_tag","embeddable":true,"href":"https:\/\/getlux.sk\/ro\/wp-json\/wp\/v2\/product_tag?post=17943"}],"curies":[{"name":"wp","href":"https:\/\/api.w.org\/{rel}","templated":true}]}}