{"id":18215,"date":"2025-01-15T17:54:42","date_gmt":"2025-01-15T16:54:42","guid":{"rendered":"https:\/\/getlux.sk\/produkt\/harmont-blaine-kosela-dlhy-rukav\/"},"modified":"2025-01-15T17:54:42","modified_gmt":"2025-01-15T16:54:42","slug":"harmont-blaine-kosela-dlhy-rukav","status":"publish","type":"product","link":"https:\/\/getlux.sk\/ro\/produkt\/harmont-blaine-kosela-dlhy-rukav\/","title":{"rendered":"HARMONT &#038; BLAINE Ko\u0161e\u013ea Dlh\u00fd Ruk\u00e1v"},"content":{"rendered":"<p><span style=\"color: #000000; font-family: Arial; font-size: small;\">HARMONT &amp; BLAINE Ko\u0161e\u013ea Dlh\u00fd Ruk\u00e1v 8056722235840 XL<\/span><\/p>\n","protected":false},"excerpt":{"rendered":"<p>HARMONT &amp; BLAINE Ko\u0161e\u013ea Dlh\u00fd Ruk\u00e1v 8056722235840 XL<\/p>\n","protected":false},"featured_media":18217,"template":"","meta":[],"product_brand":[],"product_cat":[1048,1066],"product_tag":[],"class_list":{"0":"post-18215","1":"product","2":"type-product","3":"status-publish","4":"has-post-thumbnail","6":"product_cat-vanzare","7":"product_cat-barbati-vanzare","9":"first","10":"instock","11":"taxable","12":"shipping-taxable","13":"purchasable","14":"product-type-variable","15":"has-default-attributes"},"_links":{"self":[{"href":"https:\/\/getlux.sk\/ro\/wp-json\/wp\/v2\/product\/18215","targetHints":{"allow":["GET"]}}],"collection":[{"href":"https:\/\/getlux.sk\/ro\/wp-json\/wp\/v2\/product"}],"about":[{"href":"https:\/\/getlux.sk\/ro\/wp-json\/wp\/v2\/types\/product"}],"wp:featuredmedia":[{"embeddable":true,"href":"https:\/\/getlux.sk\/ro\/wp-json\/wp\/v2\/media\/18217"}],"wp:attachment":[{"href":"https:\/\/getlux.sk\/ro\/wp-json\/wp\/v2\/media?parent=18215"}],"wp:term":[{"taxonomy":"product_brand","embeddable":true,"href":"https:\/\/getlux.sk\/ro\/wp-json\/wp\/v2\/product_brand?post=18215"},{"taxonomy":"product_cat","embeddable":true,"href":"https:\/\/getlux.sk\/ro\/wp-json\/wp\/v2\/product_cat?post=18215"},{"taxonomy":"product_tag","embeddable":true,"href":"https:\/\/getlux.sk\/ro\/wp-json\/wp\/v2\/product_tag?post=18215"}],"curies":[{"name":"wp","href":"https:\/\/api.w.org\/{rel}","templated":true}]}}