{"id":19332,"date":"2024-10-24T11:24:05","date_gmt":"2024-10-24T09:24:05","guid":{"rendered":"https:\/\/getlux.sk\/produkt\/balmain-slnecne-okuliare\/"},"modified":"2024-10-24T11:24:05","modified_gmt":"2024-10-24T09:24:05","slug":"balmain-slnecne-okuliare","status":"publish","type":"product","link":"https:\/\/getlux.sk\/ro\/produkt\/balmain-slnecne-okuliare\/","title":{"rendered":"Balmain Slne\u010dn\u00e9 okuliare"},"content":{"rendered":"<p><span data-sheets-root=\"1\">BALMAIN BL2070B03 88285140471 Slne\u010dn\u00e9 okuliare z kolekcie Balmain. Model s tie\u0148ovan\u00fdm sklom a r\u00e1mom z plastu a kovu. Okuliare s filtrom UV 400.<br \/>\n&#8211; Tvar r\u00e1mu: ov\u00e1lny.<br \/>\n&#8211; Dod\u00e1vame s puzdrom na okuliare, prachove vrecko.<br \/>\n&#8211; \u0160\u00edrka okuliarov: 140 mm.<br \/>\n&#8211; \u0160\u00edrka o\u010dnice: 60 mm.<br \/>\n&#8211; V\u00fd\u0161ka \u0161o\u0161ovky: 60 mm.<br \/>\n&#8211; V\u00fd\u0161ka o\u010dnice: 65 mm.<\/span><\/p>\n<p>&nbsp;<\/p>\n","protected":false},"excerpt":{"rendered":"<p>BALMAIN BL2070B03 88285140471 Slne\u010dn\u00e9 okuliare z kolekcie Balmain. Model s tie\u0148ovan\u00fdm sklom a r\u00e1mom z plastu a kovu. Okuliare s<\/p>\n","protected":false},"featured_media":19334,"template":"","meta":[],"product_brand":[],"product_cat":[1088,816,1083,1094,835],"product_tag":[],"class_list":{"0":"post-19332","1":"product","2":"type-product","3":"status-publish","4":"has-post-thumbnail","6":"product_cat-femei-accesorii","7":"product_cat-accesorii","8":"product_cat-femei","9":"product_cat-femei-ochelari","10":"product_cat-accesorii-ochelari","12":"first","13":"outofstock","14":"taxable","15":"shipping-taxable","16":"purchasable","17":"product-type-simple"},"_links":{"self":[{"href":"https:\/\/getlux.sk\/ro\/wp-json\/wp\/v2\/product\/19332","targetHints":{"allow":["GET"]}}],"collection":[{"href":"https:\/\/getlux.sk\/ro\/wp-json\/wp\/v2\/product"}],"about":[{"href":"https:\/\/getlux.sk\/ro\/wp-json\/wp\/v2\/types\/product"}],"wp:featuredmedia":[{"embeddable":true,"href":"https:\/\/getlux.sk\/ro\/wp-json\/wp\/v2\/media\/19334"}],"wp:attachment":[{"href":"https:\/\/getlux.sk\/ro\/wp-json\/wp\/v2\/media?parent=19332"}],"wp:term":[{"taxonomy":"product_brand","embeddable":true,"href":"https:\/\/getlux.sk\/ro\/wp-json\/wp\/v2\/product_brand?post=19332"},{"taxonomy":"product_cat","embeddable":true,"href":"https:\/\/getlux.sk\/ro\/wp-json\/wp\/v2\/product_cat?post=19332"},{"taxonomy":"product_tag","embeddable":true,"href":"https:\/\/getlux.sk\/ro\/wp-json\/wp\/v2\/product_tag?post=19332"}],"curies":[{"name":"wp","href":"https:\/\/api.w.org\/{rel}","templated":true}]}}