{"id":23455,"date":"2024-08-12T21:24:39","date_gmt":"2024-08-12T19:24:39","guid":{"rendered":"https:\/\/getlux.sk\/produkt\/versace-safety-pin-brooch\/"},"modified":"2024-08-12T21:24:39","modified_gmt":"2024-08-12T19:24:39","slug":"versace-safety-pin-brooch","status":"publish","type":"product","link":"https:\/\/getlux.sk\/ro\/produkt\/versace-safety-pin-brooch\/","title":{"rendered":"Versace safety pin brooch"},"content":{"rendered":"<p>Versace safety pin brooch 7,5 cm<\/p>\n<p>T\u00e1to bro\u0161\u0148a Safety Pin, stmelen\u00fd symbol zna\u010dky, m\u00e1 v strede trojrozmern\u00fa La Medusu. V\u0161etky \u0161perky Versace neobsahuj\u00fa olovo a nikel. V\u0161etky materi\u00e1ly s\u00fa hypoalerg\u00e9nne.<\/p>\n<ul>\n<li>Vintage efekt<\/li>\n<li>Okr\u00fahly medail\u00f3n Med\u00faza<\/li>\n<li>100% kov<\/li>\n<li>Povrchov\u00e1 \u00faprava: Tribute Gold<\/li>\n<\/ul>\n","protected":false},"excerpt":{"rendered":"<p>Versace safety pin brooch 7,5 cm T\u00e1to bro\u0161\u0148a Safety Pin, stmelen\u00fd symbol zna\u010dky, m\u00e1 v strede trojrozmern\u00fa La Medusu. V\u0161etky<\/p>\n","protected":false},"featured_media":23456,"template":"","meta":[],"product_brand":[],"product_cat":[816,1088,850,1083],"product_tag":[2234],"class_list":{"0":"post-23455","1":"product","2":"type-product","3":"status-publish","4":"has-post-thumbnail","6":"product_cat-accesorii","7":"product_cat-femei-accesorii","8":"product_cat-bijuterii","9":"product_cat-femei","10":"product_tag-versace","12":"first","13":"instock","14":"sale","15":"taxable","16":"shipping-taxable","17":"purchasable","18":"product-type-simple"},"_links":{"self":[{"href":"https:\/\/getlux.sk\/ro\/wp-json\/wp\/v2\/product\/23455","targetHints":{"allow":["GET"]}}],"collection":[{"href":"https:\/\/getlux.sk\/ro\/wp-json\/wp\/v2\/product"}],"about":[{"href":"https:\/\/getlux.sk\/ro\/wp-json\/wp\/v2\/types\/product"}],"wp:featuredmedia":[{"embeddable":true,"href":"https:\/\/getlux.sk\/ro\/wp-json\/wp\/v2\/media\/23456"}],"wp:attachment":[{"href":"https:\/\/getlux.sk\/ro\/wp-json\/wp\/v2\/media?parent=23455"}],"wp:term":[{"taxonomy":"product_brand","embeddable":true,"href":"https:\/\/getlux.sk\/ro\/wp-json\/wp\/v2\/product_brand?post=23455"},{"taxonomy":"product_cat","embeddable":true,"href":"https:\/\/getlux.sk\/ro\/wp-json\/wp\/v2\/product_cat?post=23455"},{"taxonomy":"product_tag","embeddable":true,"href":"https:\/\/getlux.sk\/ro\/wp-json\/wp\/v2\/product_tag?post=23455"}],"curies":[{"name":"wp","href":"https:\/\/api.w.org\/{rel}","templated":true}]}}