{"id":27667,"date":"2024-04-29T17:36:23","date_gmt":"2024-04-29T15:36:23","guid":{"rendered":"https:\/\/getlux.sk\/produkt\/versace-backpac\/"},"modified":"2024-04-29T17:36:23","modified_gmt":"2024-04-29T15:36:23","slug":"versace-backpac","status":"publish","type":"product","link":"https:\/\/getlux.sk\/ro\/produkt\/versace-backpac\/","title":{"rendered":"Versace Backpac"},"content":{"rendered":"<p><span data-sheets-root=\"1\" data-sheets-value=\"{&quot;1&quot;:2,&quot;2&quot;:&quot;BACKPAC 1000733_1A0087__IT 5K00P 8052045273347&quot;}\" data-sheets-userformat=\"{&quot;2&quot;:8769,&quot;3&quot;:{&quot;1&quot;:0},&quot;9&quot;:0,&quot;12&quot;:0,&quot;16&quot;:10}\">Versace BACKPAC 1000733_1A0087__IT 5K00P 8052045273347\u00a0<\/span><\/p>\n<p><strong>Vyroben\u00e9 v<\/strong>\u00a0Taliansku<b><\/b><\/p>\n<p><b>Rozmery:\u00a0<\/b>\u00a0\u0160 35 x V 40 x H 20 cm<\/p>\n<p><b>Materi\u00e1l:\u00a0<\/b>\u00a0nylon<\/p>\n<p><b>Farba:<\/b>\u00a0Camo Paisley<\/p>\n<p><b>Vn\u00fatorn\u00e9 priehradky:\u00a0\u00a0<\/b>2 vn\u00fatorn\u00e9 vreck\u00e1, 3 vonkaj\u0161ie vreck\u00e1 na zips<\/p>\n","protected":false},"excerpt":{"rendered":"<p>Versace BACKPAC 1000733_1A0087__IT 5K00P 8052045273347\u00a0 Vyroben\u00e9 v\u00a0Taliansku Rozmery:\u00a0\u00a0\u0160 35 x V 40 x H 20 cm Materi\u00e1l:\u00a0\u00a0nylon Farba:\u00a0Camo Paisley Vn\u00fatorn\u00e9<\/p>\n","protected":false},"featured_media":27668,"template":"","meta":[],"product_brand":[],"product_cat":[870,816,861,884,1112],"product_tag":[2234],"class_list":{"0":"post-27667","1":"product","2":"type-product","3":"status-publish","4":"has-post-thumbnail","6":"product_cat-barbati-accesorii","7":"product_cat-accesorii","8":"product_cat-barbati","9":"product_cat-barbati-rucsacuri","10":"product_cat-femei-rucsacuri","11":"product_tag-versace","13":"first","14":"instock","15":"sale","16":"taxable","17":"shipping-taxable","18":"purchasable","19":"product-type-simple"},"_links":{"self":[{"href":"https:\/\/getlux.sk\/ro\/wp-json\/wp\/v2\/product\/27667","targetHints":{"allow":["GET"]}}],"collection":[{"href":"https:\/\/getlux.sk\/ro\/wp-json\/wp\/v2\/product"}],"about":[{"href":"https:\/\/getlux.sk\/ro\/wp-json\/wp\/v2\/types\/product"}],"wp:featuredmedia":[{"embeddable":true,"href":"https:\/\/getlux.sk\/ro\/wp-json\/wp\/v2\/media\/27668"}],"wp:attachment":[{"href":"https:\/\/getlux.sk\/ro\/wp-json\/wp\/v2\/media?parent=27667"}],"wp:term":[{"taxonomy":"product_brand","embeddable":true,"href":"https:\/\/getlux.sk\/ro\/wp-json\/wp\/v2\/product_brand?post=27667"},{"taxonomy":"product_cat","embeddable":true,"href":"https:\/\/getlux.sk\/ro\/wp-json\/wp\/v2\/product_cat?post=27667"},{"taxonomy":"product_tag","embeddable":true,"href":"https:\/\/getlux.sk\/ro\/wp-json\/wp\/v2\/product_tag?post=27667"}],"curies":[{"name":"wp","href":"https:\/\/api.w.org\/{rel}","templated":true}]}}