{"id":29453,"date":"2026-03-09T18:46:30","date_gmt":"2026-03-09T17:46:30","guid":{"rendered":"https:\/\/getlux.sk\/?post_type=product&#038;p=29453"},"modified":"2026-03-11T22:48:41","modified_gmt":"2026-03-11T21:48:41","slug":"philipp-plein-teddy-bear-backpack-crystal-rhinestone-version","status":"publish","type":"product","link":"https:\/\/getlux.sk\/ro\/produkt\/philipp-plein-teddy-bear-backpack-crystal-rhinestone-version\/","title":{"rendered":"Philipp Plein Teddy Bear Backpack (Crystal \/ Rhinestone version)"},"content":{"rendered":"<p data-start=\"318\" data-end=\"344\">Philipp Plein Teddy Bear Backpack (Crystal \/ Rhinestone version)<\/p>\n<p data-start=\"318\" data-end=\"344\">tvar <strong data-start=\"323\" data-end=\"344\">ply\u0161ov\u00e9ho medve\u010fa<\/strong><\/p>\n<p data-start=\"347\" data-end=\"381\"><strong data-start=\"347\" data-end=\"381\">ko\u017een\u00fd alebo eko-ko\u017een\u00fd povrch<\/strong><\/p>\n<p data-start=\"384\" data-end=\"416\">ve\u013ea <strong data-start=\"389\" data-end=\"416\">kry\u0161t\u00e1lov \/ rhinestones<\/strong><\/p>\n<p data-start=\"419\" data-end=\"455\">na bruchu <strong data-start=\"429\" data-end=\"455\">PP logo v osemuholn\u00edku<\/strong><\/p>\n<p data-start=\"458\" data-end=\"506\">\u010dasto m\u00e1 <strong data-start=\"467\" data-end=\"506\">semi\u0161ov\u00fa alebo vel\u00farov\u00fa predn\u00fa \u010das\u0165<\/strong><\/p>\n<p>Z\u013eava Sekund\u00e1rny predaj \u00a0Tovar Druh\u00e1 \u0160anca<\/p>\n","protected":false},"excerpt":{"rendered":"<p>Philipp Plein Teddy Bear Backpack (Crystal \/ Rhinestone version) tvar ply\u0161ov\u00e9ho medve\u010fa ko\u017een\u00fd alebo eko-ko\u017een\u00fd povrch ve\u013ea kry\u0161t\u00e1lov \/ rhinestones<\/p>\n","protected":false},"featured_media":29454,"template":"","meta":[],"product_brand":[2592],"product_cat":[193,194],"product_tag":[],"class_list":{"0":"post-29453","1":"product","2":"type-product","3":"status-publish","4":"has-post-thumbnail","6":"product_brand-philipp-plein","7":"product_cat-muzi-ruksaky","8":"product_cat-zeny-ruksaky","9":"pa_farba-black","10":"pa_velkost-uni","12":"first","13":"instock","14":"taxable","15":"shipping-taxable","16":"purchasable","17":"product-type-simple"},"_links":{"self":[{"href":"https:\/\/getlux.sk\/ro\/wp-json\/wp\/v2\/product\/29453","targetHints":{"allow":["GET"]}}],"collection":[{"href":"https:\/\/getlux.sk\/ro\/wp-json\/wp\/v2\/product"}],"about":[{"href":"https:\/\/getlux.sk\/ro\/wp-json\/wp\/v2\/types\/product"}],"wp:featuredmedia":[{"embeddable":true,"href":"https:\/\/getlux.sk\/ro\/wp-json\/wp\/v2\/media\/29454"}],"wp:attachment":[{"href":"https:\/\/getlux.sk\/ro\/wp-json\/wp\/v2\/media?parent=29453"}],"wp:term":[{"taxonomy":"product_brand","embeddable":true,"href":"https:\/\/getlux.sk\/ro\/wp-json\/wp\/v2\/product_brand?post=29453"},{"taxonomy":"product_cat","embeddable":true,"href":"https:\/\/getlux.sk\/ro\/wp-json\/wp\/v2\/product_cat?post=29453"},{"taxonomy":"product_tag","embeddable":true,"href":"https:\/\/getlux.sk\/ro\/wp-json\/wp\/v2\/product_tag?post=29453"}],"curies":[{"name":"wp","href":"https:\/\/api.w.org\/{rel}","templated":true}]}}