{"id":30433,"date":"2026-04-28T00:12:22","date_gmt":"2026-04-27T22:12:22","guid":{"rendered":"https:\/\/getlux.sk\/?post_type=product&#038;p=30433"},"modified":"2026-04-28T12:58:51","modified_gmt":"2026-04-28T10:58:51","slug":"greca-goddess-mini-bag-in-quilted-lamb-leather-strass-2","status":"publish","type":"product","link":"https:\/\/getlux.sk\/ro\/produkt\/greca-goddess-mini-bag-in-quilted-lamb-leather-strass-2\/","title":{"rendered":"Greca Goddess Mini Bag In Quilted Lamb Leather-Strass"},"content":{"rendered":"<p><strong>Greca Goddess Mini Bag In Quilted Lamb Leather-Strass<\/strong> je luxusn\u00fd produkt zna\u010dky Versace.<\/p>\n<ul>\n<li>Zna\u010dka: Versace<\/li>\n<li>Ve\u013ekos\u0165: Uni<\/li>\n<li>Materi\u00e1l: pre\u0161\u00edvan\u00e1 jah\u0148acia ko\u017ea so \u0161trasom, pre\u0161\u00edvan\u00e1 jah\u0148acia ko\u017ea, jah\u0148acia ko\u017ea<\/li>\n<li>Rozmery: 21 x 4,5 x 10 cm<\/li>\n<li>Dostupnos\u0165: skladom pod\u013ea aktu\u00e1lnej ponuky<\/li>\n<\/ul>\n<p>Cena je uveden\u00e1 vr\u00e1tane DPH.<\/p>\n","protected":false},"excerpt":{"rendered":"<p>Greca Goddess Mini Bag In Quilted Lamb Leather-Strass \u2013 luxusn\u00fd produkt zna\u010dky Versace. Materi\u00e1l: pre\u0161\u00edvan\u00e1 jah\u0148acia ko\u017ea so \u0161trasom, pre\u0161\u00edvan\u00e1 jah\u0148acia ko\u017ea, jah\u0148acia ko\u017ea. Rozmery: 21 x 4,5 x 10 cm.<\/p>\n","protected":false},"featured_media":30977,"template":"","meta":[],"product_brand":[499],"product_cat":[2553],"product_tag":[],"class_list":{"0":"post-30433","1":"product","2":"type-product","3":"status-publish","4":"has-post-thumbnail","6":"product_brand-znacky-versace","7":"product_cat-ramenne-a-krizove","8":"pa_velkost-uni","10":"first","11":"instock","12":"taxable","13":"shipping-taxable","14":"purchasable","15":"product-type-simple"},"_links":{"self":[{"href":"https:\/\/getlux.sk\/ro\/wp-json\/wp\/v2\/product\/30433","targetHints":{"allow":["GET"]}}],"collection":[{"href":"https:\/\/getlux.sk\/ro\/wp-json\/wp\/v2\/product"}],"about":[{"href":"https:\/\/getlux.sk\/ro\/wp-json\/wp\/v2\/types\/product"}],"wp:featuredmedia":[{"embeddable":true,"href":"https:\/\/getlux.sk\/ro\/wp-json\/wp\/v2\/media\/30977"}],"wp:attachment":[{"href":"https:\/\/getlux.sk\/ro\/wp-json\/wp\/v2\/media?parent=30433"}],"wp:term":[{"taxonomy":"product_brand","embeddable":true,"href":"https:\/\/getlux.sk\/ro\/wp-json\/wp\/v2\/product_brand?post=30433"},{"taxonomy":"product_cat","embeddable":true,"href":"https:\/\/getlux.sk\/ro\/wp-json\/wp\/v2\/product_cat?post=30433"},{"taxonomy":"product_tag","embeddable":true,"href":"https:\/\/getlux.sk\/ro\/wp-json\/wp\/v2\/product_tag?post=30433"}],"curies":[{"name":"wp","href":"https:\/\/api.w.org\/{rel}","templated":true}]}}