{"id":30648,"date":"2026-04-28T00:49:47","date_gmt":"2026-04-27T22:49:47","guid":{"rendered":"https:\/\/getlux.sk\/?post_type=product&#038;p=30648"},"modified":"2026-04-28T00:49:48","modified_gmt":"2026-04-27T22:49:48","slug":"medusa-95-mini-tote-in-lamb-leather-studs","status":"publish","type":"product","link":"https:\/\/getlux.sk\/ro\/produkt\/medusa-95-mini-tote-in-lamb-leather-studs\/","title":{"rendered":"Medusa 95 Mini Tote In Lamb Leather-Studs"},"content":{"rendered":"<p><strong>Medusa 95 Mini Tote In Lamb Leather-Studs<\/strong> je luxusn\u00fd produkt zna\u010dky Versace.<\/p>\n<ul>\n<li>Zna\u010dka: Versace<\/li>\n<li>Farba: Black<\/li>\n<li>Ve\u013ekos\u0165: Uni<\/li>\n<li>Materi\u00e1l: jah\u0148acia ko\u017ea<\/li>\n<li>Rozmery: 23 x 8 x 14 cm<\/li>\n<li>Dostupnos\u0165: skladom pod\u013ea aktu\u00e1lnej ponuky<\/li>\n<\/ul>\n<p>Cena je uveden\u00e1 vr\u00e1tane DPH.<\/p>\n","protected":false},"excerpt":{"rendered":"<p>Medusa 95 Mini Tote In Lamb Leather-Studs \u2013 luxusn\u00fd produkt zna\u010dky Versace. Materi\u00e1l: jah\u0148acia ko\u017ea. Rozmery: 23 x 8 x 14 cm.<\/p>\n","protected":false},"featured_media":30671,"template":"","meta":[],"product_brand":[499],"product_cat":[2551],"product_tag":[],"class_list":{"0":"post-30648","1":"product","2":"type-product","3":"status-publish","4":"has-post-thumbnail","6":"product_brand-znacky-versace","7":"product_cat-tasky","8":"pa_farba-black","9":"pa_velkost-uni","11":"first","12":"instock","13":"taxable","14":"shipping-taxable","15":"purchasable","16":"product-type-simple"},"_links":{"self":[{"href":"https:\/\/getlux.sk\/ro\/wp-json\/wp\/v2\/product\/30648","targetHints":{"allow":["GET"]}}],"collection":[{"href":"https:\/\/getlux.sk\/ro\/wp-json\/wp\/v2\/product"}],"about":[{"href":"https:\/\/getlux.sk\/ro\/wp-json\/wp\/v2\/types\/product"}],"wp:featuredmedia":[{"embeddable":true,"href":"https:\/\/getlux.sk\/ro\/wp-json\/wp\/v2\/media\/30671"}],"wp:attachment":[{"href":"https:\/\/getlux.sk\/ro\/wp-json\/wp\/v2\/media?parent=30648"}],"wp:term":[{"taxonomy":"product_brand","embeddable":true,"href":"https:\/\/getlux.sk\/ro\/wp-json\/wp\/v2\/product_brand?post=30648"},{"taxonomy":"product_cat","embeddable":true,"href":"https:\/\/getlux.sk\/ro\/wp-json\/wp\/v2\/product_cat?post=30648"},{"taxonomy":"product_tag","embeddable":true,"href":"https:\/\/getlux.sk\/ro\/wp-json\/wp\/v2\/product_tag?post=30648"}],"curies":[{"name":"wp","href":"https:\/\/api.w.org\/{rel}","templated":true}]}}