{"id":30811,"date":"2026-04-29T11:39:54","date_gmt":"2026-04-29T09:39:54","guid":{"rendered":"https:\/\/getlux.sk\/?post_type=product&#038;p=30811"},"modified":"2026-04-29T19:19:01","modified_gmt":"2026-04-29T17:19:01","slug":"icon-messenger-in-grainy-calf-leather","status":"publish","type":"product","link":"https:\/\/getlux.sk\/ro\/produkt\/icon-messenger-in-grainy-calf-leather\/","title":{"rendered":"Icon Messenger In Grainy Calf Leather"},"content":{"rendered":"<p><strong>Icon Messenger In Grainy Calf Leather<\/strong> je luxusn\u00fd produkt zna\u010dky Versace.<\/p>\n<ul>\n<li>Zna\u010dka: Versace<\/li>\n<li>Farba: White<\/li>\n<li>Ve\u013ekos\u0165: Uni<\/li>\n<li>Materi\u00e1l: zrnit\u00e1 te\u013eacia ko\u017ea, te\u013eacia ko\u017ea<\/li>\n<li>Rozmery: 16 x 5 x 20 cm<\/li>\n<li>Dostupnos\u0165: skladom pod\u013ea aktu\u00e1lnej ponuky<\/li>\n<\/ul>\n<p>Cena je uveden\u00e1 vr\u00e1tane DPH.<\/p>\n","protected":false},"excerpt":{"rendered":"<p>Icon Messenger In Grainy Calf Leather \u2013 luxusn\u00fd produkt zna\u010dky Versace. Materi\u00e1l: zrnit\u00e1 te\u013eacia ko\u017ea, te\u013eacia ko\u017ea. Rozmery: 16 x 5 x 20 cm.<\/p>\n","protected":false},"featured_media":31179,"template":"","meta":[],"product_brand":[499],"product_cat":[192],"product_tag":[],"class_list":{"0":"post-30811","1":"product","2":"type-product","3":"status-publish","4":"has-post-thumbnail","6":"product_brand-znacky-versace","7":"product_cat-muzi-tasky","8":"pa_farba-white","10":"pa_velkost-uni","13":"first","14":"instock","15":"taxable","16":"shipping-taxable","17":"purchasable","18":"product-type-simple"},"_links":{"self":[{"href":"https:\/\/getlux.sk\/ro\/wp-json\/wp\/v2\/product\/30811","targetHints":{"allow":["GET"]}}],"collection":[{"href":"https:\/\/getlux.sk\/ro\/wp-json\/wp\/v2\/product"}],"about":[{"href":"https:\/\/getlux.sk\/ro\/wp-json\/wp\/v2\/types\/product"}],"wp:featuredmedia":[{"embeddable":true,"href":"https:\/\/getlux.sk\/ro\/wp-json\/wp\/v2\/media\/31179"}],"wp:attachment":[{"href":"https:\/\/getlux.sk\/ro\/wp-json\/wp\/v2\/media?parent=30811"}],"wp:term":[{"taxonomy":"product_brand","embeddable":true,"href":"https:\/\/getlux.sk\/ro\/wp-json\/wp\/v2\/product_brand?post=30811"},{"taxonomy":"product_cat","embeddable":true,"href":"https:\/\/getlux.sk\/ro\/wp-json\/wp\/v2\/product_cat?post=30811"},{"taxonomy":"product_tag","embeddable":true,"href":"https:\/\/getlux.sk\/ro\/wp-json\/wp\/v2\/product_tag?post=30811"}],"curies":[{"name":"wp","href":"https:\/\/api.w.org\/{rel}","templated":true}]}}