{"id":31050,"date":"2026-04-29T18:27:24","date_gmt":"2026-04-29T16:27:24","guid":{"rendered":"https:\/\/getlux.sk\/?post_type=product&#038;p=31050"},"modified":"2026-04-29T18:38:23","modified_gmt":"2026-04-29T16:38:23","slug":"la-medusa-reversible-belt-4-cm-in-calf-leather","status":"publish","type":"product","link":"https:\/\/getlux.sk\/ro\/produkt\/la-medusa-reversible-belt-4-cm-in-calf-leather\/","title":{"rendered":"La Medusa Reversible Belt 4 Cm In Calf Leather"},"content":{"rendered":"<p><strong>La Medusa Reversible Belt 4 Cm In Calf Leather<\/strong> je luxusn\u00fd produkt zna\u010dky Versace.<\/p>\n<ul>\n<li>Zna\u010dka: Versace<\/li>\n<li>Farba: Black<\/li>\n<li>Ve\u013ekos\u0165: 100, 105, 110, 115, 120<\/li>\n<li>Materi\u00e1l: te\u013eacia ko\u017ea<\/li>\n<li>Dostupnos\u0165: skladom pod\u013ea aktu\u00e1lnej ponuky<\/li>\n<\/ul>\n<p>Cena je uveden\u00e1 vr\u00e1tane DPH.<\/p>\n","protected":false},"excerpt":{"rendered":"<p>La Medusa Reversible Belt 4 Cm In Calf Leather \u2013 luxusn\u00fd produkt zna\u010dky Versace. Materi\u00e1l: te\u013eacia ko\u017ea.<\/p>\n","protected":false},"featured_media":31075,"template":"","meta":[],"product_brand":[499],"product_cat":[224],"product_tag":[],"class_list":{"0":"post-31050","1":"product","2":"type-product","3":"status-publish","4":"has-post-thumbnail","6":"product_brand-znacky-versace","7":"product_cat-muzi-opasky","8":"pa_farba-black","9":"pa_velkost-2859","10":"pa_velkost-2860","11":"pa_velkost-2861","12":"pa_velkost-2862","13":"pa_velkost-2863","15":"first","16":"instock","17":"taxable","18":"shipping-taxable","19":"purchasable","20":"product-type-variable"},"_links":{"self":[{"href":"https:\/\/getlux.sk\/ro\/wp-json\/wp\/v2\/product\/31050","targetHints":{"allow":["GET"]}}],"collection":[{"href":"https:\/\/getlux.sk\/ro\/wp-json\/wp\/v2\/product"}],"about":[{"href":"https:\/\/getlux.sk\/ro\/wp-json\/wp\/v2\/types\/product"}],"wp:featuredmedia":[{"embeddable":true,"href":"https:\/\/getlux.sk\/ro\/wp-json\/wp\/v2\/media\/31075"}],"wp:attachment":[{"href":"https:\/\/getlux.sk\/ro\/wp-json\/wp\/v2\/media?parent=31050"}],"wp:term":[{"taxonomy":"product_brand","embeddable":true,"href":"https:\/\/getlux.sk\/ro\/wp-json\/wp\/v2\/product_brand?post=31050"},{"taxonomy":"product_cat","embeddable":true,"href":"https:\/\/getlux.sk\/ro\/wp-json\/wp\/v2\/product_cat?post=31050"},{"taxonomy":"product_tag","embeddable":true,"href":"https:\/\/getlux.sk\/ro\/wp-json\/wp\/v2\/product_tag?post=31050"}],"curies":[{"name":"wp","href":"https:\/\/api.w.org\/{rel}","templated":true}]}}