{"id":31274,"date":"2026-04-29T22:20:07","date_gmt":"2026-04-29T20:20:07","guid":{"rendered":"https:\/\/getlux.sk\/?post_type=product&#038;p=31274"},"modified":"2026-05-11T10:13:06","modified_gmt":"2026-05-11T08:13:06","slug":"versace-tank-loafer-in-calf-leather","status":"publish","type":"product","link":"https:\/\/getlux.sk\/ro\/produkt\/versace-tank-loafer-in-calf-leather\/","title":{"rendered":"Loafer In Calf Leather"},"content":{"rendered":"<p><strong>Loafer In Calf Leather<\/strong> je luxusn\u00fd produkt zna\u010dky Versace.<\/p>\n<ul>\n<li>Zna\u010dka: Versace<\/li>\n<li>Farba: Black-Palladium<\/li>\n<li>Materi\u00e1l: te\u013eacia ko\u017ea<\/li>\n<li>Dostupnos\u0165: skladom pod\u013ea aktu\u00e1lnej ponuky<\/li>\n<\/ul>\n<p>Cena je uveden\u00e1 vr\u00e1tane DPH.<\/p>\n","protected":false},"excerpt":{"rendered":"<p>Loafer In Calf Leather \u2013 luxusn\u00fd produkt zna\u010dky Versace. Materi\u00e1l: te\u013eacia ko\u017ea.<\/p>\n","protected":false},"featured_media":37670,"template":"","meta":[],"product_brand":[499],"product_cat":[222],"product_tag":[],"class_list":{"0":"post-31274","1":"product","2":"type-product","3":"status-publish","4":"has-post-thumbnail","6":"product_brand-znacky-versace","7":"product_cat-muzi-topanky","8":"pa_farba-black-palladium","9":"pa_velkost-63","10":"pa_velkost-51","11":"pa_velkost-76","12":"pa_velkost-48","13":"pa_velkost-74","14":"pa_velkost-88","15":"pa_velkost-75","16":"pa_velkost-59","17":"pa_velkost-171","19":"first","20":"instock","21":"taxable","22":"shipping-taxable","23":"purchasable","24":"product-type-variable"},"_links":{"self":[{"href":"https:\/\/getlux.sk\/ro\/wp-json\/wp\/v2\/product\/31274","targetHints":{"allow":["GET"]}}],"collection":[{"href":"https:\/\/getlux.sk\/ro\/wp-json\/wp\/v2\/product"}],"about":[{"href":"https:\/\/getlux.sk\/ro\/wp-json\/wp\/v2\/types\/product"}],"wp:featuredmedia":[{"embeddable":true,"href":"https:\/\/getlux.sk\/ro\/wp-json\/wp\/v2\/media\/37670"}],"wp:attachment":[{"href":"https:\/\/getlux.sk\/ro\/wp-json\/wp\/v2\/media?parent=31274"}],"wp:term":[{"taxonomy":"product_brand","embeddable":true,"href":"https:\/\/getlux.sk\/ro\/wp-json\/wp\/v2\/product_brand?post=31274"},{"taxonomy":"product_cat","embeddable":true,"href":"https:\/\/getlux.sk\/ro\/wp-json\/wp\/v2\/product_cat?post=31274"},{"taxonomy":"product_tag","embeddable":true,"href":"https:\/\/getlux.sk\/ro\/wp-json\/wp\/v2\/product_tag?post=31274"}],"curies":[{"name":"wp","href":"https:\/\/api.w.org\/{rel}","templated":true}]}}