{"id":34158,"date":"2026-05-08T10:20:38","date_gmt":"2026-05-08T08:20:38","guid":{"rendered":"https:\/\/getlux.sk\/?post_type=product&#038;p=34158"},"modified":"2026-05-11T10:58:44","modified_gmt":"2026-05-11T08:58:44","slug":"alia-mule-in-satin","status":"publish","type":"product","link":"https:\/\/getlux.sk\/ro\/produkt\/alia-mule-in-satin\/","title":{"rendered":"Sandal In Suede-Enamel Hw"},"content":{"rendered":"<p><strong>Sandal In Suede-Enamel Hw<\/strong> je luxusn\u00fd produkt zna\u010dky Versace.<\/p>\n<ul>\n<li>Zna\u010dka: Versace<\/li>\n<li>Farba: Rust-Versace Gold<\/li>\n<li>Dostupnos\u0165: skladom pod\u013ea aktu\u00e1lnej ponuky<\/li>\n<\/ul>\n<p>Cena je uveden\u00e1 vr\u00e1tane DPH.<\/p>\n","protected":false},"excerpt":{"rendered":"<p>Sandal In Suede-Enamel Hw \u2013 luxusn\u00fd produkt zna\u010dky Versace.<\/p>\n","protected":false},"featured_media":37804,"template":"","meta":[],"product_brand":[499],"product_cat":[188],"product_tag":[],"class_list":{"0":"post-34158","1":"product","2":"type-product","3":"status-publish","4":"has-post-thumbnail","6":"product_brand-znacky-versace","7":"product_cat-muzi-slapky","8":"pa_farba-rust-versace-gold","9":"pa_velkost-159","10":"pa_velkost-67","11":"pa_velkost-68","12":"pa_velkost-69","13":"pa_velkost-63","14":"pa_velkost-51","15":"pa_velkost-76","16":"pa_velkost-48","17":"pa_velkost-75","19":"first","20":"instock","21":"taxable","22":"shipping-taxable","23":"purchasable","24":"product-type-variable"},"_links":{"self":[{"href":"https:\/\/getlux.sk\/ro\/wp-json\/wp\/v2\/product\/34158","targetHints":{"allow":["GET"]}}],"collection":[{"href":"https:\/\/getlux.sk\/ro\/wp-json\/wp\/v2\/product"}],"about":[{"href":"https:\/\/getlux.sk\/ro\/wp-json\/wp\/v2\/types\/product"}],"wp:featuredmedia":[{"embeddable":true,"href":"https:\/\/getlux.sk\/ro\/wp-json\/wp\/v2\/media\/37804"}],"wp:attachment":[{"href":"https:\/\/getlux.sk\/ro\/wp-json\/wp\/v2\/media?parent=34158"}],"wp:term":[{"taxonomy":"product_brand","embeddable":true,"href":"https:\/\/getlux.sk\/ro\/wp-json\/wp\/v2\/product_brand?post=34158"},{"taxonomy":"product_cat","embeddable":true,"href":"https:\/\/getlux.sk\/ro\/wp-json\/wp\/v2\/product_cat?post=34158"},{"taxonomy":"product_tag","embeddable":true,"href":"https:\/\/getlux.sk\/ro\/wp-json\/wp\/v2\/product_tag?post=34158"}],"curies":[{"name":"wp","href":"https:\/\/api.w.org\/{rel}","templated":true}]}}