{"id":34245,"date":"2026-05-08T10:20:37","date_gmt":"2026-05-08T08:20:37","guid":{"rendered":"https:\/\/getlux.sk\/?post_type=product&#038;p=34245"},"modified":"2026-05-11T11:02:45","modified_gmt":"2026-05-11T09:02:45","slug":"informal-shirt-in-barocco-palm-print-silk-fabric-6","status":"publish","type":"product","link":"https:\/\/getlux.sk\/ro\/produkt\/informal-shirt-in-barocco-palm-print-silk-fabric-6\/","title":{"rendered":"Informal Shirt In Barocco Palm Print Silk Fabric"},"content":{"rendered":"<p><strong>Informal Shirt In Barocco Palm Print Silk Fabric<\/strong> je luxusn\u00fd produkt zna\u010dky Versace.<\/p>\n<ul>\n<li>Zna\u010dka: Versace<\/li>\n<li>Farba: Black-Stone Blue-Gold<\/li>\n<li>Materi\u00e1l: textil<\/li>\n<li>Dostupnos\u0165: skladom pod\u013ea aktu\u00e1lnej ponuky<\/li>\n<\/ul>\n<p>Cena je uveden\u00e1 vr\u00e1tane DPH.<\/p>\n","protected":false},"excerpt":{"rendered":"<p>Informal Shirt In Barocco Palm Print Silk Fabric \u2013 luxusn\u00fd produkt zna\u010dky Versace. Materi\u00e1l: textil.<\/p>\n","protected":false},"featured_media":35095,"template":"","meta":[],"product_brand":[499],"product_cat":[214],"product_tag":[],"class_list":{"0":"post-34245","1":"product","2":"type-product","3":"status-publish","4":"has-post-thumbnail","6":"product_brand-znacky-versace","7":"product_cat-muzi-kosele","8":"pa_farba-black-stone-blue-gold","9":"pa_velkost-59","10":"pa_velkost-61","11":"pa_velkost-122","12":"pa_velkost-101","13":"pa_velkost-102","14":"pa_velkost-123","15":"pa_velkost-2478","16":"pa_velkost-2398","18":"first","19":"instock","20":"taxable","21":"shipping-taxable","22":"purchasable","23":"product-type-variable"},"_links":{"self":[{"href":"https:\/\/getlux.sk\/ro\/wp-json\/wp\/v2\/product\/34245","targetHints":{"allow":["GET"]}}],"collection":[{"href":"https:\/\/getlux.sk\/ro\/wp-json\/wp\/v2\/product"}],"about":[{"href":"https:\/\/getlux.sk\/ro\/wp-json\/wp\/v2\/types\/product"}],"wp:featuredmedia":[{"embeddable":true,"href":"https:\/\/getlux.sk\/ro\/wp-json\/wp\/v2\/media\/35095"}],"wp:attachment":[{"href":"https:\/\/getlux.sk\/ro\/wp-json\/wp\/v2\/media?parent=34245"}],"wp:term":[{"taxonomy":"product_brand","embeddable":true,"href":"https:\/\/getlux.sk\/ro\/wp-json\/wp\/v2\/product_brand?post=34245"},{"taxonomy":"product_cat","embeddable":true,"href":"https:\/\/getlux.sk\/ro\/wp-json\/wp\/v2\/product_cat?post=34245"},{"taxonomy":"product_tag","embeddable":true,"href":"https:\/\/getlux.sk\/ro\/wp-json\/wp\/v2\/product_tag?post=34245"}],"curies":[{"name":"wp","href":"https:\/\/api.w.org\/{rel}","templated":true}]}}