{"id":4904,"date":"2024-05-22T11:13:53","date_gmt":"2024-05-22T09:13:53","guid":{"rendered":"https:\/\/getlux.sk\/?post_type=product&#038;p=4904"},"modified":"2026-02-09T21:13:44","modified_gmt":"2026-02-09T20:13:44","slug":"gant-kosela-dlhy-rukav","status":"publish","type":"product","link":"https:\/\/getlux.sk\/ro\/produkt\/gant-kosela-dlhy-rukav\/","title":{"rendered":"GANT Ko\u0161e\u013ea Dlh\u00fd Ruk\u00e1v"},"content":{"rendered":"<p>GANT Ko\u0161e\u013ea Dlh\u00fd Ruk\u00e1v_7325702485577 2XL<\/p>\n","protected":false},"excerpt":{"rendered":"<p>GANT Ko\u0161e\u013ea Dlh\u00fd Ruk\u00e1v_7325702485577 2XL<\/p>\n","protected":false},"featured_media":4908,"template":"","meta":[],"product_brand":[575],"product_cat":[214,16,195],"product_tag":[],"class_list":{"0":"post-4904","1":"product","2":"type-product","3":"status-publish","4":"has-post-thumbnail","6":"product_brand-znacky-gant","7":"product_cat-muzi-kosele","8":"product_cat-muzi","9":"product_cat-muzi-oblecenie","11":"first","12":"instock","13":"taxable","14":"shipping-taxable","15":"purchasable","16":"product-type-variable"},"_links":{"self":[{"href":"https:\/\/getlux.sk\/ro\/wp-json\/wp\/v2\/product\/4904","targetHints":{"allow":["GET"]}}],"collection":[{"href":"https:\/\/getlux.sk\/ro\/wp-json\/wp\/v2\/product"}],"about":[{"href":"https:\/\/getlux.sk\/ro\/wp-json\/wp\/v2\/types\/product"}],"wp:featuredmedia":[{"embeddable":true,"href":"https:\/\/getlux.sk\/ro\/wp-json\/wp\/v2\/media\/4908"}],"wp:attachment":[{"href":"https:\/\/getlux.sk\/ro\/wp-json\/wp\/v2\/media?parent=4904"}],"wp:term":[{"taxonomy":"product_brand","embeddable":true,"href":"https:\/\/getlux.sk\/ro\/wp-json\/wp\/v2\/product_brand?post=4904"},{"taxonomy":"product_cat","embeddable":true,"href":"https:\/\/getlux.sk\/ro\/wp-json\/wp\/v2\/product_cat?post=4904"},{"taxonomy":"product_tag","embeddable":true,"href":"https:\/\/getlux.sk\/ro\/wp-json\/wp\/v2\/product_tag?post=4904"}],"curies":[{"name":"wp","href":"https:\/\/api.w.org\/{rel}","templated":true}]}}